{"id":9,"date":"2019-12-16T16:27:54","date_gmt":"2019-12-16T16:27:54","guid":{"rendered":"https:\/\/stem.uy\/index.php\/my-account\/"},"modified":"2021-05-05T13:23:47","modified_gmt":"2021-05-05T16:23:47","slug":"my-account","status":"publish","type":"page","link":"https:\/\/stem.uy\/index.php\/my-account\/","title":{"rendered":"Mi Cuenta"},"content":{"rendered":"<div class=\"woocommerce\"><\/div>\n","protected":false},"excerpt":{"rendered":"","protected":false},"author":1,"featured_media":0,"parent":0,"menu_order":0,"comment_status":"closed","ping_status":"closed","template":"","meta":{"footnotes":""},"class_list":["post-9","page","type-page","status-publish","hentry"],"yoast_head":"<!-- This site is optimized with the Yoast SEO plugin v24.9 - https:\/\/yoast.com\/wordpress\/plugins\/seo\/ -->\n<title>Mi Cuenta - Ciencia, Tecnolog\u00eda, Ingenier\u00eda &amp; Matem\u00e1ticas | Stem.uy<\/title>\n<meta name=\"robots\" content=\"index, follow, max-snippet:-1, max-image-preview:large, max-video-preview:-1\" \/>\n<link rel=\"canonical\" href=\"https:\/\/stem.uy\/index.php\/my-account\/\" \/>\n<meta property=\"og:locale\" content=\"es_ES\" \/>\n<meta property=\"og:type\" content=\"article\" \/>\n<meta property=\"og:title\" content=\"Mi Cuenta - Ciencia, Tecnolog\u00eda, Ingenier\u00eda &amp; Matem\u00e1ticas | Stem.uy\" \/>\n<meta property=\"og:url\" content=\"https:\/\/stem.uy\/index.php\/my-account\/\" \/>\n<meta property=\"og:site_name\" content=\"Ciencia, Tecnolog\u00eda, Ingenier\u00eda &amp; Matem\u00e1ticas | Stem.uy\" \/>\n<meta property=\"article:modified_time\" content=\"2021-05-05T16:23:47+00:00\" \/>\n<meta name=\"twitter:card\" content=\"summary_large_image\" \/>\n<meta name=\"twitter:label1\" content=\"Est. reading time\" \/>\n\t<meta name=\"twitter:data1\" content=\"1 minuto\" \/>\n<script type=\"application\/ld+json\" class=\"yoast-schema-graph\">{\"@context\":\"https:\/\/schema.org\",\"@graph\":[{\"@type\":\"WebPage\",\"@id\":\"https:\/\/stem.uy\/index.php\/my-account\/\",\"url\":\"https:\/\/stem.uy\/index.php\/my-account\/\",\"name\":\"Mi Cuenta - Ciencia, Tecnolog\u00eda, Ingenier\u00eda &amp; Matem\u00e1ticas | Stem.uy\",\"isPartOf\":{\"@id\":\"https:\/\/stem.uy\/#website\"},\"datePublished\":\"2019-12-16T16:27:54+00:00\",\"dateModified\":\"2021-05-05T16:23:47+00:00\",\"breadcrumb\":{\"@id\":\"https:\/\/stem.uy\/index.php\/my-account\/#breadcrumb\"},\"inLanguage\":\"es-UY\",\"potentialAction\":[{\"@type\":\"ReadAction\",\"target\":[\"https:\/\/stem.uy\/index.php\/my-account\/\"]}]},{\"@type\":\"BreadcrumbList\",\"@id\":\"https:\/\/stem.uy\/index.php\/my-account\/#breadcrumb\",\"itemListElement\":[{\"@type\":\"ListItem\",\"position\":1,\"name\":\"Home\",\"item\":\"https:\/\/stem.uy\/\"},{\"@type\":\"ListItem\",\"position\":2,\"name\":\"Mi Cuenta\"}]},{\"@type\":\"WebSite\",\"@id\":\"https:\/\/stem.uy\/#website\",\"url\":\"https:\/\/stem.uy\/\",\"name\":\"Ciencia, Tecnolog\u00eda, Ingenier\u00eda &amp; Matem\u00e1ticas | Stem.uy\",\"description\":\"\",\"publisher\":{\"@id\":\"https:\/\/stem.uy\/#organization\"},\"potentialAction\":[{\"@type\":\"SearchAction\",\"target\":{\"@type\":\"EntryPoint\",\"urlTemplate\":\"https:\/\/stem.uy\/?s={search_term_string}\"},\"query-input\":{\"@type\":\"PropertyValueSpecification\",\"valueRequired\":true,\"valueName\":\"search_term_string\"}}],\"inLanguage\":\"es-UY\"},{\"@type\":\"Organization\",\"@id\":\"https:\/\/stem.uy\/#organization\",\"name\":\"Ciencia, Tecnolog\u00eda, Ingenier\u00eda &amp; Matem\u00e1ticas | Stem.uy\",\"url\":\"https:\/\/stem.uy\/\",\"logo\":{\"@type\":\"ImageObject\",\"inLanguage\":\"es-UY\",\"@id\":\"https:\/\/stem.uy\/#\/schema\/logo\/image\/\",\"url\":\"https:\/\/stem.uy\/wp-content\/uploads\/2019\/12\/stem-logo.png\",\"contentUrl\":\"https:\/\/stem.uy\/wp-content\/uploads\/2019\/12\/stem-logo.png\",\"width\":320,\"height\":201,\"caption\":\"Ciencia, Tecnolog\u00eda, Ingenier\u00eda &amp; Matem\u00e1ticas | Stem.uy\"},\"image\":{\"@id\":\"https:\/\/stem.uy\/#\/schema\/logo\/image\/\"}}]}<\/script>\n<!-- \/ Yoast SEO plugin. -->","yoast_head_json":{"title":"Mi Cuenta - Ciencia, Tecnolog\u00eda, Ingenier\u00eda &amp; Matem\u00e1ticas | Stem.uy","robots":{"index":"index","follow":"follow","max-snippet":"max-snippet:-1","max-image-preview":"max-image-preview:large","max-video-preview":"max-video-preview:-1"},"canonical":"https:\/\/stem.uy\/index.php\/my-account\/","og_locale":"es_ES","og_type":"article","og_title":"Mi Cuenta - Ciencia, Tecnolog\u00eda, Ingenier\u00eda &amp; Matem\u00e1ticas | Stem.uy","og_url":"https:\/\/stem.uy\/index.php\/my-account\/","og_site_name":"Ciencia, Tecnolog\u00eda, Ingenier\u00eda &amp; Matem\u00e1ticas | Stem.uy","article_modified_time":"2021-05-05T16:23:47+00:00","twitter_card":"summary_large_image","twitter_misc":{"Est. reading time":"1 minuto"},"schema":{"@context":"https:\/\/schema.org","@graph":[{"@type":"WebPage","@id":"https:\/\/stem.uy\/index.php\/my-account\/","url":"https:\/\/stem.uy\/index.php\/my-account\/","name":"Mi Cuenta - Ciencia, Tecnolog\u00eda, Ingenier\u00eda &amp; Matem\u00e1ticas | Stem.uy","isPartOf":{"@id":"https:\/\/stem.uy\/#website"},"datePublished":"2019-12-16T16:27:54+00:00","dateModified":"2021-05-05T16:23:47+00:00","breadcrumb":{"@id":"https:\/\/stem.uy\/index.php\/my-account\/#breadcrumb"},"inLanguage":"es-UY","potentialAction":[{"@type":"ReadAction","target":["https:\/\/stem.uy\/index.php\/my-account\/"]}]},{"@type":"BreadcrumbList","@id":"https:\/\/stem.uy\/index.php\/my-account\/#breadcrumb","itemListElement":[{"@type":"ListItem","position":1,"name":"Home","item":"https:\/\/stem.uy\/"},{"@type":"ListItem","position":2,"name":"Mi Cuenta"}]},{"@type":"WebSite","@id":"https:\/\/stem.uy\/#website","url":"https:\/\/stem.uy\/","name":"Ciencia, Tecnolog\u00eda, Ingenier\u00eda &amp; Matem\u00e1ticas | Stem.uy","description":"","publisher":{"@id":"https:\/\/stem.uy\/#organization"},"potentialAction":[{"@type":"SearchAction","target":{"@type":"EntryPoint","urlTemplate":"https:\/\/stem.uy\/?s={search_term_string}"},"query-input":{"@type":"PropertyValueSpecification","valueRequired":true,"valueName":"search_term_string"}}],"inLanguage":"es-UY"},{"@type":"Organization","@id":"https:\/\/stem.uy\/#organization","name":"Ciencia, Tecnolog\u00eda, Ingenier\u00eda &amp; Matem\u00e1ticas | Stem.uy","url":"https:\/\/stem.uy\/","logo":{"@type":"ImageObject","inLanguage":"es-UY","@id":"https:\/\/stem.uy\/#\/schema\/logo\/image\/","url":"https:\/\/stem.uy\/wp-content\/uploads\/2019\/12\/stem-logo.png","contentUrl":"https:\/\/stem.uy\/wp-content\/uploads\/2019\/12\/stem-logo.png","width":320,"height":201,"caption":"Ciencia, Tecnolog\u00eda, Ingenier\u00eda &amp; Matem\u00e1ticas | Stem.uy"},"image":{"@id":"https:\/\/stem.uy\/#\/schema\/logo\/image\/"}}]}},"jetpack_sharing_enabled":true,"_links":{"self":[{"href":"https:\/\/stem.uy\/index.php\/wp-json\/wp\/v2\/pages\/9","targetHints":{"allow":["GET"]}}],"collection":[{"href":"https:\/\/stem.uy\/index.php\/wp-json\/wp\/v2\/pages"}],"about":[{"href":"https:\/\/stem.uy\/index.php\/wp-json\/wp\/v2\/types\/page"}],"author":[{"embeddable":true,"href":"https:\/\/stem.uy\/index.php\/wp-json\/wp\/v2\/users\/1"}],"replies":[{"embeddable":true,"href":"https:\/\/stem.uy\/index.php\/wp-json\/wp\/v2\/comments?post=9"}],"version-history":[{"count":1,"href":"https:\/\/stem.uy\/index.php\/wp-json\/wp\/v2\/pages\/9\/revisions"}],"predecessor-version":[{"id":2163,"href":"https:\/\/stem.uy\/index.php\/wp-json\/wp\/v2\/pages\/9\/revisions\/2163"}],"wp:attachment":[{"href":"https:\/\/stem.uy\/index.php\/wp-json\/wp\/v2\/media?parent=9"}],"curies":[{"name":"wp","href":"https:\/\/api.w.org\/{rel}","templated":true}]}}