{"id":1720,"date":"2020-04-12T23:14:56","date_gmt":"2020-04-12T23:14:56","guid":{"rendered":"https:\/\/stem.uy\/index.php\/product\/import-placeholder-for-10130\/"},"modified":"2020-05-02T23:28:15","modified_gmt":"2020-05-02T23:28:15","slug":"electronics","status":"publish","type":"product","link":"https:\/\/stem.uy\/index.php\/product\/electronics\/","title":{"rendered":"Electronics"},"content":{"rendered":"<p>Circuitos el\u00e9ctricos <strong>simples,<\/strong> circuitos <strong>en serie y en paralelo,<\/strong> circuitos electr\u00f3nicos <strong>con transistores<\/strong>, <strong>condensadores, resistencias y LED<\/strong>.<\/p>\n<p>Este kit educativo ense\u00f1a a l@s estudiant@s los <strong>principios b\u00e1sicos de la Electr\u00f3nica\u00a0<\/strong>paso a paso.<\/p>\n<p>El <strong>M\u00f3dulo Electr\u00f3nico<\/strong>, un controlador con 16 programas configurados, tiene 2 salidas de motor, 3 entradas anal\u00f3gicas para sensores y un potenci\u00f3metro para controlar la velocidad de un motor.<\/p>\n<p>Desde una <strong>linterna<\/strong> simple a un paseo en bote oscilante, una<strong>\u00a0luz intermitente<\/strong>\u00a0 y un <strong>ventilador\u00a0<\/strong>controlable, este conjunto de construcci\u00f3n utiliza<strong> 16 modelos <\/strong>de trabajo emocionantes para ense\u00f1ar a los estudiantes los principios b\u00e1sicos de la electr\u00f3nica de una manera competente y duradera. Al igual que todos los conjuntos de construcci\u00f3n de educaci\u00f3n fischertechnik, la<strong> Electr\u00f3nica <\/strong>se puede utilizar en el aprendizaje supervisado o no supervisado. Los materiales did\u00e1cticos est\u00e1n disponibles para su descarga gratuita en el portal<a href=\"http:\/\/www.fischertechnik-%20elearning.com\">\u00a0<strong>eLearning<\/strong><\/a><\/p>\n<p><strong>Gu\u00eda did\u00e1ctica:<\/strong><\/p>\n<p><strong>Objetivos clave de aprendizaje:<\/strong><\/p>\n<ul>\n<li>Descubre los principios b\u00e1sicos de la Electr\u00f3nica<\/li>\n<li>Comprender los circuitos el\u00e9ctricos de los puntos focales, los circuitos en serie de 3\/4 v\u00edas en paralelo y los componentes electr\u00f3nicos<\/li>\n<li>Comprender c\u00f3mo funcionan los circuitos el\u00e9ctricos, circuitos en serie y en paralelo, transistores, condensadores, resistencias, LED y mucho m\u00e1s.<\/li>\n<li>El m\u00f3dulo electr\u00f3nico incluye un controlador con 16 programas configurados para construir muchos modelos de trabajo interesantes<\/li>\n<li>Profundizar y practicar proyectos y trabajos grupales<\/li>\n<\/ul>\n<p><strong>Programas adicionales:<\/strong><\/p>\n<p><strong>Incluido en el set:<\/strong><\/p>\n<ul>\n<li>M\u00f3dulo electr\u00f3nico<\/li>\n<li>Motor XS<\/li>\n<li>2x Transistor<\/li>\n<li>2x Condensador<\/li>\n<li>3x Resistencia<\/li>\n<li>2x Pulsador<\/li>\n<li>Fototransistor<\/li>\n<li>Sensor de temperatura<\/li>\n<li>Barrera de luz LED<\/li>\n<li>2X LED<\/li>\n<li>Portapila para pila de 9V (pila no incluida)<\/li>\n<\/ul>\n<p><strong>Otros datos:<\/strong><\/p>\n<ul>\n<li>Medidas de la caja: <strong>44&#215;31,5&#215;8<\/strong><\/li>\n<li>Modelos: <strong>16<\/strong><\/li>\n<li>Piezas: <strong>260 aprox.<\/strong><\/li>\n<li>Peso:<strong>\u00a02,191 kg<\/strong><\/li>\n<\/ul>\n","protected":false},"excerpt":{"rendered":"<div class=\"rte\">\n<h2 class=\"h3 productSubHeadline\">\u00a1Comprender los fundamentos de la electr\u00f3nica y adquirir conocimientos de forma permanente!<\/h2>\n<\/div>\n<div class=\"rte\">Art.-No. 533029<\/div>\n<div class=\"rte\"><a class=\"primaryColor\" href=\"https:\/\/www.fischertechnik.de\/de-de\/service\/elearning\/lehren\/electronics\" target=\"_blank\" rel=\"noopener noreferrer\">Acerca del eLearning<\/a><\/div>\n<div class=\"rte\">\n<div class=\"h10\">Principales caracter\u00edsticas:<\/div>\n<ul class=\"formatierung-ul\">\n<li class=\"formatierung-li\">16 modelos<\/li>\n<li class=\"formatierung-li\">260 piezas<\/li>\n<li class=\"formatierung-li\">Educaci\u00f3n Primaria, Educaci\u00f3n Secundaria<\/li>\n<\/ul>\n<\/div>\n","protected":false},"featured_media":2038,"comment_status":"open","ping_status":"closed","template":"","meta":[],"product_cat":[21],"product_tag":[],"class_list":["post-1720","product","type-product","status-publish","has-post-thumbnail","hentry","product_cat-stem-kits"],"yoast_head":"<!-- This site is optimized with the Yoast SEO plugin v24.9 - https:\/\/yoast.com\/wordpress\/plugins\/seo\/ -->\n<title>Electronics - Ciencia, Tecnolog\u00eda, Ingenier\u00eda &amp; Matem\u00e1ticas | Stem.uy<\/title>\n<meta name=\"robots\" content=\"index, follow, max-snippet:-1, max-image-preview:large, max-video-preview:-1\" \/>\n<link rel=\"canonical\" href=\"https:\/\/stem.uy\/index.php\/product\/electronics\/\" \/>\n<meta property=\"og:locale\" content=\"es_ES\" \/>\n<meta property=\"og:type\" content=\"article\" \/>\n<meta property=\"og:title\" content=\"Electronics - Ciencia, Tecnolog\u00eda, Ingenier\u00eda &amp; Matem\u00e1ticas | Stem.uy\" \/>\n<meta property=\"og:description\" content=\"\u00a1Comprender los fundamentos de la electr\u00f3nica y adquirir conocimientos de forma permanente!  Art.-No. 533029 Acerca del eLearning  Principales caracter\u00edsticas:   16 modelos  260 piezas  Educaci\u00f3n Primaria, Educaci\u00f3n Secundaria\" \/>\n<meta property=\"og:url\" content=\"https:\/\/stem.uy\/index.php\/product\/electronics\/\" \/>\n<meta property=\"og:site_name\" content=\"Ciencia, Tecnolog\u00eda, Ingenier\u00eda &amp; Matem\u00e1ticas | Stem.uy\" \/>\n<meta property=\"article:modified_time\" content=\"2020-05-02T23:28:15+00:00\" \/>\n<meta property=\"og:image\" content=\"https:\/\/stem.uy\/wp-content\/uploads\/2020\/04\/524326_Electronics_Schiebetuer.jpg\" \/>\n\t<meta property=\"og:image:width\" content=\"800\" \/>\n\t<meta property=\"og:image:height\" content=\"600\" \/>\n\t<meta property=\"og:image:type\" content=\"image\/jpeg\" \/>\n<meta name=\"twitter:card\" content=\"summary_large_image\" \/>\n<meta name=\"twitter:label1\" content=\"Est. reading time\" \/>\n\t<meta name=\"twitter:data1\" content=\"1 minuto\" \/>\n<script type=\"application\/ld+json\" class=\"yoast-schema-graph\">{\"@context\":\"https:\/\/schema.org\",\"@graph\":[{\"@type\":\"WebPage\",\"@id\":\"https:\/\/stem.uy\/index.php\/product\/electronics\/\",\"url\":\"https:\/\/stem.uy\/index.php\/product\/electronics\/\",\"name\":\"Electronics - Ciencia, Tecnolog\u00eda, Ingenier\u00eda &amp; Matem\u00e1ticas | Stem.uy\",\"isPartOf\":{\"@id\":\"https:\/\/stem.uy\/#website\"},\"primaryImageOfPage\":{\"@id\":\"https:\/\/stem.uy\/index.php\/product\/electronics\/#primaryimage\"},\"image\":{\"@id\":\"https:\/\/stem.uy\/index.php\/product\/electronics\/#primaryimage\"},\"thumbnailUrl\":\"https:\/\/stem.uy\/wp-content\/uploads\/2020\/04\/524326_Electronics_Schiebetuer.jpg\",\"datePublished\":\"2020-04-12T23:14:56+00:00\",\"dateModified\":\"2020-05-02T23:28:15+00:00\",\"breadcrumb\":{\"@id\":\"https:\/\/stem.uy\/index.php\/product\/electronics\/#breadcrumb\"},\"inLanguage\":\"es-UY\",\"potentialAction\":[{\"@type\":\"ReadAction\",\"target\":[\"https:\/\/stem.uy\/index.php\/product\/electronics\/\"]}]},{\"@type\":\"ImageObject\",\"inLanguage\":\"es-UY\",\"@id\":\"https:\/\/stem.uy\/index.php\/product\/electronics\/#primaryimage\",\"url\":\"https:\/\/stem.uy\/wp-content\/uploads\/2020\/04\/524326_Electronics_Schiebetuer.jpg\",\"contentUrl\":\"https:\/\/stem.uy\/wp-content\/uploads\/2020\/04\/524326_Electronics_Schiebetuer.jpg\",\"width\":800,\"height\":600},{\"@type\":\"BreadcrumbList\",\"@id\":\"https:\/\/stem.uy\/index.php\/product\/electronics\/#breadcrumb\",\"itemListElement\":[{\"@type\":\"ListItem\",\"position\":1,\"name\":\"Home\",\"item\":\"https:\/\/stem.uy\/\"},{\"@type\":\"ListItem\",\"position\":2,\"name\":\"Inicio\",\"item\":\"https:\/\/stem.uy\/\"},{\"@type\":\"ListItem\",\"position\":3,\"name\":\"Electronics\"}]},{\"@type\":\"WebSite\",\"@id\":\"https:\/\/stem.uy\/#website\",\"url\":\"https:\/\/stem.uy\/\",\"name\":\"Ciencia, Tecnolog\u00eda, Ingenier\u00eda &amp; Matem\u00e1ticas | Stem.uy\",\"description\":\"\",\"publisher\":{\"@id\":\"https:\/\/stem.uy\/#organization\"},\"potentialAction\":[{\"@type\":\"SearchAction\",\"target\":{\"@type\":\"EntryPoint\",\"urlTemplate\":\"https:\/\/stem.uy\/?s={search_term_string}\"},\"query-input\":{\"@type\":\"PropertyValueSpecification\",\"valueRequired\":true,\"valueName\":\"search_term_string\"}}],\"inLanguage\":\"es-UY\"},{\"@type\":\"Organization\",\"@id\":\"https:\/\/stem.uy\/#organization\",\"name\":\"Ciencia, Tecnolog\u00eda, Ingenier\u00eda &amp; Matem\u00e1ticas | Stem.uy\",\"url\":\"https:\/\/stem.uy\/\",\"logo\":{\"@type\":\"ImageObject\",\"inLanguage\":\"es-UY\",\"@id\":\"https:\/\/stem.uy\/#\/schema\/logo\/image\/\",\"url\":\"https:\/\/stem.uy\/wp-content\/uploads\/2019\/12\/stem-logo.png\",\"contentUrl\":\"https:\/\/stem.uy\/wp-content\/uploads\/2019\/12\/stem-logo.png\",\"width\":320,\"height\":201,\"caption\":\"Ciencia, Tecnolog\u00eda, Ingenier\u00eda &amp; Matem\u00e1ticas | Stem.uy\"},\"image\":{\"@id\":\"https:\/\/stem.uy\/#\/schema\/logo\/image\/\"}}]}<\/script>\n<!-- \/ Yoast SEO plugin. -->","yoast_head_json":{"title":"Electronics - Ciencia, Tecnolog\u00eda, Ingenier\u00eda &amp; Matem\u00e1ticas | Stem.uy","robots":{"index":"index","follow":"follow","max-snippet":"max-snippet:-1","max-image-preview":"max-image-preview:large","max-video-preview":"max-video-preview:-1"},"canonical":"https:\/\/stem.uy\/index.php\/product\/electronics\/","og_locale":"es_ES","og_type":"article","og_title":"Electronics - Ciencia, Tecnolog\u00eda, Ingenier\u00eda &amp; Matem\u00e1ticas | Stem.uy","og_description":"\u00a1Comprender los fundamentos de la electr\u00f3nica y adquirir conocimientos de forma permanente!  Art.-No. 533029 Acerca del eLearning  Principales caracter\u00edsticas:   16 modelos  260 piezas  Educaci\u00f3n Primaria, Educaci\u00f3n Secundaria","og_url":"https:\/\/stem.uy\/index.php\/product\/electronics\/","og_site_name":"Ciencia, Tecnolog\u00eda, Ingenier\u00eda &amp; Matem\u00e1ticas | Stem.uy","article_modified_time":"2020-05-02T23:28:15+00:00","og_image":[{"width":800,"height":600,"url":"https:\/\/stem.uy\/wp-content\/uploads\/2020\/04\/524326_Electronics_Schiebetuer.jpg","type":"image\/jpeg"}],"twitter_card":"summary_large_image","twitter_misc":{"Est. reading time":"1 minuto"},"schema":{"@context":"https:\/\/schema.org","@graph":[{"@type":"WebPage","@id":"https:\/\/stem.uy\/index.php\/product\/electronics\/","url":"https:\/\/stem.uy\/index.php\/product\/electronics\/","name":"Electronics - Ciencia, Tecnolog\u00eda, Ingenier\u00eda &amp; Matem\u00e1ticas | Stem.uy","isPartOf":{"@id":"https:\/\/stem.uy\/#website"},"primaryImageOfPage":{"@id":"https:\/\/stem.uy\/index.php\/product\/electronics\/#primaryimage"},"image":{"@id":"https:\/\/stem.uy\/index.php\/product\/electronics\/#primaryimage"},"thumbnailUrl":"https:\/\/stem.uy\/wp-content\/uploads\/2020\/04\/524326_Electronics_Schiebetuer.jpg","datePublished":"2020-04-12T23:14:56+00:00","dateModified":"2020-05-02T23:28:15+00:00","breadcrumb":{"@id":"https:\/\/stem.uy\/index.php\/product\/electronics\/#breadcrumb"},"inLanguage":"es-UY","potentialAction":[{"@type":"ReadAction","target":["https:\/\/stem.uy\/index.php\/product\/electronics\/"]}]},{"@type":"ImageObject","inLanguage":"es-UY","@id":"https:\/\/stem.uy\/index.php\/product\/electronics\/#primaryimage","url":"https:\/\/stem.uy\/wp-content\/uploads\/2020\/04\/524326_Electronics_Schiebetuer.jpg","contentUrl":"https:\/\/stem.uy\/wp-content\/uploads\/2020\/04\/524326_Electronics_Schiebetuer.jpg","width":800,"height":600},{"@type":"BreadcrumbList","@id":"https:\/\/stem.uy\/index.php\/product\/electronics\/#breadcrumb","itemListElement":[{"@type":"ListItem","position":1,"name":"Home","item":"https:\/\/stem.uy\/"},{"@type":"ListItem","position":2,"name":"Inicio","item":"https:\/\/stem.uy\/"},{"@type":"ListItem","position":3,"name":"Electronics"}]},{"@type":"WebSite","@id":"https:\/\/stem.uy\/#website","url":"https:\/\/stem.uy\/","name":"Ciencia, Tecnolog\u00eda, Ingenier\u00eda &amp; Matem\u00e1ticas | Stem.uy","description":"","publisher":{"@id":"https:\/\/stem.uy\/#organization"},"potentialAction":[{"@type":"SearchAction","target":{"@type":"EntryPoint","urlTemplate":"https:\/\/stem.uy\/?s={search_term_string}"},"query-input":{"@type":"PropertyValueSpecification","valueRequired":true,"valueName":"search_term_string"}}],"inLanguage":"es-UY"},{"@type":"Organization","@id":"https:\/\/stem.uy\/#organization","name":"Ciencia, Tecnolog\u00eda, Ingenier\u00eda &amp; Matem\u00e1ticas | Stem.uy","url":"https:\/\/stem.uy\/","logo":{"@type":"ImageObject","inLanguage":"es-UY","@id":"https:\/\/stem.uy\/#\/schema\/logo\/image\/","url":"https:\/\/stem.uy\/wp-content\/uploads\/2019\/12\/stem-logo.png","contentUrl":"https:\/\/stem.uy\/wp-content\/uploads\/2019\/12\/stem-logo.png","width":320,"height":201,"caption":"Ciencia, Tecnolog\u00eda, Ingenier\u00eda &amp; Matem\u00e1ticas | Stem.uy"},"image":{"@id":"https:\/\/stem.uy\/#\/schema\/logo\/image\/"}}]}},"jetpack_sharing_enabled":true,"_links":{"self":[{"href":"https:\/\/stem.uy\/index.php\/wp-json\/wp\/v2\/product\/1720","targetHints":{"allow":["GET"]}}],"collection":[{"href":"https:\/\/stem.uy\/index.php\/wp-json\/wp\/v2\/product"}],"about":[{"href":"https:\/\/stem.uy\/index.php\/wp-json\/wp\/v2\/types\/product"}],"replies":[{"embeddable":true,"href":"https:\/\/stem.uy\/index.php\/wp-json\/wp\/v2\/comments?post=1720"}],"wp:featuredmedia":[{"embeddable":true,"href":"https:\/\/stem.uy\/index.php\/wp-json\/wp\/v2\/media\/2038"}],"wp:attachment":[{"href":"https:\/\/stem.uy\/index.php\/wp-json\/wp\/v2\/media?parent=1720"}],"wp:term":[{"taxonomy":"product_cat","embeddable":true,"href":"https:\/\/stem.uy\/index.php\/wp-json\/wp\/v2\/product_cat?post=1720"},{"taxonomy":"product_tag","embeddable":true,"href":"https:\/\/stem.uy\/index.php\/wp-json\/wp\/v2\/product_tag?post=1720"}],"curies":[{"name":"wp","href":"https:\/\/api.w.org\/{rel}","templated":true}]}}