{"id":1741,"date":"2020-04-12T23:14:58","date_gmt":"2020-04-12T23:14:58","guid":{"rendered":"https:\/\/stem.uy\/index.php\/product\/drive-systems\/"},"modified":"2024-07-01T06:20:27","modified_gmt":"2024-07-01T09:20:27","slug":"drive-systems","status":"publish","type":"product","link":"https:\/\/stem.uy\/index.php\/product\/drive-systems\/","title":{"rendered":"Drive Systems"},"content":{"rendered":"<p>Descripci\u00f3n de producto<\/p>\n<p>\u00bfC\u00f3mo funciona un accionamiento de retroceso o un accionamiento de varilla de flexi\u00f3n? \u00bfCu\u00e1l es la diferencia entre un motor de retroceso y un motor de goma? \u00bfC\u00f3mo se puede usar el viento para accionar un mecanismo? Este kit de aprendizaje permite comprender c\u00f3mo funcionan diferentes tipos de accionamiento. Drive Systems puede emplearse tanto en clases guiadas como libres y se est\u00e1 aplicando ya en numerosos establecimientos educativos.<\/p>\n<h3>Un material did\u00e1ctico adicional:<\/h3>\n<p>El material did\u00e1ctico innovador de fischertechnik le ayuda a transmitir los conocimientos t\u00e9cnicos de forma pr\u00e1ctica y acercar los saberes a sus alumnos, estudiantes o aprendices. El cuaderno did\u00e1ctico adjunto con material did\u00e1ctico y de ense\u00f1anza ofrece modelos y tareas para la preparaci\u00f3n r\u00e1pida de lecciones y contiene problemas y su soluci\u00f3n, folletos y plantillas de copia. Los materiales para la clase pueden consultarse y descargarse de forma gratuita en el portal de eLearning.<\/p>\n<h3>Composici\u00f3n del producto:<\/h3>\n<p>Las 280 piezas de fischertechnik est\u00e1n dispuestas de manera ordenada y clara en un compartimento. Las piezas y las claras instrucciones de construcci\u00f3n para 8 modelos de diferentes niveles de dificultad se entregan en una caja de almacenamiento resistente.<\/p>\n<p>Ejes centrales de la clase:<\/p>\n<ul>\n<li>Accionamiento por energ\u00eda e\u00f3lica<\/li>\n<li>Accionamiento por varilla de flexi\u00f3n<\/li>\n<li>Accionamiento de retroceso<\/li>\n<li>Motor de goma y motor de retroceso<\/li>\n<\/ul>\n<p>Objetivos\u00a0de\u00a0aprendizaje<\/p>\n<p>Objetivos de aprendizaje m\u00e1s importantes:<\/p>\n<ul>\n<li>Comprender los fundamentos de la tecnolog\u00eda de accionamiento<\/li>\n<li>Comprender mecanismos fundamentales, como el accionamiento por energ\u00eda e\u00f3lica o por varilla de flexi\u00f3n, un globo, un accionamiento de retroceso, un motor de goma o un motor de retroceso<\/li>\n<li>Construir diferentes veh\u00edculos y equiparlos con el accionamiento o la transmisi\u00f3n adecuados<\/li>\n<li>Profundizar y practicar el trabajo por proyectos y en grupo<\/li>\n<\/ul>\n<p>Contenido<\/p>\n<h3>El Education Set incluye lo siguiente:<\/h3>\n<ul>\n<li>Motor de retroceso<\/li>\n<li>Vela<\/li>\n<li>Globo<\/li>\n<li>Cinta el\u00e1stica<\/li>\n<li>280 piezas total<\/li>\n<\/ul>\n","protected":false},"excerpt":{"rendered":"<p><strong>\u00a1Comprender los fundamentos de la tecnolog\u00eda de accionamiento y adquirir conocimientos de forma permanente! <\/strong><\/p>\n<p>Art.-No. 533028<\/p>\n<p><a href=\"https:\/\/www.fischertechnik.de\/de-de\/service\/elearning\/lehren\/drive-systems\">Acerca del eLearning<\/a><\/p>\n<p>Principales caracter\u00edsticas:<\/p>\n<ul>\n<li>8 modelos<\/li>\n<li>280 piezas<\/li>\n<\/ul>\n","protected":false},"featured_media":2149,"comment_status":"open","ping_status":"closed","template":"","meta":[],"product_cat":[21],"product_tag":[],"class_list":["post-1741","product","type-product","status-publish","has-post-thumbnail","hentry","product_cat-stem-kits"],"yoast_head":"<!-- This site is optimized with the Yoast SEO plugin v24.9 - https:\/\/yoast.com\/wordpress\/plugins\/seo\/ -->\n<title>Drive Systems - Ciencia, Tecnolog\u00eda, Ingenier\u00eda &amp; Matem\u00e1ticas | Stem.uy<\/title>\n<meta name=\"robots\" content=\"index, follow, max-snippet:-1, max-image-preview:large, max-video-preview:-1\" \/>\n<link rel=\"canonical\" href=\"https:\/\/stem.uy\/index.php\/product\/drive-systems\/\" \/>\n<meta property=\"og:locale\" content=\"es_ES\" \/>\n<meta property=\"og:type\" content=\"article\" \/>\n<meta property=\"og:title\" content=\"Drive Systems - Ciencia, Tecnolog\u00eda, Ingenier\u00eda &amp; Matem\u00e1ticas | Stem.uy\" \/>\n<meta property=\"og:description\" content=\"\u00a1Comprender los fundamentos de la tecnolog\u00eda de accionamiento y adquirir conocimientos de forma permanente!   Art.-No. 533028  Acerca del eLearning  Principales caracter\u00edsticas:   8 modelos  280 piezas\" \/>\n<meta property=\"og:url\" content=\"https:\/\/stem.uy\/index.php\/product\/drive-systems\/\" \/>\n<meta property=\"og:site_name\" content=\"Ciencia, Tecnolog\u00eda, Ingenier\u00eda &amp; Matem\u00e1ticas | Stem.uy\" \/>\n<meta property=\"article:modified_time\" content=\"2024-07-01T09:20:27+00:00\" \/>\n<meta property=\"og:image\" content=\"https:\/\/stem.uy\/wp-content\/uploads\/2020\/04\/533028_drive_systems_Verpackung.jpg\" \/>\n\t<meta property=\"og:image:width\" content=\"800\" \/>\n\t<meta property=\"og:image:height\" content=\"600\" \/>\n\t<meta property=\"og:image:type\" content=\"image\/jpeg\" \/>\n<meta name=\"twitter:card\" content=\"summary_large_image\" \/>\n<meta name=\"twitter:label1\" content=\"Est. reading time\" \/>\n\t<meta name=\"twitter:data1\" content=\"2 minutos\" \/>\n<script type=\"application\/ld+json\" class=\"yoast-schema-graph\">{\"@context\":\"https:\/\/schema.org\",\"@graph\":[{\"@type\":\"WebPage\",\"@id\":\"https:\/\/stem.uy\/index.php\/product\/drive-systems\/\",\"url\":\"https:\/\/stem.uy\/index.php\/product\/drive-systems\/\",\"name\":\"Drive Systems - Ciencia, Tecnolog\u00eda, Ingenier\u00eda &amp; Matem\u00e1ticas | Stem.uy\",\"isPartOf\":{\"@id\":\"https:\/\/stem.uy\/#website\"},\"primaryImageOfPage\":{\"@id\":\"https:\/\/stem.uy\/index.php\/product\/drive-systems\/#primaryimage\"},\"image\":{\"@id\":\"https:\/\/stem.uy\/index.php\/product\/drive-systems\/#primaryimage\"},\"thumbnailUrl\":\"https:\/\/stem.uy\/wp-content\/uploads\/2020\/04\/533028_drive_systems_Verpackung.jpg\",\"datePublished\":\"2020-04-12T23:14:58+00:00\",\"dateModified\":\"2024-07-01T09:20:27+00:00\",\"breadcrumb\":{\"@id\":\"https:\/\/stem.uy\/index.php\/product\/drive-systems\/#breadcrumb\"},\"inLanguage\":\"es-UY\",\"potentialAction\":[{\"@type\":\"ReadAction\",\"target\":[\"https:\/\/stem.uy\/index.php\/product\/drive-systems\/\"]}]},{\"@type\":\"ImageObject\",\"inLanguage\":\"es-UY\",\"@id\":\"https:\/\/stem.uy\/index.php\/product\/drive-systems\/#primaryimage\",\"url\":\"https:\/\/stem.uy\/wp-content\/uploads\/2020\/04\/533028_drive_systems_Verpackung.jpg\",\"contentUrl\":\"https:\/\/stem.uy\/wp-content\/uploads\/2020\/04\/533028_drive_systems_Verpackung.jpg\",\"width\":800,\"height\":600},{\"@type\":\"BreadcrumbList\",\"@id\":\"https:\/\/stem.uy\/index.php\/product\/drive-systems\/#breadcrumb\",\"itemListElement\":[{\"@type\":\"ListItem\",\"position\":1,\"name\":\"Home\",\"item\":\"https:\/\/stem.uy\/\"},{\"@type\":\"ListItem\",\"position\":2,\"name\":\"Inicio\",\"item\":\"https:\/\/stem.uy\/\"},{\"@type\":\"ListItem\",\"position\":3,\"name\":\"Drive Systems\"}]},{\"@type\":\"WebSite\",\"@id\":\"https:\/\/stem.uy\/#website\",\"url\":\"https:\/\/stem.uy\/\",\"name\":\"Ciencia, Tecnolog\u00eda, Ingenier\u00eda &amp; Matem\u00e1ticas | Stem.uy\",\"description\":\"\",\"publisher\":{\"@id\":\"https:\/\/stem.uy\/#organization\"},\"potentialAction\":[{\"@type\":\"SearchAction\",\"target\":{\"@type\":\"EntryPoint\",\"urlTemplate\":\"https:\/\/stem.uy\/?s={search_term_string}\"},\"query-input\":{\"@type\":\"PropertyValueSpecification\",\"valueRequired\":true,\"valueName\":\"search_term_string\"}}],\"inLanguage\":\"es-UY\"},{\"@type\":\"Organization\",\"@id\":\"https:\/\/stem.uy\/#organization\",\"name\":\"Ciencia, Tecnolog\u00eda, Ingenier\u00eda &amp; Matem\u00e1ticas | Stem.uy\",\"url\":\"https:\/\/stem.uy\/\",\"logo\":{\"@type\":\"ImageObject\",\"inLanguage\":\"es-UY\",\"@id\":\"https:\/\/stem.uy\/#\/schema\/logo\/image\/\",\"url\":\"https:\/\/stem.uy\/wp-content\/uploads\/2019\/12\/stem-logo.png\",\"contentUrl\":\"https:\/\/stem.uy\/wp-content\/uploads\/2019\/12\/stem-logo.png\",\"width\":320,\"height\":201,\"caption\":\"Ciencia, Tecnolog\u00eda, Ingenier\u00eda &amp; Matem\u00e1ticas | Stem.uy\"},\"image\":{\"@id\":\"https:\/\/stem.uy\/#\/schema\/logo\/image\/\"}}]}<\/script>\n<!-- \/ Yoast SEO plugin. -->","yoast_head_json":{"title":"Drive Systems - Ciencia, Tecnolog\u00eda, Ingenier\u00eda &amp; Matem\u00e1ticas | Stem.uy","robots":{"index":"index","follow":"follow","max-snippet":"max-snippet:-1","max-image-preview":"max-image-preview:large","max-video-preview":"max-video-preview:-1"},"canonical":"https:\/\/stem.uy\/index.php\/product\/drive-systems\/","og_locale":"es_ES","og_type":"article","og_title":"Drive Systems - Ciencia, Tecnolog\u00eda, Ingenier\u00eda &amp; Matem\u00e1ticas | Stem.uy","og_description":"\u00a1Comprender los fundamentos de la tecnolog\u00eda de accionamiento y adquirir conocimientos de forma permanente!   Art.-No. 533028  Acerca del eLearning  Principales caracter\u00edsticas:   8 modelos  280 piezas","og_url":"https:\/\/stem.uy\/index.php\/product\/drive-systems\/","og_site_name":"Ciencia, Tecnolog\u00eda, Ingenier\u00eda &amp; Matem\u00e1ticas | Stem.uy","article_modified_time":"2024-07-01T09:20:27+00:00","og_image":[{"width":800,"height":600,"url":"https:\/\/stem.uy\/wp-content\/uploads\/2020\/04\/533028_drive_systems_Verpackung.jpg","type":"image\/jpeg"}],"twitter_card":"summary_large_image","twitter_misc":{"Est. reading time":"2 minutos"},"schema":{"@context":"https:\/\/schema.org","@graph":[{"@type":"WebPage","@id":"https:\/\/stem.uy\/index.php\/product\/drive-systems\/","url":"https:\/\/stem.uy\/index.php\/product\/drive-systems\/","name":"Drive Systems - Ciencia, Tecnolog\u00eda, Ingenier\u00eda &amp; Matem\u00e1ticas | Stem.uy","isPartOf":{"@id":"https:\/\/stem.uy\/#website"},"primaryImageOfPage":{"@id":"https:\/\/stem.uy\/index.php\/product\/drive-systems\/#primaryimage"},"image":{"@id":"https:\/\/stem.uy\/index.php\/product\/drive-systems\/#primaryimage"},"thumbnailUrl":"https:\/\/stem.uy\/wp-content\/uploads\/2020\/04\/533028_drive_systems_Verpackung.jpg","datePublished":"2020-04-12T23:14:58+00:00","dateModified":"2024-07-01T09:20:27+00:00","breadcrumb":{"@id":"https:\/\/stem.uy\/index.php\/product\/drive-systems\/#breadcrumb"},"inLanguage":"es-UY","potentialAction":[{"@type":"ReadAction","target":["https:\/\/stem.uy\/index.php\/product\/drive-systems\/"]}]},{"@type":"ImageObject","inLanguage":"es-UY","@id":"https:\/\/stem.uy\/index.php\/product\/drive-systems\/#primaryimage","url":"https:\/\/stem.uy\/wp-content\/uploads\/2020\/04\/533028_drive_systems_Verpackung.jpg","contentUrl":"https:\/\/stem.uy\/wp-content\/uploads\/2020\/04\/533028_drive_systems_Verpackung.jpg","width":800,"height":600},{"@type":"BreadcrumbList","@id":"https:\/\/stem.uy\/index.php\/product\/drive-systems\/#breadcrumb","itemListElement":[{"@type":"ListItem","position":1,"name":"Home","item":"https:\/\/stem.uy\/"},{"@type":"ListItem","position":2,"name":"Inicio","item":"https:\/\/stem.uy\/"},{"@type":"ListItem","position":3,"name":"Drive Systems"}]},{"@type":"WebSite","@id":"https:\/\/stem.uy\/#website","url":"https:\/\/stem.uy\/","name":"Ciencia, Tecnolog\u00eda, Ingenier\u00eda &amp; Matem\u00e1ticas | Stem.uy","description":"","publisher":{"@id":"https:\/\/stem.uy\/#organization"},"potentialAction":[{"@type":"SearchAction","target":{"@type":"EntryPoint","urlTemplate":"https:\/\/stem.uy\/?s={search_term_string}"},"query-input":{"@type":"PropertyValueSpecification","valueRequired":true,"valueName":"search_term_string"}}],"inLanguage":"es-UY"},{"@type":"Organization","@id":"https:\/\/stem.uy\/#organization","name":"Ciencia, Tecnolog\u00eda, Ingenier\u00eda &amp; Matem\u00e1ticas | Stem.uy","url":"https:\/\/stem.uy\/","logo":{"@type":"ImageObject","inLanguage":"es-UY","@id":"https:\/\/stem.uy\/#\/schema\/logo\/image\/","url":"https:\/\/stem.uy\/wp-content\/uploads\/2019\/12\/stem-logo.png","contentUrl":"https:\/\/stem.uy\/wp-content\/uploads\/2019\/12\/stem-logo.png","width":320,"height":201,"caption":"Ciencia, Tecnolog\u00eda, Ingenier\u00eda &amp; Matem\u00e1ticas | Stem.uy"},"image":{"@id":"https:\/\/stem.uy\/#\/schema\/logo\/image\/"}}]}},"jetpack_sharing_enabled":true,"_links":{"self":[{"href":"https:\/\/stem.uy\/index.php\/wp-json\/wp\/v2\/product\/1741","targetHints":{"allow":["GET"]}}],"collection":[{"href":"https:\/\/stem.uy\/index.php\/wp-json\/wp\/v2\/product"}],"about":[{"href":"https:\/\/stem.uy\/index.php\/wp-json\/wp\/v2\/types\/product"}],"replies":[{"embeddable":true,"href":"https:\/\/stem.uy\/index.php\/wp-json\/wp\/v2\/comments?post=1741"}],"wp:featuredmedia":[{"embeddable":true,"href":"https:\/\/stem.uy\/index.php\/wp-json\/wp\/v2\/media\/2149"}],"wp:attachment":[{"href":"https:\/\/stem.uy\/index.php\/wp-json\/wp\/v2\/media?parent=1741"}],"wp:term":[{"taxonomy":"product_cat","embeddable":true,"href":"https:\/\/stem.uy\/index.php\/wp-json\/wp\/v2\/product_cat?post=1741"},{"taxonomy":"product_tag","embeddable":true,"href":"https:\/\/stem.uy\/index.php\/wp-json\/wp\/v2\/product_tag?post=1741"}],"curies":[{"name":"wp","href":"https:\/\/api.w.org\/{rel}","templated":true}]}}