{"id":1754,"date":"2020-04-12T23:15:01","date_gmt":"2020-04-12T23:15:01","guid":{"rendered":"https:\/\/stem.uy\/index.php\/product\/robotics-3d-printer\/"},"modified":"2020-05-02T16:45:59","modified_gmt":"2020-05-02T16:45:59","slug":"robotics-3d-printer","status":"publish","type":"product","link":"https:\/\/stem.uy\/index.php\/product\/robotics-3d-printer\/","title":{"rendered":"Robotics 3D Printer"},"content":{"rendered":"<h3>El kit incluye todo lo siguiente:<\/h3>\n<ul>\n<li>Controlador 3D con microcontrolador Atmel, interfaz USB para PC (toma USB Micro B, cable de interfaz incluido), 4 controladores de motor paso a paso (para eje X\/Y\/Z y extrusora), una salida de potencia (MOS-FET) para la boquilla de la extrusora (Hotend), conexiones para 3 interruptores finales y un sensor de temperatura, toma de CC para fuente de alimentaci\u00f3n de 19 V, 6,3 A. Dimensiones: 150 x 90 x 25 mm<\/li>\n<li>Software 3D Print Control en CD, con rebanador y control de impresora, especialmente adaptado a las impresoras 3D de fischertechnik (Windows 7, 8, 10). Incluidos numerosos ejemplos de impresi\u00f3n preparados como c\u00f3digos G y archivos stl. Tambi\u00e9n funciona en Mac OS X y Linux con el software RepetierHost: www.fischertechnik.de\/3DPrinter-FAQ<\/li>\n<li>4 motores paso a paso de alto par (eje X\/Y\/Z, extrusora), 3 mini pulsadores (como interruptores finales para el eje X\/Y\/Z), boquilla calentada (para \u00d8 de filamento de 1,75 mm) con control de temperatura, lecho de impresi\u00f3n con placa de impresi\u00f3n extra\u00edble.<\/li>\n<li>Fuente de alimentaci\u00f3n conmutada (entrada de CA 100-240 V, salida de CC: 19 V, 6,3 A, 50-60 Hz)<\/li>\n<li>Incluido un anillo de filamento de 50g Premium (PLA, di\u00e1metro 1,75 mm, verde). El filamento Premium en colores fischertechnik especiales se puede pedir por separado como anillo de 50 g o como bobina de 500 g.<\/li>\n<\/ul>\n<p><strong>Impresora 3D Fischertechnik 536624 <\/strong><\/p>\n<p><strong>Dise\u00f1o con 890 piezas para montar<\/strong><\/p>\n<p>La\u00a0<strong>impresora 3D Fischertechnik<\/strong>\u00a0 se asemeja mucho a otras impresoras m\u00e1s grandes, ya que utiliza el cl\u00e1sico lecho m\u00f3vil con un entramado vertical con ejes X Y Z.<\/p>\n<p>El volumen de construcci\u00f3n permitido es <strong>115 mm de ancho<\/strong>, por <strong>100 mm de profundidad<\/strong> y <strong>80 mm de alto<\/strong>; sin embargo, gracias al software incluido en el empaque este volumen se acota y solo permite utilizar modelos con una altura m\u00e1xima de <strong>65 mm<\/strong>.<\/p>\n<p>Adem\u00e1s de las partes espec\u00edficas de esta impresora 3D, est\u00e1 fabricada completamente con el mismo tipo de piezas de otros productos\u00a0<strong>Fischertechnik<\/strong>, lo que significa que hay <strong>890 piezas para montar<\/strong>\u00a0que var\u00edan entre bloques, pines y perfiles que para interconectar entre s\u00ed y en seis direcciones.<\/p>\n<p>El armado de la impresora puede durar alrededor de cinco horas.<\/p>\n<p><strong>Partes de pl\u00e1stico<\/strong><\/p>\n<p>Todo est\u00e1 hecho para funcionar de la mejor manera tras quedar montado finalmente. Cabe destacar que la mayor\u00eda de las piezas son de pl\u00e1stico, con algunas partes de aluminio que representan el n\u00facleo del resto de componentes.<\/p>\n<p>Por ejemplo, la cama caliente es de pl\u00e1stico acr\u00edlico, por lo que no se calienta ni hay manera de hacer que se caliente. Con ello se limita el uso de la impresora a ciertos tipos de filamento, lo que est\u00e1 bien teniendo en cuenta que es un equipo dise\u00f1ado para\u00a0 aprender. Limita as\u00ed el riesgo de accidentes de alumnos.<\/p>\n<p>De igual manera, no posee sistemas de enfriamiento. El extrusor es de tipo simple, y cuenta con un di\u00e1metro de\u00a0<strong>0.5 mil\u00edmetros<\/strong>, por lo que puede realizar impresiones con un <strong>grosor de capa de entre 0.1 y 0.5mm<\/strong>.<\/p>\n<p>El m\u00e9todo de entrada es mediante puerto USB.<\/p>\n<p>En general, mec\u00e1nicamente se trata de una impresora 3D que no es recomendable para un uso m\u00e1s all\u00e1 del educativo, debido que la mayor\u00eda de las piezas est\u00e1n hechas de pl\u00e1stico (incluyendo tornillos), y en muchos casos est\u00e1n apretadas mediante fricci\u00f3n.<\/p>\n<p>Se trata entonces de un dispositivo de <strong>uso b\u00e1sico<\/strong>, \u00fatil para dar los primeros pasos, muy seguro para la ense\u00f1anza.<\/p>\n<p><strong>Desempe\u00f1o de la\u00a0impresora 3D Fischertechnik<\/strong><\/p>\n<p>Por otro lado, dado que la <strong>impresora 3D Fischertechnik<\/strong> no necesita un ventilador de refrigeraci\u00f3n ya que la cama caliente no calienta y <strong>s\u00f3lo soporta filamento de PLA. <\/strong><\/p>\n<p>En ciertos casos los modelos impresos pueden resultar con detalles no deseados. \u00a0Debido a que est\u00e1 <strong>hecha con fines educativos;<\/strong> el sistema de movimiento es menos preciso, dando como resultado que muchas veces las impresiones sean aproximadas.<\/p>\n<p>Es muy importante poner mucho cuidado en el armado por la gran cantidad de piezas que posee la impresora.<\/p>\n<p>El principal inter\u00e9s de los usuarios con esta impresora es el aprendizaje durante el montaje y uso de la misma, conformando una impresora 3D de bajo riesgo adecuada para el manejo en clase.<\/p>\n<p>&nbsp;<\/p>\n<p>La\u00a0 <strong>impresora 3D Fischertechnik\u00a0536624<\/strong>\u00a0posee<strong>\u00a0<\/strong>algunas caracter\u00edsticas interesantes, como el manual que se incluye en el empaque.<\/p>\n<p>Este ofrece\u00a0<strong>explicaciones detalladas de los componentes y cada una de sus funciones<\/strong>.<\/p>\n<p>Tambi\u00e9n, sugiere a los usuarios herramientas y sitios web \u00fatiles donde poder crear o descargar m\u00e1s modelos 3D para su posterior impresi\u00f3n.<\/p>\n<p>Es por ello que el manual es excelente tanto para alumnos como para profesores, superando con creces a los que vienen en la mayor\u00eda de impresoras del mercado, que simplemente proporcionan una gu\u00eda de soluci\u00f3n de problemas y explicaciones complicadas no tan f\u00e1ciles de comprender.<\/p>\n","protected":false},"excerpt":{"rendered":"<p>La <strong>impresora 3D Fischertechnik 536624<\/strong> es un kit de impresi\u00f3n 3D dise\u00f1ado en principio para el mercado educativo, pero que est\u00e1 disponible para todos aquellos que desean aprender de manera interactiva la construcci\u00f3n y el uso de las impresoras 3D de una manera f\u00e1cil y divertida.<\/p>\n<p>https:\/\/youtu.be\/rYtVrvs32tw<\/p>\n","protected":false},"featured_media":1906,"comment_status":"open","ping_status":"closed","template":"","meta":[],"product_cat":[65],"product_tag":[],"class_list":["post-1754","product","type-product","status-publish","has-post-thumbnail","hentry","product_cat-3d-printer-stuff"],"yoast_head":"<!-- This site is optimized with the Yoast SEO plugin v24.9 - https:\/\/yoast.com\/wordpress\/plugins\/seo\/ -->\n<title>Robotics 3D Printer - Ciencia, Tecnolog\u00eda, Ingenier\u00eda &amp; Matem\u00e1ticas | Stem.uy<\/title>\n<meta name=\"robots\" content=\"index, follow, max-snippet:-1, max-image-preview:large, max-video-preview:-1\" \/>\n<link rel=\"canonical\" href=\"https:\/\/stem.uy\/index.php\/product\/robotics-3d-printer\/\" \/>\n<meta property=\"og:locale\" content=\"es_ES\" \/>\n<meta property=\"og:type\" content=\"article\" \/>\n<meta property=\"og:title\" content=\"Robotics 3D Printer - Ciencia, Tecnolog\u00eda, Ingenier\u00eda &amp; Matem\u00e1ticas | Stem.uy\" \/>\n<meta property=\"og:description\" content=\"La impresora 3D Fischertechnik 536624 es un kit de impresi\u00f3n 3D dise\u00f1ado en principio para el mercado educativo, pero que est\u00e1 disponible para todos aquellos que desean aprender de manera interactiva la construcci\u00f3n y el uso de las impresoras 3D de una manera f\u00e1cil y divertida.  https:\/\/youtu.be\/rYtVrvs32tw\" \/>\n<meta property=\"og:url\" content=\"https:\/\/stem.uy\/index.php\/product\/robotics-3d-printer\/\" \/>\n<meta property=\"og:site_name\" content=\"Ciencia, Tecnolog\u00eda, Ingenier\u00eda &amp; Matem\u00e1ticas | Stem.uy\" \/>\n<meta property=\"article:modified_time\" content=\"2020-05-02T16:45:59+00:00\" \/>\n<meta property=\"og:image\" content=\"https:\/\/stem.uy\/wp-content\/uploads\/2020\/04\/ft_3dpr_druckbeispiele_web2.jpg\" \/>\n\t<meta property=\"og:image:width\" content=\"768\" \/>\n\t<meta property=\"og:image:height\" content=\"432\" \/>\n\t<meta property=\"og:image:type\" content=\"image\/jpeg\" \/>\n<meta name=\"twitter:card\" content=\"summary_large_image\" \/>\n<meta name=\"twitter:label1\" content=\"Est. reading time\" \/>\n\t<meta name=\"twitter:data1\" content=\"4 minutos\" \/>\n<script type=\"application\/ld+json\" class=\"yoast-schema-graph\">{\"@context\":\"https:\/\/schema.org\",\"@graph\":[{\"@type\":\"WebPage\",\"@id\":\"https:\/\/stem.uy\/index.php\/product\/robotics-3d-printer\/\",\"url\":\"https:\/\/stem.uy\/index.php\/product\/robotics-3d-printer\/\",\"name\":\"Robotics 3D Printer - Ciencia, Tecnolog\u00eda, Ingenier\u00eda &amp; Matem\u00e1ticas | Stem.uy\",\"isPartOf\":{\"@id\":\"https:\/\/stem.uy\/#website\"},\"primaryImageOfPage\":{\"@id\":\"https:\/\/stem.uy\/index.php\/product\/robotics-3d-printer\/#primaryimage\"},\"image\":{\"@id\":\"https:\/\/stem.uy\/index.php\/product\/robotics-3d-printer\/#primaryimage\"},\"thumbnailUrl\":\"https:\/\/stem.uy\/wp-content\/uploads\/2020\/04\/ft_3dpr_druckbeispiele_web2.jpg\",\"datePublished\":\"2020-04-12T23:15:01+00:00\",\"dateModified\":\"2020-05-02T16:45:59+00:00\",\"breadcrumb\":{\"@id\":\"https:\/\/stem.uy\/index.php\/product\/robotics-3d-printer\/#breadcrumb\"},\"inLanguage\":\"es-UY\",\"potentialAction\":[{\"@type\":\"ReadAction\",\"target\":[\"https:\/\/stem.uy\/index.php\/product\/robotics-3d-printer\/\"]}]},{\"@type\":\"ImageObject\",\"inLanguage\":\"es-UY\",\"@id\":\"https:\/\/stem.uy\/index.php\/product\/robotics-3d-printer\/#primaryimage\",\"url\":\"https:\/\/stem.uy\/wp-content\/uploads\/2020\/04\/ft_3dpr_druckbeispiele_web2.jpg\",\"contentUrl\":\"https:\/\/stem.uy\/wp-content\/uploads\/2020\/04\/ft_3dpr_druckbeispiele_web2.jpg\",\"width\":768,\"height\":432},{\"@type\":\"BreadcrumbList\",\"@id\":\"https:\/\/stem.uy\/index.php\/product\/robotics-3d-printer\/#breadcrumb\",\"itemListElement\":[{\"@type\":\"ListItem\",\"position\":1,\"name\":\"Home\",\"item\":\"https:\/\/stem.uy\/\"},{\"@type\":\"ListItem\",\"position\":2,\"name\":\"Inicio\",\"item\":\"https:\/\/stem.uy\/\"},{\"@type\":\"ListItem\",\"position\":3,\"name\":\"Robotics 3D Printer\"}]},{\"@type\":\"WebSite\",\"@id\":\"https:\/\/stem.uy\/#website\",\"url\":\"https:\/\/stem.uy\/\",\"name\":\"Ciencia, Tecnolog\u00eda, Ingenier\u00eda &amp; Matem\u00e1ticas | Stem.uy\",\"description\":\"\",\"publisher\":{\"@id\":\"https:\/\/stem.uy\/#organization\"},\"potentialAction\":[{\"@type\":\"SearchAction\",\"target\":{\"@type\":\"EntryPoint\",\"urlTemplate\":\"https:\/\/stem.uy\/?s={search_term_string}\"},\"query-input\":{\"@type\":\"PropertyValueSpecification\",\"valueRequired\":true,\"valueName\":\"search_term_string\"}}],\"inLanguage\":\"es-UY\"},{\"@type\":\"Organization\",\"@id\":\"https:\/\/stem.uy\/#organization\",\"name\":\"Ciencia, Tecnolog\u00eda, Ingenier\u00eda &amp; Matem\u00e1ticas | Stem.uy\",\"url\":\"https:\/\/stem.uy\/\",\"logo\":{\"@type\":\"ImageObject\",\"inLanguage\":\"es-UY\",\"@id\":\"https:\/\/stem.uy\/#\/schema\/logo\/image\/\",\"url\":\"https:\/\/stem.uy\/wp-content\/uploads\/2019\/12\/stem-logo.png\",\"contentUrl\":\"https:\/\/stem.uy\/wp-content\/uploads\/2019\/12\/stem-logo.png\",\"width\":320,\"height\":201,\"caption\":\"Ciencia, Tecnolog\u00eda, Ingenier\u00eda &amp; Matem\u00e1ticas | Stem.uy\"},\"image\":{\"@id\":\"https:\/\/stem.uy\/#\/schema\/logo\/image\/\"}}]}<\/script>\n<!-- \/ Yoast SEO plugin. -->","yoast_head_json":{"title":"Robotics 3D Printer - Ciencia, Tecnolog\u00eda, Ingenier\u00eda &amp; Matem\u00e1ticas | Stem.uy","robots":{"index":"index","follow":"follow","max-snippet":"max-snippet:-1","max-image-preview":"max-image-preview:large","max-video-preview":"max-video-preview:-1"},"canonical":"https:\/\/stem.uy\/index.php\/product\/robotics-3d-printer\/","og_locale":"es_ES","og_type":"article","og_title":"Robotics 3D Printer - Ciencia, Tecnolog\u00eda, Ingenier\u00eda &amp; Matem\u00e1ticas | Stem.uy","og_description":"La impresora 3D Fischertechnik 536624 es un kit de impresi\u00f3n 3D dise\u00f1ado en principio para el mercado educativo, pero que est\u00e1 disponible para todos aquellos que desean aprender de manera interactiva la construcci\u00f3n y el uso de las impresoras 3D de una manera f\u00e1cil y divertida.  https:\/\/youtu.be\/rYtVrvs32tw","og_url":"https:\/\/stem.uy\/index.php\/product\/robotics-3d-printer\/","og_site_name":"Ciencia, Tecnolog\u00eda, Ingenier\u00eda &amp; Matem\u00e1ticas | Stem.uy","article_modified_time":"2020-05-02T16:45:59+00:00","og_image":[{"width":768,"height":432,"url":"https:\/\/stem.uy\/wp-content\/uploads\/2020\/04\/ft_3dpr_druckbeispiele_web2.jpg","type":"image\/jpeg"}],"twitter_card":"summary_large_image","twitter_misc":{"Est. reading time":"4 minutos"},"schema":{"@context":"https:\/\/schema.org","@graph":[{"@type":"WebPage","@id":"https:\/\/stem.uy\/index.php\/product\/robotics-3d-printer\/","url":"https:\/\/stem.uy\/index.php\/product\/robotics-3d-printer\/","name":"Robotics 3D Printer - Ciencia, Tecnolog\u00eda, Ingenier\u00eda &amp; Matem\u00e1ticas | Stem.uy","isPartOf":{"@id":"https:\/\/stem.uy\/#website"},"primaryImageOfPage":{"@id":"https:\/\/stem.uy\/index.php\/product\/robotics-3d-printer\/#primaryimage"},"image":{"@id":"https:\/\/stem.uy\/index.php\/product\/robotics-3d-printer\/#primaryimage"},"thumbnailUrl":"https:\/\/stem.uy\/wp-content\/uploads\/2020\/04\/ft_3dpr_druckbeispiele_web2.jpg","datePublished":"2020-04-12T23:15:01+00:00","dateModified":"2020-05-02T16:45:59+00:00","breadcrumb":{"@id":"https:\/\/stem.uy\/index.php\/product\/robotics-3d-printer\/#breadcrumb"},"inLanguage":"es-UY","potentialAction":[{"@type":"ReadAction","target":["https:\/\/stem.uy\/index.php\/product\/robotics-3d-printer\/"]}]},{"@type":"ImageObject","inLanguage":"es-UY","@id":"https:\/\/stem.uy\/index.php\/product\/robotics-3d-printer\/#primaryimage","url":"https:\/\/stem.uy\/wp-content\/uploads\/2020\/04\/ft_3dpr_druckbeispiele_web2.jpg","contentUrl":"https:\/\/stem.uy\/wp-content\/uploads\/2020\/04\/ft_3dpr_druckbeispiele_web2.jpg","width":768,"height":432},{"@type":"BreadcrumbList","@id":"https:\/\/stem.uy\/index.php\/product\/robotics-3d-printer\/#breadcrumb","itemListElement":[{"@type":"ListItem","position":1,"name":"Home","item":"https:\/\/stem.uy\/"},{"@type":"ListItem","position":2,"name":"Inicio","item":"https:\/\/stem.uy\/"},{"@type":"ListItem","position":3,"name":"Robotics 3D Printer"}]},{"@type":"WebSite","@id":"https:\/\/stem.uy\/#website","url":"https:\/\/stem.uy\/","name":"Ciencia, Tecnolog\u00eda, Ingenier\u00eda &amp; Matem\u00e1ticas | Stem.uy","description":"","publisher":{"@id":"https:\/\/stem.uy\/#organization"},"potentialAction":[{"@type":"SearchAction","target":{"@type":"EntryPoint","urlTemplate":"https:\/\/stem.uy\/?s={search_term_string}"},"query-input":{"@type":"PropertyValueSpecification","valueRequired":true,"valueName":"search_term_string"}}],"inLanguage":"es-UY"},{"@type":"Organization","@id":"https:\/\/stem.uy\/#organization","name":"Ciencia, Tecnolog\u00eda, Ingenier\u00eda &amp; Matem\u00e1ticas | Stem.uy","url":"https:\/\/stem.uy\/","logo":{"@type":"ImageObject","inLanguage":"es-UY","@id":"https:\/\/stem.uy\/#\/schema\/logo\/image\/","url":"https:\/\/stem.uy\/wp-content\/uploads\/2019\/12\/stem-logo.png","contentUrl":"https:\/\/stem.uy\/wp-content\/uploads\/2019\/12\/stem-logo.png","width":320,"height":201,"caption":"Ciencia, Tecnolog\u00eda, Ingenier\u00eda &amp; Matem\u00e1ticas | Stem.uy"},"image":{"@id":"https:\/\/stem.uy\/#\/schema\/logo\/image\/"}}]}},"jetpack_sharing_enabled":true,"_links":{"self":[{"href":"https:\/\/stem.uy\/index.php\/wp-json\/wp\/v2\/product\/1754","targetHints":{"allow":["GET"]}}],"collection":[{"href":"https:\/\/stem.uy\/index.php\/wp-json\/wp\/v2\/product"}],"about":[{"href":"https:\/\/stem.uy\/index.php\/wp-json\/wp\/v2\/types\/product"}],"replies":[{"embeddable":true,"href":"https:\/\/stem.uy\/index.php\/wp-json\/wp\/v2\/comments?post=1754"}],"wp:featuredmedia":[{"embeddable":true,"href":"https:\/\/stem.uy\/index.php\/wp-json\/wp\/v2\/media\/1906"}],"wp:attachment":[{"href":"https:\/\/stem.uy\/index.php\/wp-json\/wp\/v2\/media?parent=1754"}],"wp:term":[{"taxonomy":"product_cat","embeddable":true,"href":"https:\/\/stem.uy\/index.php\/wp-json\/wp\/v2\/product_cat?post=1754"},{"taxonomy":"product_tag","embeddable":true,"href":"https:\/\/stem.uy\/index.php\/wp-json\/wp\/v2\/product_tag?post=1754"}],"curies":[{"name":"wp","href":"https:\/\/api.w.org\/{rel}","templated":true}]}}