{"id":1773,"date":"2020-04-12T23:15:04","date_gmt":"2020-04-12T23:15:04","guid":{"rendered":"https:\/\/stem.uy\/index.php\/product\/import-placeholder-for-10142\/"},"modified":"2020-05-02T16:20:46","modified_gmt":"2020-05-02T16:20:46","slug":"advanced-tractors-7","status":"publish","type":"product","link":"https:\/\/stem.uy\/index.php\/product\/advanced-tractors-7\/","title":{"rendered":"Advanced Tractors (7+)"},"content":{"rendered":"<p><strong>Tres tractores con sistema de direcci\u00f3n funcional por los pivotes del eje <\/strong><\/p>\n<p>Art.-No. 544617<\/p>\n<p>Principales caracter\u00edsticas:<\/p>\n<ul>\n<li>3 modelos<\/li>\n<li>130 piezas<\/li>\n<li>Apto para ni\u00f1os a partir de 3er a\u00f1o escolarDescripci\u00f3n de producto\n<p>A partir de m\u00e1s de 130 piezas se pueden construir tres modelos distintos de tractores. Los tres veh\u00edculos agr\u00edcolas aportan competencias de iniciaci\u00f3n a la tecnolog\u00eda, mediante el armado y comprensi\u00f3n de los mecanismos pivotantes.<\/p>\n<p>Cuentan con un sistema de direcci\u00f3n por eje fiel a la realidad.<\/p>\n<p>El peque\u00f1o hombre incluido incrementa de forma adicional el valor l\u00fadico de este kit de construcci\u00f3n.<\/p>\n<p>Forma\u00a0de\u00a0funcionamiento<\/p>\n<ul>\n<li>Sistema de direcci\u00f3n funcional por los pivotes del eje<\/li>\n<\/ul>\n<\/li>\n<\/ul>\n","protected":false},"excerpt":{"rendered":"<p><strong>Tres tractores con sistema de direcci\u00f3n funcional por los pivotes del eje <\/strong><\/p>\n<p>Art.-No. 544617<\/p>\n<p>Principales caracter\u00edsticas:<\/p>\n<ul>\n<li>3 modelos<\/li>\n<li>130 piezas<\/li>\n<li>Apto para ni\u00f1os a partir de 3er a\u00f1o escolar<\/li>\n<\/ul>\n","protected":false},"featured_media":1903,"comment_status":"open","ping_status":"closed","template":"","meta":[],"product_cat":[59],"product_tag":[],"class_list":["post-1773","product","type-product","status-publish","has-post-thumbnail","hentry","product_cat-advanced"],"yoast_head":"<!-- This site is optimized with the Yoast SEO plugin v24.9 - https:\/\/yoast.com\/wordpress\/plugins\/seo\/ -->\n<title>Advanced Tractors (7+) - Ciencia, Tecnolog\u00eda, Ingenier\u00eda &amp; Matem\u00e1ticas | Stem.uy<\/title>\n<meta name=\"robots\" content=\"index, follow, max-snippet:-1, max-image-preview:large, max-video-preview:-1\" \/>\n<link rel=\"canonical\" href=\"https:\/\/stem.uy\/index.php\/product\/advanced-tractors-7\/\" \/>\n<meta property=\"og:locale\" content=\"es_ES\" \/>\n<meta property=\"og:type\" content=\"article\" \/>\n<meta property=\"og:title\" content=\"Advanced Tractors (7+) - Ciencia, Tecnolog\u00eda, Ingenier\u00eda &amp; Matem\u00e1ticas | Stem.uy\" \/>\n<meta property=\"og:description\" content=\"Tres tractores con sistema de direcci\u00f3n funcional por los pivotes del eje   Art.-No. 544617  Principales caracter\u00edsticas:   3 modelos  130 piezas  Apto para ni\u00f1os a partir de 3er a\u00f1o escolar\" \/>\n<meta property=\"og:url\" content=\"https:\/\/stem.uy\/index.php\/product\/advanced-tractors-7\/\" \/>\n<meta property=\"og:site_name\" content=\"Ciencia, Tecnolog\u00eda, Ingenier\u00eda &amp; Matem\u00e1ticas | Stem.uy\" \/>\n<meta property=\"article:modified_time\" content=\"2020-05-02T16:20:46+00:00\" \/>\n<meta property=\"og:image\" content=\"https:\/\/stem.uy\/wp-content\/uploads\/2020\/04\/Funktionsicon_lenken.jpg\" \/>\n\t<meta property=\"og:image:width\" content=\"486\" \/>\n\t<meta property=\"og:image:height\" content=\"485\" \/>\n\t<meta property=\"og:image:type\" content=\"image\/jpeg\" \/>\n<meta name=\"twitter:card\" content=\"summary_large_image\" \/>\n<meta name=\"twitter:label1\" content=\"Est. reading time\" \/>\n\t<meta name=\"twitter:data1\" content=\"1 minuto\" \/>\n<script type=\"application\/ld+json\" class=\"yoast-schema-graph\">{\"@context\":\"https:\/\/schema.org\",\"@graph\":[{\"@type\":\"WebPage\",\"@id\":\"https:\/\/stem.uy\/index.php\/product\/advanced-tractors-7\/\",\"url\":\"https:\/\/stem.uy\/index.php\/product\/advanced-tractors-7\/\",\"name\":\"Advanced Tractors (7+) - Ciencia, Tecnolog\u00eda, Ingenier\u00eda &amp; Matem\u00e1ticas | Stem.uy\",\"isPartOf\":{\"@id\":\"https:\/\/stem.uy\/#website\"},\"primaryImageOfPage\":{\"@id\":\"https:\/\/stem.uy\/index.php\/product\/advanced-tractors-7\/#primaryimage\"},\"image\":{\"@id\":\"https:\/\/stem.uy\/index.php\/product\/advanced-tractors-7\/#primaryimage\"},\"thumbnailUrl\":\"https:\/\/stem.uy\/wp-content\/uploads\/2020\/04\/Funktionsicon_lenken.jpg\",\"datePublished\":\"2020-04-12T23:15:04+00:00\",\"dateModified\":\"2020-05-02T16:20:46+00:00\",\"breadcrumb\":{\"@id\":\"https:\/\/stem.uy\/index.php\/product\/advanced-tractors-7\/#breadcrumb\"},\"inLanguage\":\"es-UY\",\"potentialAction\":[{\"@type\":\"ReadAction\",\"target\":[\"https:\/\/stem.uy\/index.php\/product\/advanced-tractors-7\/\"]}]},{\"@type\":\"ImageObject\",\"inLanguage\":\"es-UY\",\"@id\":\"https:\/\/stem.uy\/index.php\/product\/advanced-tractors-7\/#primaryimage\",\"url\":\"https:\/\/stem.uy\/wp-content\/uploads\/2020\/04\/Funktionsicon_lenken.jpg\",\"contentUrl\":\"https:\/\/stem.uy\/wp-content\/uploads\/2020\/04\/Funktionsicon_lenken.jpg\",\"width\":486,\"height\":485},{\"@type\":\"BreadcrumbList\",\"@id\":\"https:\/\/stem.uy\/index.php\/product\/advanced-tractors-7\/#breadcrumb\",\"itemListElement\":[{\"@type\":\"ListItem\",\"position\":1,\"name\":\"Home\",\"item\":\"https:\/\/stem.uy\/\"},{\"@type\":\"ListItem\",\"position\":2,\"name\":\"Inicio\",\"item\":\"https:\/\/stem.uy\/\"},{\"@type\":\"ListItem\",\"position\":3,\"name\":\"Advanced Tractors (7+)\"}]},{\"@type\":\"WebSite\",\"@id\":\"https:\/\/stem.uy\/#website\",\"url\":\"https:\/\/stem.uy\/\",\"name\":\"Ciencia, Tecnolog\u00eda, Ingenier\u00eda &amp; Matem\u00e1ticas | Stem.uy\",\"description\":\"\",\"publisher\":{\"@id\":\"https:\/\/stem.uy\/#organization\"},\"potentialAction\":[{\"@type\":\"SearchAction\",\"target\":{\"@type\":\"EntryPoint\",\"urlTemplate\":\"https:\/\/stem.uy\/?s={search_term_string}\"},\"query-input\":{\"@type\":\"PropertyValueSpecification\",\"valueRequired\":true,\"valueName\":\"search_term_string\"}}],\"inLanguage\":\"es-UY\"},{\"@type\":\"Organization\",\"@id\":\"https:\/\/stem.uy\/#organization\",\"name\":\"Ciencia, Tecnolog\u00eda, Ingenier\u00eda &amp; Matem\u00e1ticas | Stem.uy\",\"url\":\"https:\/\/stem.uy\/\",\"logo\":{\"@type\":\"ImageObject\",\"inLanguage\":\"es-UY\",\"@id\":\"https:\/\/stem.uy\/#\/schema\/logo\/image\/\",\"url\":\"https:\/\/stem.uy\/wp-content\/uploads\/2019\/12\/stem-logo.png\",\"contentUrl\":\"https:\/\/stem.uy\/wp-content\/uploads\/2019\/12\/stem-logo.png\",\"width\":320,\"height\":201,\"caption\":\"Ciencia, Tecnolog\u00eda, Ingenier\u00eda &amp; Matem\u00e1ticas | Stem.uy\"},\"image\":{\"@id\":\"https:\/\/stem.uy\/#\/schema\/logo\/image\/\"}}]}<\/script>\n<!-- \/ Yoast SEO plugin. -->","yoast_head_json":{"title":"Advanced Tractors (7+) - Ciencia, Tecnolog\u00eda, Ingenier\u00eda &amp; Matem\u00e1ticas | Stem.uy","robots":{"index":"index","follow":"follow","max-snippet":"max-snippet:-1","max-image-preview":"max-image-preview:large","max-video-preview":"max-video-preview:-1"},"canonical":"https:\/\/stem.uy\/index.php\/product\/advanced-tractors-7\/","og_locale":"es_ES","og_type":"article","og_title":"Advanced Tractors (7+) - Ciencia, Tecnolog\u00eda, Ingenier\u00eda &amp; Matem\u00e1ticas | Stem.uy","og_description":"Tres tractores con sistema de direcci\u00f3n funcional por los pivotes del eje   Art.-No. 544617  Principales caracter\u00edsticas:   3 modelos  130 piezas  Apto para ni\u00f1os a partir de 3er a\u00f1o escolar","og_url":"https:\/\/stem.uy\/index.php\/product\/advanced-tractors-7\/","og_site_name":"Ciencia, Tecnolog\u00eda, Ingenier\u00eda &amp; Matem\u00e1ticas | Stem.uy","article_modified_time":"2020-05-02T16:20:46+00:00","og_image":[{"width":486,"height":485,"url":"https:\/\/stem.uy\/wp-content\/uploads\/2020\/04\/Funktionsicon_lenken.jpg","type":"image\/jpeg"}],"twitter_card":"summary_large_image","twitter_misc":{"Est. reading time":"1 minuto"},"schema":{"@context":"https:\/\/schema.org","@graph":[{"@type":"WebPage","@id":"https:\/\/stem.uy\/index.php\/product\/advanced-tractors-7\/","url":"https:\/\/stem.uy\/index.php\/product\/advanced-tractors-7\/","name":"Advanced Tractors (7+) - Ciencia, Tecnolog\u00eda, Ingenier\u00eda &amp; Matem\u00e1ticas | Stem.uy","isPartOf":{"@id":"https:\/\/stem.uy\/#website"},"primaryImageOfPage":{"@id":"https:\/\/stem.uy\/index.php\/product\/advanced-tractors-7\/#primaryimage"},"image":{"@id":"https:\/\/stem.uy\/index.php\/product\/advanced-tractors-7\/#primaryimage"},"thumbnailUrl":"https:\/\/stem.uy\/wp-content\/uploads\/2020\/04\/Funktionsicon_lenken.jpg","datePublished":"2020-04-12T23:15:04+00:00","dateModified":"2020-05-02T16:20:46+00:00","breadcrumb":{"@id":"https:\/\/stem.uy\/index.php\/product\/advanced-tractors-7\/#breadcrumb"},"inLanguage":"es-UY","potentialAction":[{"@type":"ReadAction","target":["https:\/\/stem.uy\/index.php\/product\/advanced-tractors-7\/"]}]},{"@type":"ImageObject","inLanguage":"es-UY","@id":"https:\/\/stem.uy\/index.php\/product\/advanced-tractors-7\/#primaryimage","url":"https:\/\/stem.uy\/wp-content\/uploads\/2020\/04\/Funktionsicon_lenken.jpg","contentUrl":"https:\/\/stem.uy\/wp-content\/uploads\/2020\/04\/Funktionsicon_lenken.jpg","width":486,"height":485},{"@type":"BreadcrumbList","@id":"https:\/\/stem.uy\/index.php\/product\/advanced-tractors-7\/#breadcrumb","itemListElement":[{"@type":"ListItem","position":1,"name":"Home","item":"https:\/\/stem.uy\/"},{"@type":"ListItem","position":2,"name":"Inicio","item":"https:\/\/stem.uy\/"},{"@type":"ListItem","position":3,"name":"Advanced Tractors (7+)"}]},{"@type":"WebSite","@id":"https:\/\/stem.uy\/#website","url":"https:\/\/stem.uy\/","name":"Ciencia, Tecnolog\u00eda, Ingenier\u00eda &amp; Matem\u00e1ticas | Stem.uy","description":"","publisher":{"@id":"https:\/\/stem.uy\/#organization"},"potentialAction":[{"@type":"SearchAction","target":{"@type":"EntryPoint","urlTemplate":"https:\/\/stem.uy\/?s={search_term_string}"},"query-input":{"@type":"PropertyValueSpecification","valueRequired":true,"valueName":"search_term_string"}}],"inLanguage":"es-UY"},{"@type":"Organization","@id":"https:\/\/stem.uy\/#organization","name":"Ciencia, Tecnolog\u00eda, Ingenier\u00eda &amp; Matem\u00e1ticas | Stem.uy","url":"https:\/\/stem.uy\/","logo":{"@type":"ImageObject","inLanguage":"es-UY","@id":"https:\/\/stem.uy\/#\/schema\/logo\/image\/","url":"https:\/\/stem.uy\/wp-content\/uploads\/2019\/12\/stem-logo.png","contentUrl":"https:\/\/stem.uy\/wp-content\/uploads\/2019\/12\/stem-logo.png","width":320,"height":201,"caption":"Ciencia, Tecnolog\u00eda, Ingenier\u00eda &amp; Matem\u00e1ticas | Stem.uy"},"image":{"@id":"https:\/\/stem.uy\/#\/schema\/logo\/image\/"}}]}},"jetpack_sharing_enabled":true,"_links":{"self":[{"href":"https:\/\/stem.uy\/index.php\/wp-json\/wp\/v2\/product\/1773","targetHints":{"allow":["GET"]}}],"collection":[{"href":"https:\/\/stem.uy\/index.php\/wp-json\/wp\/v2\/product"}],"about":[{"href":"https:\/\/stem.uy\/index.php\/wp-json\/wp\/v2\/types\/product"}],"replies":[{"embeddable":true,"href":"https:\/\/stem.uy\/index.php\/wp-json\/wp\/v2\/comments?post=1773"}],"wp:featuredmedia":[{"embeddable":true,"href":"https:\/\/stem.uy\/index.php\/wp-json\/wp\/v2\/media\/1903"}],"wp:attachment":[{"href":"https:\/\/stem.uy\/index.php\/wp-json\/wp\/v2\/media?parent=1773"}],"wp:term":[{"taxonomy":"product_cat","embeddable":true,"href":"https:\/\/stem.uy\/index.php\/wp-json\/wp\/v2\/product_cat?post=1773"},{"taxonomy":"product_tag","embeddable":true,"href":"https:\/\/stem.uy\/index.php\/wp-json\/wp\/v2\/product_tag?post=1773"}],"curies":[{"name":"wp","href":"https:\/\/api.w.org\/{rel}","templated":true}]}}