{"id":1774,"date":"2020-04-12T23:15:05","date_gmt":"2020-04-12T23:15:05","guid":{"rendered":"https:\/\/stem.uy\/index.php\/product\/import-placeholder-for-10134\/"},"modified":"2020-05-02T15:34:13","modified_gmt":"2020-05-02T15:34:13","slug":"profi-dinamic-xxl-9","status":"publish","type":"product","link":"https:\/\/stem.uy\/index.php\/product\/profi-dinamic-xxl-9\/","title":{"rendered":"Profi Dinamic XXL (9+)"},"content":{"rendered":"<p>A\u00fan m\u00e1s alto, m\u00e1s r\u00e1pido y con m\u00e1s acci\u00f3n: esto es lo que garantiza el nuevo kit Dynamic XXL.<\/p>\n<p>Con casi un metro de altura, un circuito de hasta 5,60 m de longitud, numerosas funciones, nuevas piezas y direcciones ajustables, este kit de construcci\u00f3n permite medici\u00f3n y estudio de efectos de la din\u00e1mica.<\/p>\n<p>Con los nuevos tubos flexibles se pueden crear nuevos circuitos de alta velocidad. Las bolas corren por un balanc\u00edn mec\u00e1nico hacia distintos circuitos. Despu\u00e9s, vuelan por el bucle en su camino hacia abajo, pasando por el quarter pipe, a trav\u00e9s del bucle para saltos y de otros desaf\u00edos. Ahora es posible un mayor nivel de interacci\u00f3n al intervenir en el recorrido de la bola. Por medio de una aguja mec\u00e1nica ajustable se puede acomodar el trayecto de las gu\u00edas flexibles y a trav\u00e9s de otra aguja ajustable con palanca para cambio de direcci\u00f3n se puede determinar el recorrido como se desee. Asimismo, en un sitio de detenci\u00f3n se pueden detener las bolas, as\u00ed como habilitar su paso. Al llegar abajo, las bolas volver\u00e1n a transportarse hacia arriba mediante el elevador con cadenas accionadas por un motor XS. Existe la posibilidad de construir tres recorridos distintos para las bolas con un alto grado de versatilidad en su concepci\u00f3n.<\/p>\n<p>Ampliando el kit de construcci\u00f3n con los <strong>kits PLUS Bluetooth Control Set y Motor Set XS (hasta dos veces)<\/strong>, los puntos de interacci\u00f3n tales como, por ejemplo, las agujas ajustables o el punto de parada pueden controlarse v\u00eda Bluetooth mediante un controlador o con el smartphone o la tablet.<\/p>\n<p>&nbsp;<\/p>\n","protected":false},"excerpt":{"rendered":"<p><strong>Megamodelo demostrativo de circuitos de bolas <\/strong><\/p>\n<p>Art.-No. 544619<\/p>\n<p>Principales caracter\u00edsticas:<\/p>\n<ul>\n<li>3 modelos<\/li>\n<li>1310 piezas<\/li>\n<\/ul>\n","protected":false},"featured_media":1806,"comment_status":"open","ping_status":"closed","template":"","meta":[],"product_cat":[59],"product_tag":[],"class_list":["post-1774","product","type-product","status-publish","has-post-thumbnail","hentry","product_cat-advanced"],"yoast_head":"<!-- This site is optimized with the Yoast SEO plugin v24.9 - https:\/\/yoast.com\/wordpress\/plugins\/seo\/ -->\n<title>Profi Dinamic XXL (9+) - Ciencia, Tecnolog\u00eda, Ingenier\u00eda &amp; Matem\u00e1ticas | Stem.uy<\/title>\n<meta name=\"robots\" content=\"index, follow, max-snippet:-1, max-image-preview:large, max-video-preview:-1\" \/>\n<link rel=\"canonical\" href=\"https:\/\/stem.uy\/index.php\/product\/profi-dinamic-xxl-9\/\" \/>\n<meta property=\"og:locale\" content=\"es_ES\" \/>\n<meta property=\"og:type\" content=\"article\" \/>\n<meta property=\"og:title\" content=\"Profi Dinamic XXL (9+) - Ciencia, Tecnolog\u00eda, Ingenier\u00eda &amp; Matem\u00e1ticas | Stem.uy\" \/>\n<meta property=\"og:description\" content=\"Megamodelo demostrativo de circuitos de bolas   Art.-No. 544619  Principales caracter\u00edsticas:   3 modelos  1310 piezas\" \/>\n<meta property=\"og:url\" content=\"https:\/\/stem.uy\/index.php\/product\/profi-dinamic-xxl-9\/\" \/>\n<meta property=\"og:site_name\" content=\"Ciencia, Tecnolog\u00eda, Ingenier\u00eda &amp; Matem\u00e1ticas | Stem.uy\" \/>\n<meta property=\"article:modified_time\" content=\"2020-05-02T15:34:13+00:00\" \/>\n<meta property=\"og:image\" content=\"https:\/\/stem.uy\/wp-content\/uploads\/2020\/04\/544619_Modell3-.jpg\" \/>\n\t<meta property=\"og:image:width\" content=\"800\" \/>\n\t<meta property=\"og:image:height\" content=\"600\" \/>\n\t<meta property=\"og:image:type\" content=\"image\/jpeg\" \/>\n<meta name=\"twitter:card\" content=\"summary_large_image\" \/>\n<meta name=\"twitter:label1\" content=\"Est. reading time\" \/>\n\t<meta name=\"twitter:data1\" content=\"1 minuto\" \/>\n<script type=\"application\/ld+json\" class=\"yoast-schema-graph\">{\"@context\":\"https:\/\/schema.org\",\"@graph\":[{\"@type\":\"WebPage\",\"@id\":\"https:\/\/stem.uy\/index.php\/product\/profi-dinamic-xxl-9\/\",\"url\":\"https:\/\/stem.uy\/index.php\/product\/profi-dinamic-xxl-9\/\",\"name\":\"Profi Dinamic XXL (9+) - Ciencia, Tecnolog\u00eda, Ingenier\u00eda &amp; Matem\u00e1ticas | Stem.uy\",\"isPartOf\":{\"@id\":\"https:\/\/stem.uy\/#website\"},\"primaryImageOfPage\":{\"@id\":\"https:\/\/stem.uy\/index.php\/product\/profi-dinamic-xxl-9\/#primaryimage\"},\"image\":{\"@id\":\"https:\/\/stem.uy\/index.php\/product\/profi-dinamic-xxl-9\/#primaryimage\"},\"thumbnailUrl\":\"https:\/\/stem.uy\/wp-content\/uploads\/2020\/04\/544619_Modell3-.jpg\",\"datePublished\":\"2020-04-12T23:15:05+00:00\",\"dateModified\":\"2020-05-02T15:34:13+00:00\",\"breadcrumb\":{\"@id\":\"https:\/\/stem.uy\/index.php\/product\/profi-dinamic-xxl-9\/#breadcrumb\"},\"inLanguage\":\"es-UY\",\"potentialAction\":[{\"@type\":\"ReadAction\",\"target\":[\"https:\/\/stem.uy\/index.php\/product\/profi-dinamic-xxl-9\/\"]}]},{\"@type\":\"ImageObject\",\"inLanguage\":\"es-UY\",\"@id\":\"https:\/\/stem.uy\/index.php\/product\/profi-dinamic-xxl-9\/#primaryimage\",\"url\":\"https:\/\/stem.uy\/wp-content\/uploads\/2020\/04\/544619_Modell3-.jpg\",\"contentUrl\":\"https:\/\/stem.uy\/wp-content\/uploads\/2020\/04\/544619_Modell3-.jpg\",\"width\":800,\"height\":600},{\"@type\":\"BreadcrumbList\",\"@id\":\"https:\/\/stem.uy\/index.php\/product\/profi-dinamic-xxl-9\/#breadcrumb\",\"itemListElement\":[{\"@type\":\"ListItem\",\"position\":1,\"name\":\"Home\",\"item\":\"https:\/\/stem.uy\/\"},{\"@type\":\"ListItem\",\"position\":2,\"name\":\"Inicio\",\"item\":\"https:\/\/stem.uy\/\"},{\"@type\":\"ListItem\",\"position\":3,\"name\":\"Profi Dinamic XXL (9+)\"}]},{\"@type\":\"WebSite\",\"@id\":\"https:\/\/stem.uy\/#website\",\"url\":\"https:\/\/stem.uy\/\",\"name\":\"Ciencia, Tecnolog\u00eda, Ingenier\u00eda &amp; Matem\u00e1ticas | Stem.uy\",\"description\":\"\",\"publisher\":{\"@id\":\"https:\/\/stem.uy\/#organization\"},\"potentialAction\":[{\"@type\":\"SearchAction\",\"target\":{\"@type\":\"EntryPoint\",\"urlTemplate\":\"https:\/\/stem.uy\/?s={search_term_string}\"},\"query-input\":{\"@type\":\"PropertyValueSpecification\",\"valueRequired\":true,\"valueName\":\"search_term_string\"}}],\"inLanguage\":\"es-UY\"},{\"@type\":\"Organization\",\"@id\":\"https:\/\/stem.uy\/#organization\",\"name\":\"Ciencia, Tecnolog\u00eda, Ingenier\u00eda &amp; Matem\u00e1ticas | Stem.uy\",\"url\":\"https:\/\/stem.uy\/\",\"logo\":{\"@type\":\"ImageObject\",\"inLanguage\":\"es-UY\",\"@id\":\"https:\/\/stem.uy\/#\/schema\/logo\/image\/\",\"url\":\"https:\/\/stem.uy\/wp-content\/uploads\/2019\/12\/stem-logo.png\",\"contentUrl\":\"https:\/\/stem.uy\/wp-content\/uploads\/2019\/12\/stem-logo.png\",\"width\":320,\"height\":201,\"caption\":\"Ciencia, Tecnolog\u00eda, Ingenier\u00eda &amp; Matem\u00e1ticas | Stem.uy\"},\"image\":{\"@id\":\"https:\/\/stem.uy\/#\/schema\/logo\/image\/\"}}]}<\/script>\n<!-- \/ Yoast SEO plugin. -->","yoast_head_json":{"title":"Profi Dinamic XXL (9+) - Ciencia, Tecnolog\u00eda, Ingenier\u00eda &amp; Matem\u00e1ticas | Stem.uy","robots":{"index":"index","follow":"follow","max-snippet":"max-snippet:-1","max-image-preview":"max-image-preview:large","max-video-preview":"max-video-preview:-1"},"canonical":"https:\/\/stem.uy\/index.php\/product\/profi-dinamic-xxl-9\/","og_locale":"es_ES","og_type":"article","og_title":"Profi Dinamic XXL (9+) - Ciencia, Tecnolog\u00eda, Ingenier\u00eda &amp; Matem\u00e1ticas | Stem.uy","og_description":"Megamodelo demostrativo de circuitos de bolas   Art.-No. 544619  Principales caracter\u00edsticas:   3 modelos  1310 piezas","og_url":"https:\/\/stem.uy\/index.php\/product\/profi-dinamic-xxl-9\/","og_site_name":"Ciencia, Tecnolog\u00eda, Ingenier\u00eda &amp; Matem\u00e1ticas | Stem.uy","article_modified_time":"2020-05-02T15:34:13+00:00","og_image":[{"width":800,"height":600,"url":"https:\/\/stem.uy\/wp-content\/uploads\/2020\/04\/544619_Modell3-.jpg","type":"image\/jpeg"}],"twitter_card":"summary_large_image","twitter_misc":{"Est. reading time":"1 minuto"},"schema":{"@context":"https:\/\/schema.org","@graph":[{"@type":"WebPage","@id":"https:\/\/stem.uy\/index.php\/product\/profi-dinamic-xxl-9\/","url":"https:\/\/stem.uy\/index.php\/product\/profi-dinamic-xxl-9\/","name":"Profi Dinamic XXL (9+) - Ciencia, Tecnolog\u00eda, Ingenier\u00eda &amp; Matem\u00e1ticas | Stem.uy","isPartOf":{"@id":"https:\/\/stem.uy\/#website"},"primaryImageOfPage":{"@id":"https:\/\/stem.uy\/index.php\/product\/profi-dinamic-xxl-9\/#primaryimage"},"image":{"@id":"https:\/\/stem.uy\/index.php\/product\/profi-dinamic-xxl-9\/#primaryimage"},"thumbnailUrl":"https:\/\/stem.uy\/wp-content\/uploads\/2020\/04\/544619_Modell3-.jpg","datePublished":"2020-04-12T23:15:05+00:00","dateModified":"2020-05-02T15:34:13+00:00","breadcrumb":{"@id":"https:\/\/stem.uy\/index.php\/product\/profi-dinamic-xxl-9\/#breadcrumb"},"inLanguage":"es-UY","potentialAction":[{"@type":"ReadAction","target":["https:\/\/stem.uy\/index.php\/product\/profi-dinamic-xxl-9\/"]}]},{"@type":"ImageObject","inLanguage":"es-UY","@id":"https:\/\/stem.uy\/index.php\/product\/profi-dinamic-xxl-9\/#primaryimage","url":"https:\/\/stem.uy\/wp-content\/uploads\/2020\/04\/544619_Modell3-.jpg","contentUrl":"https:\/\/stem.uy\/wp-content\/uploads\/2020\/04\/544619_Modell3-.jpg","width":800,"height":600},{"@type":"BreadcrumbList","@id":"https:\/\/stem.uy\/index.php\/product\/profi-dinamic-xxl-9\/#breadcrumb","itemListElement":[{"@type":"ListItem","position":1,"name":"Home","item":"https:\/\/stem.uy\/"},{"@type":"ListItem","position":2,"name":"Inicio","item":"https:\/\/stem.uy\/"},{"@type":"ListItem","position":3,"name":"Profi Dinamic XXL (9+)"}]},{"@type":"WebSite","@id":"https:\/\/stem.uy\/#website","url":"https:\/\/stem.uy\/","name":"Ciencia, Tecnolog\u00eda, Ingenier\u00eda &amp; Matem\u00e1ticas | Stem.uy","description":"","publisher":{"@id":"https:\/\/stem.uy\/#organization"},"potentialAction":[{"@type":"SearchAction","target":{"@type":"EntryPoint","urlTemplate":"https:\/\/stem.uy\/?s={search_term_string}"},"query-input":{"@type":"PropertyValueSpecification","valueRequired":true,"valueName":"search_term_string"}}],"inLanguage":"es-UY"},{"@type":"Organization","@id":"https:\/\/stem.uy\/#organization","name":"Ciencia, Tecnolog\u00eda, Ingenier\u00eda &amp; Matem\u00e1ticas | Stem.uy","url":"https:\/\/stem.uy\/","logo":{"@type":"ImageObject","inLanguage":"es-UY","@id":"https:\/\/stem.uy\/#\/schema\/logo\/image\/","url":"https:\/\/stem.uy\/wp-content\/uploads\/2019\/12\/stem-logo.png","contentUrl":"https:\/\/stem.uy\/wp-content\/uploads\/2019\/12\/stem-logo.png","width":320,"height":201,"caption":"Ciencia, Tecnolog\u00eda, Ingenier\u00eda &amp; Matem\u00e1ticas | Stem.uy"},"image":{"@id":"https:\/\/stem.uy\/#\/schema\/logo\/image\/"}}]}},"jetpack_sharing_enabled":true,"_links":{"self":[{"href":"https:\/\/stem.uy\/index.php\/wp-json\/wp\/v2\/product\/1774","targetHints":{"allow":["GET"]}}],"collection":[{"href":"https:\/\/stem.uy\/index.php\/wp-json\/wp\/v2\/product"}],"about":[{"href":"https:\/\/stem.uy\/index.php\/wp-json\/wp\/v2\/types\/product"}],"replies":[{"embeddable":true,"href":"https:\/\/stem.uy\/index.php\/wp-json\/wp\/v2\/comments?post=1774"}],"wp:featuredmedia":[{"embeddable":true,"href":"https:\/\/stem.uy\/index.php\/wp-json\/wp\/v2\/media\/1806"}],"wp:attachment":[{"href":"https:\/\/stem.uy\/index.php\/wp-json\/wp\/v2\/media?parent=1774"}],"wp:term":[{"taxonomy":"product_cat","embeddable":true,"href":"https:\/\/stem.uy\/index.php\/wp-json\/wp\/v2\/product_cat?post=1774"},{"taxonomy":"product_tag","embeddable":true,"href":"https:\/\/stem.uy\/index.php\/wp-json\/wp\/v2\/product_tag?post=1774"}],"curies":[{"name":"wp","href":"https:\/\/api.w.org\/{rel}","templated":true}]}}