{"id":1777,"date":"2020-04-12T23:15:05","date_gmt":"2020-04-12T23:15:05","guid":{"rendered":"https:\/\/stem.uy\/index.php\/product\/import-placeholder-for-10113\/"},"modified":"2020-05-02T23:07:27","modified_gmt":"2020-05-02T23:07:27","slug":"stem-prep-2-0-538424-physics-robotics-533022-energy-505287-power","status":"publish","type":"product","link":"https:\/\/stem.uy\/index.php\/product\/stem-prep-2-0-538424-physics-robotics-533022-energy-505287-power\/","title":{"rendered":"STEM PREP 2.0 (538424 Physics, Robotics, 533022 Energy &#038; 505287 Power)"},"content":{"rendered":"<p>Descripci\u00f3n de producto<\/p>\n<p>\u201cEl programa STEM de fischertechnik re\u00fane los est\u00e1ndares de matem\u00e1ticas, lectura y escritura de las asignaturas obligatorias con los est\u00e1ndares de la educaci\u00f3n cient\u00edfica nacional y los est\u00e1ndares de ISTE e ITEEA. El set STEM PREP cubre f\u00e1cilmente algunos meses del periodo escolar y familiariza al estudiante con la tecnolog\u00eda aplicada mediante un acercamiento sistem\u00e1tico a la f\u00edsica, rob\u00f3tica, energ\u00eda y potencia.\u201d<\/p>\n<h3>Materiales instructivos adicionales:<\/h3>\n<p>El CD que viene incluido con el kit de construcci\u00f3n incluye un tutorial MINT integral y completo (en ingl\u00e9s), que les ofrece a los maestros y estudiantes una amplia variedad de diferentes modelos y tareas ilustrativas. Esto hace que sea m\u00e1s f\u00e1cil desarrollar y preparar planes de clases, y tambi\u00e9n incluye un gran n\u00famero de tareas y problemas con soluciones, como as\u00ed tambi\u00e9n folletos y plantillas de copia. Los materiales did\u00e1cticos de fischertechnik ayudan y apoyan a los maestros para compartir conocimientos y contenido t\u00e9cnicos con estudiantes y aprendices de escuela primaria y secundaria, para que puedan trabajar independientemente con modelos y retener conocimientos a largo plazo.<\/p>\n<h3>Contenido del producto:<\/h3>\n<p>Total de 2260 piezas, incluso 1 x BT controlador inteligente, 1 x licencia de software escolar para RoboPro Light, 4 x motores: 1 x cada motor mini, XS, solar y de retracci\u00f3n 1 x compresor, 2 x m\u00f3dulo solar, 1 x sistema de almacenamiento de energ\u00eda Gold Cap, 1 x luz LED, 2 x LED arcoiris, 2 x transistor fotogr\u00e1fico, 1 x resistencia NTC, 2 x botones y, 1 x manual de construcci\u00f3n impreso incluido, 1 x materiales did\u00e1cticos en CD incluido, 1 x caja de almacenamiento resistente con portada y lista de piezas..<\/p>\n<p>Ejes centrales de la clase:<\/p>\n<ul>\n<li>Rob\u00f3tica\/f\u00edsica\/energ\u00eda\/controladores<\/li>\n<li>M\u00e1quinas simples<\/li>\n<li>Sistemas mec\u00e1nicos<\/li>\n<li>Fuerzas\/estructuras<\/li>\n<li>Neum\u00e1tica<\/li>\n<li>Energ\u00eda potencial y cin\u00e9tica<\/li>\n<li>Conversi\u00f3n de energ\u00eda\/almacenamiento de energia y retenci\u00f3n de energ\u00eda<\/li>\n<li>Electr\u00f3nica\/electricidad<\/li>\n<li>\u00d3ptica<\/li>\n<li>Comunicaci\u00f3n digital y programaci\u00f3n de controladores<\/li>\n<\/ul>\n<p>&nbsp;<\/p>\n<p>Objetivos de aprendizaje m\u00e1s importantes:<\/p>\n<ul>\n<li>Comprender las funciones m\u00e1s importantes dentro de las \u00e1reas de ense\u00f1anza<\/li>\n<li>Comprender y reforzar contenido de aprendizaje m\u00e1s profundo al construir modelos de diferentes niveles de dificultad<\/li>\n<li>Comprender los principios MINT b\u00e1scios a lo largo de diferentes temas<\/li>\n<li>Conjunto de construcci\u00f3n ideal para trabajos de proyecto, tambi\u00e9n puede utilizarse por un per\u00edodo m\u00e1s largo<\/li>\n<li>Practicar y profundizar procesos din\u00e1micos y sociales a trav\u00e9s del trabajo en grupo<\/li>\n<\/ul>\n<p>&nbsp;<\/p>\n<h3>El Education Set incluye lo siguiente:<\/h3>\n<ul>\n<li>BT Smart Controller<\/li>\n<li>CD con software de control ROBO Pro Light<\/li>\n<li>M\u00f3dulo Electronics<\/li>\n<li>Motor XS<\/li>\n<li>Mini motor<\/li>\n<li>Motor solar<\/li>\n<li>Motor de retroceso<\/li>\n<li>Compresor<\/li>\n<li>2 m\u00f3dulos solares<\/li>\n<li>Acumulador de energ\u00eda Gold Cap<\/li>\n<li>LED<\/li>\n<li>2 luces LED Rainbow<\/li>\n<li>Fototransistor<\/li>\n<li>Resistencia NTC<\/li>\n<li>2 pulsadores<\/li>\n<\/ul>\n","protected":false},"excerpt":{"rendered":"<p><strong>STEM PREP 2.0 <\/strong><\/p>\n<p><strong>Aprendizaje basado en proyectos en las asignaturas MINT <\/strong><\/p>\n<p>(Matem\u00e1ticas, Inform\u00e1tica, Ciencias Naturales, Tecnolog\u00eda).<\/p>\n<p>Art.-No. 548904<\/p>\n<p>Principales caracter\u00edsticas:<\/p>\n<ul>\n<li>118 modelos<\/li>\n<li>2260 piezas<\/li>\n<li>Educaci\u00f3n Secundaria, universidad y formaci\u00f3n profesional<\/li>\n<\/ul>\n","protected":false},"featured_media":2012,"comment_status":"open","ping_status":"closed","template":"","meta":[],"product_cat":[22],"product_tag":[],"class_list":["post-1777","product","type-product","status-publish","has-post-thumbnail","hentry","product_cat-special-stem-sets"],"yoast_head":"<!-- This site is optimized with the Yoast SEO plugin v24.9 - https:\/\/yoast.com\/wordpress\/plugins\/seo\/ -->\n<title>STEM PREP 2.0 (538424 Physics, Robotics, 533022 Energy &amp; 505287 Power) - Ciencia, Tecnolog\u00eda, Ingenier\u00eda &amp; Matem\u00e1ticas | Stem.uy<\/title>\n<meta name=\"robots\" content=\"index, follow, max-snippet:-1, max-image-preview:large, max-video-preview:-1\" \/>\n<link rel=\"canonical\" href=\"https:\/\/stem.uy\/index.php\/product\/stem-prep-2-0-538424-physics-robotics-533022-energy-505287-power\/\" \/>\n<meta property=\"og:locale\" content=\"es_ES\" \/>\n<meta property=\"og:type\" content=\"article\" \/>\n<meta property=\"og:title\" content=\"STEM PREP 2.0 (538424 Physics, Robotics, 533022 Energy &amp; 505287 Power) - Ciencia, Tecnolog\u00eda, Ingenier\u00eda &amp; Matem\u00e1ticas | Stem.uy\" \/>\n<meta property=\"og:description\" content=\"STEM PREP 2.0   Aprendizaje basado en proyectos en las asignaturas MINT   (Matem\u00e1ticas, Inform\u00e1tica, Ciencias Naturales, Tecnolog\u00eda).  Art.-No. 548904  Principales caracter\u00edsticas:   118 modelos  2260 piezas  Educaci\u00f3n Secundaria, universidad y formaci\u00f3n profesional\" \/>\n<meta property=\"og:url\" content=\"https:\/\/stem.uy\/index.php\/product\/stem-prep-2-0-538424-physics-robotics-533022-energy-505287-power\/\" \/>\n<meta property=\"og:site_name\" content=\"Ciencia, Tecnolog\u00eda, Ingenier\u00eda &amp; Matem\u00e1ticas | Stem.uy\" \/>\n<meta property=\"article:modified_time\" content=\"2020-05-02T23:07:27+00:00\" \/>\n<meta property=\"og:image\" content=\"https:\/\/stem.uy\/wp-content\/uploads\/2020\/04\/STEM_PREP_2.jpg\" \/>\n\t<meta property=\"og:image:width\" content=\"800\" \/>\n\t<meta property=\"og:image:height\" content=\"600\" \/>\n\t<meta property=\"og:image:type\" content=\"image\/jpeg\" \/>\n<meta name=\"twitter:card\" content=\"summary_large_image\" \/>\n<meta name=\"twitter:label1\" content=\"Est. reading time\" \/>\n\t<meta name=\"twitter:data1\" content=\"2 minutos\" \/>\n<script type=\"application\/ld+json\" class=\"yoast-schema-graph\">{\"@context\":\"https:\/\/schema.org\",\"@graph\":[{\"@type\":\"WebPage\",\"@id\":\"https:\/\/stem.uy\/index.php\/product\/stem-prep-2-0-538424-physics-robotics-533022-energy-505287-power\/\",\"url\":\"https:\/\/stem.uy\/index.php\/product\/stem-prep-2-0-538424-physics-robotics-533022-energy-505287-power\/\",\"name\":\"STEM PREP 2.0 (538424 Physics, Robotics, 533022 Energy & 505287 Power) - Ciencia, Tecnolog\u00eda, Ingenier\u00eda &amp; Matem\u00e1ticas | Stem.uy\",\"isPartOf\":{\"@id\":\"https:\/\/stem.uy\/#website\"},\"primaryImageOfPage\":{\"@id\":\"https:\/\/stem.uy\/index.php\/product\/stem-prep-2-0-538424-physics-robotics-533022-energy-505287-power\/#primaryimage\"},\"image\":{\"@id\":\"https:\/\/stem.uy\/index.php\/product\/stem-prep-2-0-538424-physics-robotics-533022-energy-505287-power\/#primaryimage\"},\"thumbnailUrl\":\"https:\/\/stem.uy\/wp-content\/uploads\/2020\/04\/STEM_PREP_2.jpg\",\"datePublished\":\"2020-04-12T23:15:05+00:00\",\"dateModified\":\"2020-05-02T23:07:27+00:00\",\"breadcrumb\":{\"@id\":\"https:\/\/stem.uy\/index.php\/product\/stem-prep-2-0-538424-physics-robotics-533022-energy-505287-power\/#breadcrumb\"},\"inLanguage\":\"es-UY\",\"potentialAction\":[{\"@type\":\"ReadAction\",\"target\":[\"https:\/\/stem.uy\/index.php\/product\/stem-prep-2-0-538424-physics-robotics-533022-energy-505287-power\/\"]}]},{\"@type\":\"ImageObject\",\"inLanguage\":\"es-UY\",\"@id\":\"https:\/\/stem.uy\/index.php\/product\/stem-prep-2-0-538424-physics-robotics-533022-energy-505287-power\/#primaryimage\",\"url\":\"https:\/\/stem.uy\/wp-content\/uploads\/2020\/04\/STEM_PREP_2.jpg\",\"contentUrl\":\"https:\/\/stem.uy\/wp-content\/uploads\/2020\/04\/STEM_PREP_2.jpg\",\"width\":800,\"height\":600},{\"@type\":\"BreadcrumbList\",\"@id\":\"https:\/\/stem.uy\/index.php\/product\/stem-prep-2-0-538424-physics-robotics-533022-energy-505287-power\/#breadcrumb\",\"itemListElement\":[{\"@type\":\"ListItem\",\"position\":1,\"name\":\"Home\",\"item\":\"https:\/\/stem.uy\/\"},{\"@type\":\"ListItem\",\"position\":2,\"name\":\"Inicio\",\"item\":\"https:\/\/stem.uy\/\"},{\"@type\":\"ListItem\",\"position\":3,\"name\":\"STEM PREP 2.0 (538424 Physics, Robotics, 533022 Energy &#038; 505287 Power)\"}]},{\"@type\":\"WebSite\",\"@id\":\"https:\/\/stem.uy\/#website\",\"url\":\"https:\/\/stem.uy\/\",\"name\":\"Ciencia, Tecnolog\u00eda, Ingenier\u00eda &amp; Matem\u00e1ticas | Stem.uy\",\"description\":\"\",\"publisher\":{\"@id\":\"https:\/\/stem.uy\/#organization\"},\"potentialAction\":[{\"@type\":\"SearchAction\",\"target\":{\"@type\":\"EntryPoint\",\"urlTemplate\":\"https:\/\/stem.uy\/?s={search_term_string}\"},\"query-input\":{\"@type\":\"PropertyValueSpecification\",\"valueRequired\":true,\"valueName\":\"search_term_string\"}}],\"inLanguage\":\"es-UY\"},{\"@type\":\"Organization\",\"@id\":\"https:\/\/stem.uy\/#organization\",\"name\":\"Ciencia, Tecnolog\u00eda, Ingenier\u00eda &amp; Matem\u00e1ticas | Stem.uy\",\"url\":\"https:\/\/stem.uy\/\",\"logo\":{\"@type\":\"ImageObject\",\"inLanguage\":\"es-UY\",\"@id\":\"https:\/\/stem.uy\/#\/schema\/logo\/image\/\",\"url\":\"https:\/\/stem.uy\/wp-content\/uploads\/2019\/12\/stem-logo.png\",\"contentUrl\":\"https:\/\/stem.uy\/wp-content\/uploads\/2019\/12\/stem-logo.png\",\"width\":320,\"height\":201,\"caption\":\"Ciencia, Tecnolog\u00eda, Ingenier\u00eda &amp; Matem\u00e1ticas | Stem.uy\"},\"image\":{\"@id\":\"https:\/\/stem.uy\/#\/schema\/logo\/image\/\"}}]}<\/script>\n<!-- \/ Yoast SEO plugin. -->","yoast_head_json":{"title":"STEM PREP 2.0 (538424 Physics, Robotics, 533022 Energy & 505287 Power) - Ciencia, Tecnolog\u00eda, Ingenier\u00eda &amp; Matem\u00e1ticas | Stem.uy","robots":{"index":"index","follow":"follow","max-snippet":"max-snippet:-1","max-image-preview":"max-image-preview:large","max-video-preview":"max-video-preview:-1"},"canonical":"https:\/\/stem.uy\/index.php\/product\/stem-prep-2-0-538424-physics-robotics-533022-energy-505287-power\/","og_locale":"es_ES","og_type":"article","og_title":"STEM PREP 2.0 (538424 Physics, Robotics, 533022 Energy & 505287 Power) - Ciencia, Tecnolog\u00eda, Ingenier\u00eda &amp; Matem\u00e1ticas | Stem.uy","og_description":"STEM PREP 2.0   Aprendizaje basado en proyectos en las asignaturas MINT   (Matem\u00e1ticas, Inform\u00e1tica, Ciencias Naturales, Tecnolog\u00eda).  Art.-No. 548904  Principales caracter\u00edsticas:   118 modelos  2260 piezas  Educaci\u00f3n Secundaria, universidad y formaci\u00f3n profesional","og_url":"https:\/\/stem.uy\/index.php\/product\/stem-prep-2-0-538424-physics-robotics-533022-energy-505287-power\/","og_site_name":"Ciencia, Tecnolog\u00eda, Ingenier\u00eda &amp; Matem\u00e1ticas | Stem.uy","article_modified_time":"2020-05-02T23:07:27+00:00","og_image":[{"width":800,"height":600,"url":"https:\/\/stem.uy\/wp-content\/uploads\/2020\/04\/STEM_PREP_2.jpg","type":"image\/jpeg"}],"twitter_card":"summary_large_image","twitter_misc":{"Est. reading time":"2 minutos"},"schema":{"@context":"https:\/\/schema.org","@graph":[{"@type":"WebPage","@id":"https:\/\/stem.uy\/index.php\/product\/stem-prep-2-0-538424-physics-robotics-533022-energy-505287-power\/","url":"https:\/\/stem.uy\/index.php\/product\/stem-prep-2-0-538424-physics-robotics-533022-energy-505287-power\/","name":"STEM PREP 2.0 (538424 Physics, Robotics, 533022 Energy & 505287 Power) - Ciencia, Tecnolog\u00eda, Ingenier\u00eda &amp; Matem\u00e1ticas | Stem.uy","isPartOf":{"@id":"https:\/\/stem.uy\/#website"},"primaryImageOfPage":{"@id":"https:\/\/stem.uy\/index.php\/product\/stem-prep-2-0-538424-physics-robotics-533022-energy-505287-power\/#primaryimage"},"image":{"@id":"https:\/\/stem.uy\/index.php\/product\/stem-prep-2-0-538424-physics-robotics-533022-energy-505287-power\/#primaryimage"},"thumbnailUrl":"https:\/\/stem.uy\/wp-content\/uploads\/2020\/04\/STEM_PREP_2.jpg","datePublished":"2020-04-12T23:15:05+00:00","dateModified":"2020-05-02T23:07:27+00:00","breadcrumb":{"@id":"https:\/\/stem.uy\/index.php\/product\/stem-prep-2-0-538424-physics-robotics-533022-energy-505287-power\/#breadcrumb"},"inLanguage":"es-UY","potentialAction":[{"@type":"ReadAction","target":["https:\/\/stem.uy\/index.php\/product\/stem-prep-2-0-538424-physics-robotics-533022-energy-505287-power\/"]}]},{"@type":"ImageObject","inLanguage":"es-UY","@id":"https:\/\/stem.uy\/index.php\/product\/stem-prep-2-0-538424-physics-robotics-533022-energy-505287-power\/#primaryimage","url":"https:\/\/stem.uy\/wp-content\/uploads\/2020\/04\/STEM_PREP_2.jpg","contentUrl":"https:\/\/stem.uy\/wp-content\/uploads\/2020\/04\/STEM_PREP_2.jpg","width":800,"height":600},{"@type":"BreadcrumbList","@id":"https:\/\/stem.uy\/index.php\/product\/stem-prep-2-0-538424-physics-robotics-533022-energy-505287-power\/#breadcrumb","itemListElement":[{"@type":"ListItem","position":1,"name":"Home","item":"https:\/\/stem.uy\/"},{"@type":"ListItem","position":2,"name":"Inicio","item":"https:\/\/stem.uy\/"},{"@type":"ListItem","position":3,"name":"STEM PREP 2.0 (538424 Physics, Robotics, 533022 Energy &#038; 505287 Power)"}]},{"@type":"WebSite","@id":"https:\/\/stem.uy\/#website","url":"https:\/\/stem.uy\/","name":"Ciencia, Tecnolog\u00eda, Ingenier\u00eda &amp; Matem\u00e1ticas | Stem.uy","description":"","publisher":{"@id":"https:\/\/stem.uy\/#organization"},"potentialAction":[{"@type":"SearchAction","target":{"@type":"EntryPoint","urlTemplate":"https:\/\/stem.uy\/?s={search_term_string}"},"query-input":{"@type":"PropertyValueSpecification","valueRequired":true,"valueName":"search_term_string"}}],"inLanguage":"es-UY"},{"@type":"Organization","@id":"https:\/\/stem.uy\/#organization","name":"Ciencia, Tecnolog\u00eda, Ingenier\u00eda &amp; Matem\u00e1ticas | Stem.uy","url":"https:\/\/stem.uy\/","logo":{"@type":"ImageObject","inLanguage":"es-UY","@id":"https:\/\/stem.uy\/#\/schema\/logo\/image\/","url":"https:\/\/stem.uy\/wp-content\/uploads\/2019\/12\/stem-logo.png","contentUrl":"https:\/\/stem.uy\/wp-content\/uploads\/2019\/12\/stem-logo.png","width":320,"height":201,"caption":"Ciencia, Tecnolog\u00eda, Ingenier\u00eda &amp; Matem\u00e1ticas | Stem.uy"},"image":{"@id":"https:\/\/stem.uy\/#\/schema\/logo\/image\/"}}]}},"jetpack_sharing_enabled":true,"_links":{"self":[{"href":"https:\/\/stem.uy\/index.php\/wp-json\/wp\/v2\/product\/1777","targetHints":{"allow":["GET"]}}],"collection":[{"href":"https:\/\/stem.uy\/index.php\/wp-json\/wp\/v2\/product"}],"about":[{"href":"https:\/\/stem.uy\/index.php\/wp-json\/wp\/v2\/types\/product"}],"replies":[{"embeddable":true,"href":"https:\/\/stem.uy\/index.php\/wp-json\/wp\/v2\/comments?post=1777"}],"wp:featuredmedia":[{"embeddable":true,"href":"https:\/\/stem.uy\/index.php\/wp-json\/wp\/v2\/media\/2012"}],"wp:attachment":[{"href":"https:\/\/stem.uy\/index.php\/wp-json\/wp\/v2\/media?parent=1777"}],"wp:term":[{"taxonomy":"product_cat","embeddable":true,"href":"https:\/\/stem.uy\/index.php\/wp-json\/wp\/v2\/product_cat?post=1777"},{"taxonomy":"product_tag","embeddable":true,"href":"https:\/\/stem.uy\/index.php\/wp-json\/wp\/v2\/product_tag?post=1777"}],"curies":[{"name":"wp","href":"https:\/\/api.w.org\/{rel}","templated":true}]}}