{"id":1780,"date":"2020-04-12T23:15:05","date_gmt":"2020-04-12T23:15:05","guid":{"rendered":"https:\/\/stem.uy\/index.php\/product\/import-placeholder-for-1096\/"},"modified":"2024-07-01T05:53:07","modified_gmt":"2024-07-01T08:53:07","slug":"kit-de-mecnica-538423-mechanics-2-0-34969-accu-set","status":"publish","type":"product","link":"https:\/\/stem.uy\/index.php\/product\/kit-de-mecnica-538423-mechanics-2-0-34969-accu-set\/","title":{"rendered":"Kit de Mec\u00e1nica (538423 Mechanics 2.0, 34969 Accu Set)"},"content":{"rendered":"<p><strong>Mechanics 2.0 <\/strong><\/p>\n<p>Este kit de aprendizaje es ideal para futuros constructores de m\u00e1quinas, t\u00e9cnicos o ingenieros: \u00bfc\u00f3mo funciona una transmisi\u00f3n card\u00e1n o un cambio de velocidades? \u00bfQu\u00e9 es un engranaje planetario? \u00bfC\u00f3mo se construye un puente robusto? Este kit de aprendizaje con 30 modelos diferentes permite responder a estas y otras preguntas elementales sobre mec\u00e1nica y est\u00e1tica. El kit proporciona informaci\u00f3n sobre temas relevantes para los planes de estudios a partir de las disciplinas f\u00edsica, tecnolog\u00eda y ciencias naturales y representa un importante apoyo para los alumnos a la hora de obtener conocimientos fundamentales sobre principios mec\u00e1nicos y t\u00e9cnicos. Mechanics 2.0 puede emplearse tanto en clases guiadas como libres y se est\u00e1 aplicando ya en numerosos establecimientos educativos.<\/p>\n<h3>Un material did\u00e1ctico adicional:<\/h3>\n<p>El material did\u00e1ctico innovador de fischertechnik le ayuda a transmitir los conocimientos t\u00e9cnicos de forma pr\u00e1ctica y acercar los saberes a sus alumnos, estudiantes o aprendices. El cuaderno did\u00e1ctico adjunto con material did\u00e1ctico y de ense\u00f1anza ofrece modelos y tareas para la preparaci\u00f3n r\u00e1pida de lecciones y contiene problemas y su soluci\u00f3n, folletos y plantillas de copia. Los materiales para la clase pueden consultarse y descargarse de forma gratuita en el portal de eLearning.<\/p>\n<h3>Composici\u00f3n del producto:<\/h3>\n<p>Las 500 piezas de fischertechnik est\u00e1n dispuestas de manera ordenada y clara en dos compartimentos. Las piezas y las claras instrucciones de construcci\u00f3n para 30 modelos de diferentes niveles de dificultad se entregan en una caja de almacenamiento resistente.<\/p>\n<p>Ejes centrales de la clase:<\/p>\n<ul>\n<li>Mec\u00e1nica<\/li>\n<li>Est\u00e1tica<\/li>\n<li>Din\u00e1mica<\/li>\n<li>Efecto de las fuerzas sobre los cuerpos y los objetos<\/li>\n<\/ul>\n<p>Objetivos de aprendizaje m\u00e1s importantes:<\/p>\n<ul>\n<li>Aprender los fundamentos de la tecnolog\u00eda<\/li>\n<li>Explicar la mec\u00e1nica, la est\u00e1tica y la din\u00e1mica<\/li>\n<li>Comprender el funcionamiento de m\u00e1quinas, motores, diferentes engranajes, sistemas de direcci\u00f3n , palancas, etc.<\/li>\n<li>Construir puentes estables, gr\u00faas, asientos elevados<\/li>\n<li>Profundizar y practicar el trabajo por proyectos y en grupo<\/li>\n<\/ul>\n<p>&nbsp;<\/p>\n","protected":false},"excerpt":{"rendered":"<p><strong>Mechanics 2.0 <\/strong><\/p>\n<p><strong>\u00a1Comprende plenamente los fundamentos de la mec\u00e1nica y la est\u00e1tica! <\/strong><\/p>\n<p>Art.-No. 538423<\/p>\n<p>Principales caracter\u00edsticas:<\/p>\n<ul>\n<li>30 modelos<\/li>\n<li>500 piezas<\/li>\n<li>Educaci\u00f3n Primaria, Educaci\u00f3n Secundaria<\/li>\n<\/ul>\n","protected":false},"featured_media":1954,"comment_status":"open","ping_status":"closed","template":"","meta":[],"product_cat":[22],"product_tag":[],"class_list":["post-1780","product","type-product","status-publish","has-post-thumbnail","hentry","product_cat-special-stem-sets"],"yoast_head":"<!-- This site is optimized with the Yoast SEO plugin v24.9 - https:\/\/yoast.com\/wordpress\/plugins\/seo\/ -->\n<title>Kit de Mec\u00e1nica (538423 Mechanics 2.0, 34969 Accu Set) - Ciencia, Tecnolog\u00eda, Ingenier\u00eda &amp; Matem\u00e1ticas | Stem.uy<\/title>\n<meta name=\"robots\" content=\"index, follow, max-snippet:-1, max-image-preview:large, max-video-preview:-1\" \/>\n<link rel=\"canonical\" href=\"https:\/\/stem.uy\/index.php\/product\/kit-de-mecnica-538423-mechanics-2-0-34969-accu-set\/\" \/>\n<meta property=\"og:locale\" content=\"es_ES\" \/>\n<meta property=\"og:type\" content=\"article\" \/>\n<meta property=\"og:title\" content=\"Kit de Mec\u00e1nica (538423 Mechanics 2.0, 34969 Accu Set) - Ciencia, Tecnolog\u00eda, Ingenier\u00eda &amp; Matem\u00e1ticas | Stem.uy\" \/>\n<meta property=\"og:description\" content=\"Mechanics 2.0   \u00a1Comprende plenamente los fundamentos de la mec\u00e1nica y la est\u00e1tica!   Art.-No. 538423  Principales caracter\u00edsticas:   30 modelos  500 piezas  Educaci\u00f3n Primaria, Educaci\u00f3n Secundaria\" \/>\n<meta property=\"og:url\" content=\"https:\/\/stem.uy\/index.php\/product\/kit-de-mecnica-538423-mechanics-2-0-34969-accu-set\/\" \/>\n<meta property=\"og:site_name\" content=\"Ciencia, Tecnolog\u00eda, Ingenier\u00eda &amp; Matem\u00e1ticas | Stem.uy\" \/>\n<meta property=\"article:modified_time\" content=\"2024-07-01T08:53:07+00:00\" \/>\n<meta property=\"og:image\" content=\"https:\/\/stem.uy\/wp-content\/uploads\/2020\/04\/538423_mechanicstatic2_Kran.jpg\" \/>\n\t<meta property=\"og:image:width\" content=\"600\" \/>\n\t<meta property=\"og:image:height\" content=\"800\" \/>\n\t<meta property=\"og:image:type\" content=\"image\/jpeg\" \/>\n<meta name=\"twitter:card\" content=\"summary_large_image\" \/>\n<meta name=\"twitter:label1\" content=\"Est. reading time\" \/>\n\t<meta name=\"twitter:data1\" content=\"2 minutos\" \/>\n<script type=\"application\/ld+json\" class=\"yoast-schema-graph\">{\"@context\":\"https:\/\/schema.org\",\"@graph\":[{\"@type\":\"WebPage\",\"@id\":\"https:\/\/stem.uy\/index.php\/product\/kit-de-mecnica-538423-mechanics-2-0-34969-accu-set\/\",\"url\":\"https:\/\/stem.uy\/index.php\/product\/kit-de-mecnica-538423-mechanics-2-0-34969-accu-set\/\",\"name\":\"Kit de Mec\u00e1nica (538423 Mechanics 2.0, 34969 Accu Set) - Ciencia, Tecnolog\u00eda, Ingenier\u00eda &amp; Matem\u00e1ticas | Stem.uy\",\"isPartOf\":{\"@id\":\"https:\/\/stem.uy\/#website\"},\"primaryImageOfPage\":{\"@id\":\"https:\/\/stem.uy\/index.php\/product\/kit-de-mecnica-538423-mechanics-2-0-34969-accu-set\/#primaryimage\"},\"image\":{\"@id\":\"https:\/\/stem.uy\/index.php\/product\/kit-de-mecnica-538423-mechanics-2-0-34969-accu-set\/#primaryimage\"},\"thumbnailUrl\":\"https:\/\/stem.uy\/wp-content\/uploads\/2020\/04\/538423_mechanicstatic2_Kran.jpg\",\"datePublished\":\"2020-04-12T23:15:05+00:00\",\"dateModified\":\"2024-07-01T08:53:07+00:00\",\"breadcrumb\":{\"@id\":\"https:\/\/stem.uy\/index.php\/product\/kit-de-mecnica-538423-mechanics-2-0-34969-accu-set\/#breadcrumb\"},\"inLanguage\":\"es-UY\",\"potentialAction\":[{\"@type\":\"ReadAction\",\"target\":[\"https:\/\/stem.uy\/index.php\/product\/kit-de-mecnica-538423-mechanics-2-0-34969-accu-set\/\"]}]},{\"@type\":\"ImageObject\",\"inLanguage\":\"es-UY\",\"@id\":\"https:\/\/stem.uy\/index.php\/product\/kit-de-mecnica-538423-mechanics-2-0-34969-accu-set\/#primaryimage\",\"url\":\"https:\/\/stem.uy\/wp-content\/uploads\/2020\/04\/538423_mechanicstatic2_Kran.jpg\",\"contentUrl\":\"https:\/\/stem.uy\/wp-content\/uploads\/2020\/04\/538423_mechanicstatic2_Kran.jpg\",\"width\":600,\"height\":800},{\"@type\":\"BreadcrumbList\",\"@id\":\"https:\/\/stem.uy\/index.php\/product\/kit-de-mecnica-538423-mechanics-2-0-34969-accu-set\/#breadcrumb\",\"itemListElement\":[{\"@type\":\"ListItem\",\"position\":1,\"name\":\"Home\",\"item\":\"https:\/\/stem.uy\/\"},{\"@type\":\"ListItem\",\"position\":2,\"name\":\"Inicio\",\"item\":\"https:\/\/stem.uy\/\"},{\"@type\":\"ListItem\",\"position\":3,\"name\":\"Kit de Mec\u00e1nica (538423 Mechanics 2.0, 34969 Accu Set)\"}]},{\"@type\":\"WebSite\",\"@id\":\"https:\/\/stem.uy\/#website\",\"url\":\"https:\/\/stem.uy\/\",\"name\":\"Ciencia, Tecnolog\u00eda, Ingenier\u00eda &amp; Matem\u00e1ticas | Stem.uy\",\"description\":\"\",\"publisher\":{\"@id\":\"https:\/\/stem.uy\/#organization\"},\"potentialAction\":[{\"@type\":\"SearchAction\",\"target\":{\"@type\":\"EntryPoint\",\"urlTemplate\":\"https:\/\/stem.uy\/?s={search_term_string}\"},\"query-input\":{\"@type\":\"PropertyValueSpecification\",\"valueRequired\":true,\"valueName\":\"search_term_string\"}}],\"inLanguage\":\"es-UY\"},{\"@type\":\"Organization\",\"@id\":\"https:\/\/stem.uy\/#organization\",\"name\":\"Ciencia, Tecnolog\u00eda, Ingenier\u00eda &amp; Matem\u00e1ticas | Stem.uy\",\"url\":\"https:\/\/stem.uy\/\",\"logo\":{\"@type\":\"ImageObject\",\"inLanguage\":\"es-UY\",\"@id\":\"https:\/\/stem.uy\/#\/schema\/logo\/image\/\",\"url\":\"https:\/\/stem.uy\/wp-content\/uploads\/2019\/12\/stem-logo.png\",\"contentUrl\":\"https:\/\/stem.uy\/wp-content\/uploads\/2019\/12\/stem-logo.png\",\"width\":320,\"height\":201,\"caption\":\"Ciencia, Tecnolog\u00eda, Ingenier\u00eda &amp; Matem\u00e1ticas | Stem.uy\"},\"image\":{\"@id\":\"https:\/\/stem.uy\/#\/schema\/logo\/image\/\"}}]}<\/script>\n<!-- \/ Yoast SEO plugin. -->","yoast_head_json":{"title":"Kit de Mec\u00e1nica (538423 Mechanics 2.0, 34969 Accu Set) - Ciencia, Tecnolog\u00eda, Ingenier\u00eda &amp; Matem\u00e1ticas | Stem.uy","robots":{"index":"index","follow":"follow","max-snippet":"max-snippet:-1","max-image-preview":"max-image-preview:large","max-video-preview":"max-video-preview:-1"},"canonical":"https:\/\/stem.uy\/index.php\/product\/kit-de-mecnica-538423-mechanics-2-0-34969-accu-set\/","og_locale":"es_ES","og_type":"article","og_title":"Kit de Mec\u00e1nica (538423 Mechanics 2.0, 34969 Accu Set) - Ciencia, Tecnolog\u00eda, Ingenier\u00eda &amp; Matem\u00e1ticas | Stem.uy","og_description":"Mechanics 2.0   \u00a1Comprende plenamente los fundamentos de la mec\u00e1nica y la est\u00e1tica!   Art.-No. 538423  Principales caracter\u00edsticas:   30 modelos  500 piezas  Educaci\u00f3n Primaria, Educaci\u00f3n Secundaria","og_url":"https:\/\/stem.uy\/index.php\/product\/kit-de-mecnica-538423-mechanics-2-0-34969-accu-set\/","og_site_name":"Ciencia, Tecnolog\u00eda, Ingenier\u00eda &amp; Matem\u00e1ticas | Stem.uy","article_modified_time":"2024-07-01T08:53:07+00:00","og_image":[{"width":600,"height":800,"url":"https:\/\/stem.uy\/wp-content\/uploads\/2020\/04\/538423_mechanicstatic2_Kran.jpg","type":"image\/jpeg"}],"twitter_card":"summary_large_image","twitter_misc":{"Est. reading time":"2 minutos"},"schema":{"@context":"https:\/\/schema.org","@graph":[{"@type":"WebPage","@id":"https:\/\/stem.uy\/index.php\/product\/kit-de-mecnica-538423-mechanics-2-0-34969-accu-set\/","url":"https:\/\/stem.uy\/index.php\/product\/kit-de-mecnica-538423-mechanics-2-0-34969-accu-set\/","name":"Kit de Mec\u00e1nica (538423 Mechanics 2.0, 34969 Accu Set) - Ciencia, Tecnolog\u00eda, Ingenier\u00eda &amp; Matem\u00e1ticas | Stem.uy","isPartOf":{"@id":"https:\/\/stem.uy\/#website"},"primaryImageOfPage":{"@id":"https:\/\/stem.uy\/index.php\/product\/kit-de-mecnica-538423-mechanics-2-0-34969-accu-set\/#primaryimage"},"image":{"@id":"https:\/\/stem.uy\/index.php\/product\/kit-de-mecnica-538423-mechanics-2-0-34969-accu-set\/#primaryimage"},"thumbnailUrl":"https:\/\/stem.uy\/wp-content\/uploads\/2020\/04\/538423_mechanicstatic2_Kran.jpg","datePublished":"2020-04-12T23:15:05+00:00","dateModified":"2024-07-01T08:53:07+00:00","breadcrumb":{"@id":"https:\/\/stem.uy\/index.php\/product\/kit-de-mecnica-538423-mechanics-2-0-34969-accu-set\/#breadcrumb"},"inLanguage":"es-UY","potentialAction":[{"@type":"ReadAction","target":["https:\/\/stem.uy\/index.php\/product\/kit-de-mecnica-538423-mechanics-2-0-34969-accu-set\/"]}]},{"@type":"ImageObject","inLanguage":"es-UY","@id":"https:\/\/stem.uy\/index.php\/product\/kit-de-mecnica-538423-mechanics-2-0-34969-accu-set\/#primaryimage","url":"https:\/\/stem.uy\/wp-content\/uploads\/2020\/04\/538423_mechanicstatic2_Kran.jpg","contentUrl":"https:\/\/stem.uy\/wp-content\/uploads\/2020\/04\/538423_mechanicstatic2_Kran.jpg","width":600,"height":800},{"@type":"BreadcrumbList","@id":"https:\/\/stem.uy\/index.php\/product\/kit-de-mecnica-538423-mechanics-2-0-34969-accu-set\/#breadcrumb","itemListElement":[{"@type":"ListItem","position":1,"name":"Home","item":"https:\/\/stem.uy\/"},{"@type":"ListItem","position":2,"name":"Inicio","item":"https:\/\/stem.uy\/"},{"@type":"ListItem","position":3,"name":"Kit de Mec\u00e1nica (538423 Mechanics 2.0, 34969 Accu Set)"}]},{"@type":"WebSite","@id":"https:\/\/stem.uy\/#website","url":"https:\/\/stem.uy\/","name":"Ciencia, Tecnolog\u00eda, Ingenier\u00eda &amp; Matem\u00e1ticas | Stem.uy","description":"","publisher":{"@id":"https:\/\/stem.uy\/#organization"},"potentialAction":[{"@type":"SearchAction","target":{"@type":"EntryPoint","urlTemplate":"https:\/\/stem.uy\/?s={search_term_string}"},"query-input":{"@type":"PropertyValueSpecification","valueRequired":true,"valueName":"search_term_string"}}],"inLanguage":"es-UY"},{"@type":"Organization","@id":"https:\/\/stem.uy\/#organization","name":"Ciencia, Tecnolog\u00eda, Ingenier\u00eda &amp; Matem\u00e1ticas | Stem.uy","url":"https:\/\/stem.uy\/","logo":{"@type":"ImageObject","inLanguage":"es-UY","@id":"https:\/\/stem.uy\/#\/schema\/logo\/image\/","url":"https:\/\/stem.uy\/wp-content\/uploads\/2019\/12\/stem-logo.png","contentUrl":"https:\/\/stem.uy\/wp-content\/uploads\/2019\/12\/stem-logo.png","width":320,"height":201,"caption":"Ciencia, Tecnolog\u00eda, Ingenier\u00eda &amp; Matem\u00e1ticas | Stem.uy"},"image":{"@id":"https:\/\/stem.uy\/#\/schema\/logo\/image\/"}}]}},"jetpack_sharing_enabled":true,"_links":{"self":[{"href":"https:\/\/stem.uy\/index.php\/wp-json\/wp\/v2\/product\/1780","targetHints":{"allow":["GET"]}}],"collection":[{"href":"https:\/\/stem.uy\/index.php\/wp-json\/wp\/v2\/product"}],"about":[{"href":"https:\/\/stem.uy\/index.php\/wp-json\/wp\/v2\/types\/product"}],"replies":[{"embeddable":true,"href":"https:\/\/stem.uy\/index.php\/wp-json\/wp\/v2\/comments?post=1780"}],"wp:featuredmedia":[{"embeddable":true,"href":"https:\/\/stem.uy\/index.php\/wp-json\/wp\/v2\/media\/1954"}],"wp:attachment":[{"href":"https:\/\/stem.uy\/index.php\/wp-json\/wp\/v2\/media?parent=1780"}],"wp:term":[{"taxonomy":"product_cat","embeddable":true,"href":"https:\/\/stem.uy\/index.php\/wp-json\/wp\/v2\/product_cat?post=1780"},{"taxonomy":"product_tag","embeddable":true,"href":"https:\/\/stem.uy\/index.php\/wp-json\/wp\/v2\/product_tag?post=1780"}],"curies":[{"name":"wp","href":"https:\/\/api.w.org\/{rel}","templated":true}]}}