{"id":1782,"date":"2020-04-12T23:15:05","date_gmt":"2020-04-12T23:15:05","guid":{"rendered":"https:\/\/stem.uy\/index.php\/product\/import-placeholder-for-10132\/"},"modified":"2020-05-04T05:25:28","modified_gmt":"2020-05-04T05:25:28","slug":"kit-de-robtica-para-la-industria-533020-robotics-in-industry-522429-txt-controller-34969-accu-set","status":"publish","type":"product","link":"https:\/\/stem.uy\/index.php\/product\/kit-de-robtica-para-la-industria-533020-robotics-in-industry-522429-txt-controller-34969-accu-set\/","title":{"rendered":"Kit de rob\u00f3tica para la Industria (533020 robotics in Industry, 522429 TXT Controller, 34969 Accu Set"},"content":{"rendered":"<p><strong>Aplicable 100% al mundo profesional.<\/strong><\/p>\n<p>Accede a la programaci\u00f3n de aplicaciones industriales muy pr\u00f3ximas a la realidad profesional. Construye, controla, regula y programa 4 modelos de robots industriales completamente funcionales: un proyecto de <strong>almac\u00e9n elevado<\/strong>, un <strong>robot de 3 ejes\u00a0<\/strong>y <strong>dos robots manipuladores adicionales<\/strong>.<\/p>\n<p>En todos los modelos se utilizan los robustos perfiles de aluminio fischertechnik con la garant\u00eda de la calidad alemana. Adem\u00e1s, el material did\u00e1ctico adjunto te dar\u00e1 un soporte a trav\u00e9s de una informaci\u00f3n muy completa, planteamiento de diferentes tareas y sugerencias de programaci\u00f3n.<\/p>\n<p>Descripci\u00f3n de producto<\/p>\n<p>La construcci\u00f3n y la programaci\u00f3n de aplicaciones industriales realistas es el tema de este kit de aprendizaje Robotics. Se pueden construir y programar cuatro robots industriales plenamente funcionales y muy realistas: almac\u00e9n elevado, robot de 3 ejes y dos robots manipuladores adicionales. Todos los modelos se construyen con estables perfiles de aluminio fischertechnik. Robotics se puede utilizar en clases dirigidas o lecciones libres.<\/p>\n<p><strong>Un material did\u00e1ctico adicional:<\/strong><\/p>\n<p>El material did\u00e1ctico innovador de fischertechnik le ayuda a transmitir los conocimientos t\u00e9cnicos de forma pr\u00e1ctica y acercar los saberes a sus alumnos, estudiantes o aprendices. El cuaderno did\u00e1ctico adjunto con material did\u00e1ctico y de ense\u00f1anza ofrece modelos y tareas para la preparaci\u00f3n r\u00e1pida de lecciones y contiene problemas y su soluci\u00f3n, folletos y plantillas de copia. Los materiales para la clase se incluyen en el CD adjunto, y tambi\u00e9n pueden consultarse y descargarse de forma gratuita en el portal de eLearning.<\/p>\n<p><strong>Composici\u00f3n del producto:<\/strong><\/p>\n<p>Las 510 piezas de fischertechnik est\u00e1n dispuestas de manera ordenada y clara en dos compartimentos. Las piezas y las claras instrucciones de construcci\u00f3n para 4 modelos de diferentes niveles de dificultad se entregan en una caja de almacenamiento resistente.<\/p>\n<p>Ejes centrales de la clase:<\/p>\n<ul>\n<li>Medir, controlar y regular<\/li>\n<li>Programaci\u00f3n<\/li>\n<li>Interacci\u00f3n entre hardware y software<\/li>\n<li>Uso de actuadores y sensores<\/li>\n<li>Aplicaciones industriales<\/li>\n<\/ul>\n<p>Objetivos\u00a0de\u00a0aprendizaje<\/p>\n<p>Objetivos de aprendizaje m\u00e1s importantes:<\/p>\n<ul>\n<li>Simular aplicaciones de rob\u00f3tica similares a las de la industria<\/li>\n<li>Relacionar la medici\u00f3n, el control y la regulaci\u00f3n con aplicaciones similares a las industriales<\/li>\n<li>Construir robots industriales completamente funcionales con perfiles de aluminio estables: almac\u00e9n elevado, robots de 3 ejes, robots manipuladores<\/li>\n<li>Comprender la forma de funcionamiento de los actuadores y los sensores<\/li>\n<li>Profundizar y practicar el trabajo por proyectos y en grupo<\/li>\n<\/ul>\n<p>Contenido<\/p>\n<p><strong>El Education Set incluye lo siguiente:<\/strong><\/p>\n<ul>\n<li>2 motores de codificador<\/li>\n<li>2 motores XS<\/li>\n<li>6 pulsadores<\/li>\n<li>3 perfiles de aluminio<\/li>\n<\/ul>\n<p><strong>Incluye:<\/strong><\/p>\n<ul>\n<li>Material did\u00e1ctico en formato digital<\/li>\n<li>2 x motores con codificador (encoder)<\/li>\n<li>2 x motores XS<\/li>\n<li>6 x pulsadores<\/li>\n<\/ul>\n<ul>\n<li>510 elementos<\/li>\n<li>Controlador ROBOTICS TXT<\/li>\n<li>Software ROBO Pro<\/li>\n<li>Fuente de alimentaci\u00f3n (recomendamos ACCU SET)<\/li>\n<\/ul>\n","protected":false},"excerpt":{"rendered":"<h2>Medir, controlar y regular en aplicaciones industriales<\/h2>\n<p>Art.-No. 533020 Robotics in Industry<\/p>\n<p>Art.-No. 522429 TXT Controller<\/p>\n<p>Art.-No. 34969 AccuSet<\/p>\n<p><a href=\"https:\/\/www.fischertechnik.de\/de-de\/service\/elearning\/lehren\/robotics-in-industry\">Acerca del eLearning<\/a><\/p>\n<p>Principales caracter\u00edsticas:<\/p>\n<ul>\n<li>4 modelos<\/li>\n<li>510 piezas<\/li>\n<li>Educaci\u00f3n Secundaria, universidad y formaci\u00f3n profesional<\/li>\n<\/ul>\n<p><strong>Aplicable 100% al mundo profesional.<\/strong><\/p>\n","protected":false},"featured_media":2074,"comment_status":"open","ping_status":"closed","template":"","meta":[],"product_cat":[22],"product_tag":[],"class_list":["post-1782","product","type-product","status-publish","has-post-thumbnail","hentry","product_cat-special-stem-sets"],"yoast_head":"<!-- This site is optimized with the Yoast SEO plugin v24.9 - https:\/\/yoast.com\/wordpress\/plugins\/seo\/ -->\n<title>Kit de rob\u00f3tica para la Industria (533020 robotics in Industry, 522429 TXT Controller, 34969 Accu Set - Ciencia, Tecnolog\u00eda, Ingenier\u00eda &amp; Matem\u00e1ticas | Stem.uy<\/title>\n<meta name=\"robots\" content=\"index, follow, max-snippet:-1, max-image-preview:large, max-video-preview:-1\" \/>\n<link rel=\"canonical\" href=\"https:\/\/stem.uy\/index.php\/product\/kit-de-robtica-para-la-industria-533020-robotics-in-industry-522429-txt-controller-34969-accu-set\/\" \/>\n<meta property=\"og:locale\" content=\"es_ES\" \/>\n<meta property=\"og:type\" content=\"article\" \/>\n<meta property=\"og:title\" content=\"Kit de rob\u00f3tica para la Industria (533020 robotics in Industry, 522429 TXT Controller, 34969 Accu Set - Ciencia, Tecnolog\u00eda, Ingenier\u00eda &amp; Matem\u00e1ticas | Stem.uy\" \/>\n<meta property=\"og:description\" content=\"Medir, controlar y regular en aplicaciones industriales Art.-No. 533020 Robotics in Industry  Art.-No. 522429 TXT Controller  Art.-No. 34969 AccuSet  Acerca del eLearning  Principales caracter\u00edsticas:   4 modelos  510 piezas  Educaci\u00f3n Secundaria, universidad y formaci\u00f3n profesional  Aplicable 100% al mundo profesional.\" \/>\n<meta property=\"og:url\" content=\"https:\/\/stem.uy\/index.php\/product\/kit-de-robtica-para-la-industria-533020-robotics-in-industry-522429-txt-controller-34969-accu-set\/\" \/>\n<meta property=\"og:site_name\" content=\"Ciencia, Tecnolog\u00eda, Ingenier\u00eda &amp; Matem\u00e1ticas | Stem.uy\" \/>\n<meta property=\"article:modified_time\" content=\"2020-05-04T05:25:28+00:00\" \/>\n<meta property=\"og:image\" content=\"https:\/\/stem.uy\/wp-content\/uploads\/2020\/04\/533020_robotics_in_industry_Verpackung.jpg\" \/>\n\t<meta property=\"og:image:width\" content=\"800\" \/>\n\t<meta property=\"og:image:height\" content=\"600\" \/>\n\t<meta property=\"og:image:type\" content=\"image\/jpeg\" \/>\n<meta name=\"twitter:card\" content=\"summary_large_image\" \/>\n<meta name=\"twitter:label1\" content=\"Est. reading time\" \/>\n\t<meta name=\"twitter:data1\" content=\"2 minutos\" \/>\n<script type=\"application\/ld+json\" class=\"yoast-schema-graph\">{\"@context\":\"https:\/\/schema.org\",\"@graph\":[{\"@type\":\"WebPage\",\"@id\":\"https:\/\/stem.uy\/index.php\/product\/kit-de-robtica-para-la-industria-533020-robotics-in-industry-522429-txt-controller-34969-accu-set\/\",\"url\":\"https:\/\/stem.uy\/index.php\/product\/kit-de-robtica-para-la-industria-533020-robotics-in-industry-522429-txt-controller-34969-accu-set\/\",\"name\":\"Kit de rob\u00f3tica para la Industria (533020 robotics in Industry, 522429 TXT Controller, 34969 Accu Set - Ciencia, Tecnolog\u00eda, Ingenier\u00eda &amp; Matem\u00e1ticas | Stem.uy\",\"isPartOf\":{\"@id\":\"https:\/\/stem.uy\/#website\"},\"primaryImageOfPage\":{\"@id\":\"https:\/\/stem.uy\/index.php\/product\/kit-de-robtica-para-la-industria-533020-robotics-in-industry-522429-txt-controller-34969-accu-set\/#primaryimage\"},\"image\":{\"@id\":\"https:\/\/stem.uy\/index.php\/product\/kit-de-robtica-para-la-industria-533020-robotics-in-industry-522429-txt-controller-34969-accu-set\/#primaryimage\"},\"thumbnailUrl\":\"https:\/\/stem.uy\/wp-content\/uploads\/2020\/04\/533020_robotics_in_industry_Verpackung.jpg\",\"datePublished\":\"2020-04-12T23:15:05+00:00\",\"dateModified\":\"2020-05-04T05:25:28+00:00\",\"breadcrumb\":{\"@id\":\"https:\/\/stem.uy\/index.php\/product\/kit-de-robtica-para-la-industria-533020-robotics-in-industry-522429-txt-controller-34969-accu-set\/#breadcrumb\"},\"inLanguage\":\"es-UY\",\"potentialAction\":[{\"@type\":\"ReadAction\",\"target\":[\"https:\/\/stem.uy\/index.php\/product\/kit-de-robtica-para-la-industria-533020-robotics-in-industry-522429-txt-controller-34969-accu-set\/\"]}]},{\"@type\":\"ImageObject\",\"inLanguage\":\"es-UY\",\"@id\":\"https:\/\/stem.uy\/index.php\/product\/kit-de-robtica-para-la-industria-533020-robotics-in-industry-522429-txt-controller-34969-accu-set\/#primaryimage\",\"url\":\"https:\/\/stem.uy\/wp-content\/uploads\/2020\/04\/533020_robotics_in_industry_Verpackung.jpg\",\"contentUrl\":\"https:\/\/stem.uy\/wp-content\/uploads\/2020\/04\/533020_robotics_in_industry_Verpackung.jpg\",\"width\":800,\"height\":600},{\"@type\":\"BreadcrumbList\",\"@id\":\"https:\/\/stem.uy\/index.php\/product\/kit-de-robtica-para-la-industria-533020-robotics-in-industry-522429-txt-controller-34969-accu-set\/#breadcrumb\",\"itemListElement\":[{\"@type\":\"ListItem\",\"position\":1,\"name\":\"Home\",\"item\":\"https:\/\/stem.uy\/\"},{\"@type\":\"ListItem\",\"position\":2,\"name\":\"Inicio\",\"item\":\"https:\/\/stem.uy\/\"},{\"@type\":\"ListItem\",\"position\":3,\"name\":\"Kit de rob\u00f3tica para la Industria (533020 robotics in Industry, 522429 TXT Controller, 34969 Accu Set\"}]},{\"@type\":\"WebSite\",\"@id\":\"https:\/\/stem.uy\/#website\",\"url\":\"https:\/\/stem.uy\/\",\"name\":\"Ciencia, Tecnolog\u00eda, Ingenier\u00eda &amp; Matem\u00e1ticas | Stem.uy\",\"description\":\"\",\"publisher\":{\"@id\":\"https:\/\/stem.uy\/#organization\"},\"potentialAction\":[{\"@type\":\"SearchAction\",\"target\":{\"@type\":\"EntryPoint\",\"urlTemplate\":\"https:\/\/stem.uy\/?s={search_term_string}\"},\"query-input\":{\"@type\":\"PropertyValueSpecification\",\"valueRequired\":true,\"valueName\":\"search_term_string\"}}],\"inLanguage\":\"es-UY\"},{\"@type\":\"Organization\",\"@id\":\"https:\/\/stem.uy\/#organization\",\"name\":\"Ciencia, Tecnolog\u00eda, Ingenier\u00eda &amp; Matem\u00e1ticas | Stem.uy\",\"url\":\"https:\/\/stem.uy\/\",\"logo\":{\"@type\":\"ImageObject\",\"inLanguage\":\"es-UY\",\"@id\":\"https:\/\/stem.uy\/#\/schema\/logo\/image\/\",\"url\":\"https:\/\/stem.uy\/wp-content\/uploads\/2019\/12\/stem-logo.png\",\"contentUrl\":\"https:\/\/stem.uy\/wp-content\/uploads\/2019\/12\/stem-logo.png\",\"width\":320,\"height\":201,\"caption\":\"Ciencia, Tecnolog\u00eda, Ingenier\u00eda &amp; Matem\u00e1ticas | Stem.uy\"},\"image\":{\"@id\":\"https:\/\/stem.uy\/#\/schema\/logo\/image\/\"}}]}<\/script>\n<!-- \/ Yoast SEO plugin. -->","yoast_head_json":{"title":"Kit de rob\u00f3tica para la Industria (533020 robotics in Industry, 522429 TXT Controller, 34969 Accu Set - Ciencia, Tecnolog\u00eda, Ingenier\u00eda &amp; Matem\u00e1ticas | Stem.uy","robots":{"index":"index","follow":"follow","max-snippet":"max-snippet:-1","max-image-preview":"max-image-preview:large","max-video-preview":"max-video-preview:-1"},"canonical":"https:\/\/stem.uy\/index.php\/product\/kit-de-robtica-para-la-industria-533020-robotics-in-industry-522429-txt-controller-34969-accu-set\/","og_locale":"es_ES","og_type":"article","og_title":"Kit de rob\u00f3tica para la Industria (533020 robotics in Industry, 522429 TXT Controller, 34969 Accu Set - Ciencia, Tecnolog\u00eda, Ingenier\u00eda &amp; Matem\u00e1ticas | Stem.uy","og_description":"Medir, controlar y regular en aplicaciones industriales Art.-No. 533020 Robotics in Industry  Art.-No. 522429 TXT Controller  Art.-No. 34969 AccuSet  Acerca del eLearning  Principales caracter\u00edsticas:   4 modelos  510 piezas  Educaci\u00f3n Secundaria, universidad y formaci\u00f3n profesional  Aplicable 100% al mundo profesional.","og_url":"https:\/\/stem.uy\/index.php\/product\/kit-de-robtica-para-la-industria-533020-robotics-in-industry-522429-txt-controller-34969-accu-set\/","og_site_name":"Ciencia, Tecnolog\u00eda, Ingenier\u00eda &amp; Matem\u00e1ticas | Stem.uy","article_modified_time":"2020-05-04T05:25:28+00:00","og_image":[{"width":800,"height":600,"url":"https:\/\/stem.uy\/wp-content\/uploads\/2020\/04\/533020_robotics_in_industry_Verpackung.jpg","type":"image\/jpeg"}],"twitter_card":"summary_large_image","twitter_misc":{"Est. reading time":"2 minutos"},"schema":{"@context":"https:\/\/schema.org","@graph":[{"@type":"WebPage","@id":"https:\/\/stem.uy\/index.php\/product\/kit-de-robtica-para-la-industria-533020-robotics-in-industry-522429-txt-controller-34969-accu-set\/","url":"https:\/\/stem.uy\/index.php\/product\/kit-de-robtica-para-la-industria-533020-robotics-in-industry-522429-txt-controller-34969-accu-set\/","name":"Kit de rob\u00f3tica para la Industria (533020 robotics in Industry, 522429 TXT Controller, 34969 Accu Set - Ciencia, Tecnolog\u00eda, Ingenier\u00eda &amp; Matem\u00e1ticas | Stem.uy","isPartOf":{"@id":"https:\/\/stem.uy\/#website"},"primaryImageOfPage":{"@id":"https:\/\/stem.uy\/index.php\/product\/kit-de-robtica-para-la-industria-533020-robotics-in-industry-522429-txt-controller-34969-accu-set\/#primaryimage"},"image":{"@id":"https:\/\/stem.uy\/index.php\/product\/kit-de-robtica-para-la-industria-533020-robotics-in-industry-522429-txt-controller-34969-accu-set\/#primaryimage"},"thumbnailUrl":"https:\/\/stem.uy\/wp-content\/uploads\/2020\/04\/533020_robotics_in_industry_Verpackung.jpg","datePublished":"2020-04-12T23:15:05+00:00","dateModified":"2020-05-04T05:25:28+00:00","breadcrumb":{"@id":"https:\/\/stem.uy\/index.php\/product\/kit-de-robtica-para-la-industria-533020-robotics-in-industry-522429-txt-controller-34969-accu-set\/#breadcrumb"},"inLanguage":"es-UY","potentialAction":[{"@type":"ReadAction","target":["https:\/\/stem.uy\/index.php\/product\/kit-de-robtica-para-la-industria-533020-robotics-in-industry-522429-txt-controller-34969-accu-set\/"]}]},{"@type":"ImageObject","inLanguage":"es-UY","@id":"https:\/\/stem.uy\/index.php\/product\/kit-de-robtica-para-la-industria-533020-robotics-in-industry-522429-txt-controller-34969-accu-set\/#primaryimage","url":"https:\/\/stem.uy\/wp-content\/uploads\/2020\/04\/533020_robotics_in_industry_Verpackung.jpg","contentUrl":"https:\/\/stem.uy\/wp-content\/uploads\/2020\/04\/533020_robotics_in_industry_Verpackung.jpg","width":800,"height":600},{"@type":"BreadcrumbList","@id":"https:\/\/stem.uy\/index.php\/product\/kit-de-robtica-para-la-industria-533020-robotics-in-industry-522429-txt-controller-34969-accu-set\/#breadcrumb","itemListElement":[{"@type":"ListItem","position":1,"name":"Home","item":"https:\/\/stem.uy\/"},{"@type":"ListItem","position":2,"name":"Inicio","item":"https:\/\/stem.uy\/"},{"@type":"ListItem","position":3,"name":"Kit de rob\u00f3tica para la Industria (533020 robotics in Industry, 522429 TXT Controller, 34969 Accu Set"}]},{"@type":"WebSite","@id":"https:\/\/stem.uy\/#website","url":"https:\/\/stem.uy\/","name":"Ciencia, Tecnolog\u00eda, Ingenier\u00eda &amp; Matem\u00e1ticas | Stem.uy","description":"","publisher":{"@id":"https:\/\/stem.uy\/#organization"},"potentialAction":[{"@type":"SearchAction","target":{"@type":"EntryPoint","urlTemplate":"https:\/\/stem.uy\/?s={search_term_string}"},"query-input":{"@type":"PropertyValueSpecification","valueRequired":true,"valueName":"search_term_string"}}],"inLanguage":"es-UY"},{"@type":"Organization","@id":"https:\/\/stem.uy\/#organization","name":"Ciencia, Tecnolog\u00eda, Ingenier\u00eda &amp; Matem\u00e1ticas | Stem.uy","url":"https:\/\/stem.uy\/","logo":{"@type":"ImageObject","inLanguage":"es-UY","@id":"https:\/\/stem.uy\/#\/schema\/logo\/image\/","url":"https:\/\/stem.uy\/wp-content\/uploads\/2019\/12\/stem-logo.png","contentUrl":"https:\/\/stem.uy\/wp-content\/uploads\/2019\/12\/stem-logo.png","width":320,"height":201,"caption":"Ciencia, Tecnolog\u00eda, Ingenier\u00eda &amp; Matem\u00e1ticas | Stem.uy"},"image":{"@id":"https:\/\/stem.uy\/#\/schema\/logo\/image\/"}}]}},"jetpack_sharing_enabled":true,"_links":{"self":[{"href":"https:\/\/stem.uy\/index.php\/wp-json\/wp\/v2\/product\/1782","targetHints":{"allow":["GET"]}}],"collection":[{"href":"https:\/\/stem.uy\/index.php\/wp-json\/wp\/v2\/product"}],"about":[{"href":"https:\/\/stem.uy\/index.php\/wp-json\/wp\/v2\/types\/product"}],"replies":[{"embeddable":true,"href":"https:\/\/stem.uy\/index.php\/wp-json\/wp\/v2\/comments?post=1782"}],"wp:featuredmedia":[{"embeddable":true,"href":"https:\/\/stem.uy\/index.php\/wp-json\/wp\/v2\/media\/2074"}],"wp:attachment":[{"href":"https:\/\/stem.uy\/index.php\/wp-json\/wp\/v2\/media?parent=1782"}],"wp:term":[{"taxonomy":"product_cat","embeddable":true,"href":"https:\/\/stem.uy\/index.php\/wp-json\/wp\/v2\/product_cat?post=1782"},{"taxonomy":"product_tag","embeddable":true,"href":"https:\/\/stem.uy\/index.php\/wp-json\/wp\/v2\/product_tag?post=1782"}],"curies":[{"name":"wp","href":"https:\/\/api.w.org\/{rel}","templated":true}]}}