{"id":1784,"date":"2020-04-12T23:15:06","date_gmt":"2020-04-12T23:15:06","guid":{"rendered":"https:\/\/stem.uy\/index.php\/product\/advanced-funny-machines-7\/"},"modified":"2020-05-02T15:17:57","modified_gmt":"2020-05-02T15:17:57","slug":"advanced-funny-machines-7","status":"publish","type":"product","link":"https:\/\/stem.uy\/index.php\/product\/advanced-funny-machines-7\/","title":{"rendered":"Advanced Funny Machines (7+)"},"content":{"rendered":"<ul>\n<li>Un peque\u00f1o impulso trae la acci\u00f3n a la habitaci\u00f3n de los ni\u00f1os.<\/li>\n<li>Con el kit de construcci\u00f3n, los ni\u00f1os de siete a\u00f1os construyen su propio modelo de reacci\u00f3n de cadena, en el cual un obst\u00e1culo de fischertechnik desencadena otra reacci\u00f3n.<\/li>\n<li>Ni bien cae el peso sobre el panel, rueda la bola a lo largo de un recorrido, choca contra un bloque de construcci\u00f3n de fischertechnik, provoca un efecto domin\u00f3 y a su vez lanza una catapulta&#8230; Esta y otras reacciones traer\u00e1n la acci\u00f3n a la habitaci\u00f3n de los ni\u00f1os.Con ayuda de las instrucciones de construcci\u00f3n pueden montarse tres diferentes modelos de reacci\u00f3n de cadena. No hay l\u00edmites para la creatividad.<\/li>\n<li>Los j\u00f3venes inventores pueden crear sus propios obst\u00e1culos e, incluso, integrar en el recorrido piezas que no pertenezcan a fischertechnik, por ejemplo, piezas de domin\u00f3 y m\u00e1s.<\/li>\n<li>Un kit para principiantes divertido y colorido para los j\u00f3venes constructores.En la p\u00e1gina web de fischertechnik se pueden encontrar m\u00e1s v\u00eddeos de reacci\u00f3n de cadena inspiradores, que sirvan de apoyo a los ni\u00f1os y su creatividad.<\/li>\n<\/ul>\n","protected":false},"excerpt":{"rendered":"<p><strong>Divertidas reacciones en cadena para los j\u00f3venes dise\u00f1adores\u00a0 <\/strong><\/p>\n<p>Art.-No. 551588<\/p>\n<p>Principales caracter\u00edsticas:<\/p>\n<ul>\n<li>3 modelos<\/li>\n<li>385 piezas<\/li>\n<li>Apto para ni\u00f1os a partir de 7 a\u00f1os<\/li>\n<\/ul>\n","protected":false},"featured_media":1793,"comment_status":"open","ping_status":"closed","template":"","meta":[],"product_cat":[59],"product_tag":[],"class_list":["post-1784","product","type-product","status-publish","has-post-thumbnail","hentry","product_cat-advanced"],"yoast_head":"<!-- This site is optimized with the Yoast SEO plugin v24.9 - https:\/\/yoast.com\/wordpress\/plugins\/seo\/ -->\n<title>Advanced Funny Machines (7+) - Ciencia, Tecnolog\u00eda, Ingenier\u00eda &amp; Matem\u00e1ticas | Stem.uy<\/title>\n<meta name=\"robots\" content=\"index, follow, max-snippet:-1, max-image-preview:large, max-video-preview:-1\" \/>\n<link rel=\"canonical\" href=\"https:\/\/stem.uy\/index.php\/product\/advanced-funny-machines-7\/\" \/>\n<meta property=\"og:locale\" content=\"es_ES\" \/>\n<meta property=\"og:type\" content=\"article\" \/>\n<meta property=\"og:title\" content=\"Advanced Funny Machines (7+) - Ciencia, Tecnolog\u00eda, Ingenier\u00eda &amp; Matem\u00e1ticas | Stem.uy\" \/>\n<meta property=\"og:description\" content=\"Divertidas reacciones en cadena para los j\u00f3venes dise\u00f1adores\u00a0   Art.-No. 551588  Principales caracter\u00edsticas:   3 modelos  385 piezas  Apto para ni\u00f1os a partir de 7 a\u00f1os\" \/>\n<meta property=\"og:url\" content=\"https:\/\/stem.uy\/index.php\/product\/advanced-funny-machines-7\/\" \/>\n<meta property=\"og:site_name\" content=\"Ciencia, Tecnolog\u00eda, Ingenier\u00eda &amp; Matem\u00e1ticas | Stem.uy\" \/>\n<meta property=\"article:modified_time\" content=\"2020-05-02T15:17:57+00:00\" \/>\n<meta property=\"og:image\" content=\"https:\/\/stem.uy\/wp-content\/uploads\/2020\/04\/551588_FunnyMachines_Model1.jpg\" \/>\n\t<meta property=\"og:image:width\" content=\"800\" \/>\n\t<meta property=\"og:image:height\" content=\"600\" \/>\n\t<meta property=\"og:image:type\" content=\"image\/jpeg\" \/>\n<meta name=\"twitter:card\" content=\"summary_large_image\" \/>\n<meta name=\"twitter:label1\" content=\"Est. reading time\" \/>\n\t<meta name=\"twitter:data1\" content=\"1 minuto\" \/>\n<script type=\"application\/ld+json\" class=\"yoast-schema-graph\">{\"@context\":\"https:\/\/schema.org\",\"@graph\":[{\"@type\":\"WebPage\",\"@id\":\"https:\/\/stem.uy\/index.php\/product\/advanced-funny-machines-7\/\",\"url\":\"https:\/\/stem.uy\/index.php\/product\/advanced-funny-machines-7\/\",\"name\":\"Advanced Funny Machines (7+) - Ciencia, Tecnolog\u00eda, Ingenier\u00eda &amp; Matem\u00e1ticas | Stem.uy\",\"isPartOf\":{\"@id\":\"https:\/\/stem.uy\/#website\"},\"primaryImageOfPage\":{\"@id\":\"https:\/\/stem.uy\/index.php\/product\/advanced-funny-machines-7\/#primaryimage\"},\"image\":{\"@id\":\"https:\/\/stem.uy\/index.php\/product\/advanced-funny-machines-7\/#primaryimage\"},\"thumbnailUrl\":\"https:\/\/stem.uy\/wp-content\/uploads\/2020\/04\/551588_FunnyMachines_Model1.jpg\",\"datePublished\":\"2020-04-12T23:15:06+00:00\",\"dateModified\":\"2020-05-02T15:17:57+00:00\",\"breadcrumb\":{\"@id\":\"https:\/\/stem.uy\/index.php\/product\/advanced-funny-machines-7\/#breadcrumb\"},\"inLanguage\":\"es-UY\",\"potentialAction\":[{\"@type\":\"ReadAction\",\"target\":[\"https:\/\/stem.uy\/index.php\/product\/advanced-funny-machines-7\/\"]}]},{\"@type\":\"ImageObject\",\"inLanguage\":\"es-UY\",\"@id\":\"https:\/\/stem.uy\/index.php\/product\/advanced-funny-machines-7\/#primaryimage\",\"url\":\"https:\/\/stem.uy\/wp-content\/uploads\/2020\/04\/551588_FunnyMachines_Model1.jpg\",\"contentUrl\":\"https:\/\/stem.uy\/wp-content\/uploads\/2020\/04\/551588_FunnyMachines_Model1.jpg\",\"width\":800,\"height\":600},{\"@type\":\"BreadcrumbList\",\"@id\":\"https:\/\/stem.uy\/index.php\/product\/advanced-funny-machines-7\/#breadcrumb\",\"itemListElement\":[{\"@type\":\"ListItem\",\"position\":1,\"name\":\"Home\",\"item\":\"https:\/\/stem.uy\/\"},{\"@type\":\"ListItem\",\"position\":2,\"name\":\"Inicio\",\"item\":\"https:\/\/stem.uy\/\"},{\"@type\":\"ListItem\",\"position\":3,\"name\":\"Advanced Funny Machines (7+)\"}]},{\"@type\":\"WebSite\",\"@id\":\"https:\/\/stem.uy\/#website\",\"url\":\"https:\/\/stem.uy\/\",\"name\":\"Ciencia, Tecnolog\u00eda, Ingenier\u00eda &amp; Matem\u00e1ticas | Stem.uy\",\"description\":\"\",\"publisher\":{\"@id\":\"https:\/\/stem.uy\/#organization\"},\"potentialAction\":[{\"@type\":\"SearchAction\",\"target\":{\"@type\":\"EntryPoint\",\"urlTemplate\":\"https:\/\/stem.uy\/?s={search_term_string}\"},\"query-input\":{\"@type\":\"PropertyValueSpecification\",\"valueRequired\":true,\"valueName\":\"search_term_string\"}}],\"inLanguage\":\"es-UY\"},{\"@type\":\"Organization\",\"@id\":\"https:\/\/stem.uy\/#organization\",\"name\":\"Ciencia, Tecnolog\u00eda, Ingenier\u00eda &amp; Matem\u00e1ticas | Stem.uy\",\"url\":\"https:\/\/stem.uy\/\",\"logo\":{\"@type\":\"ImageObject\",\"inLanguage\":\"es-UY\",\"@id\":\"https:\/\/stem.uy\/#\/schema\/logo\/image\/\",\"url\":\"https:\/\/stem.uy\/wp-content\/uploads\/2019\/12\/stem-logo.png\",\"contentUrl\":\"https:\/\/stem.uy\/wp-content\/uploads\/2019\/12\/stem-logo.png\",\"width\":320,\"height\":201,\"caption\":\"Ciencia, Tecnolog\u00eda, Ingenier\u00eda &amp; Matem\u00e1ticas | Stem.uy\"},\"image\":{\"@id\":\"https:\/\/stem.uy\/#\/schema\/logo\/image\/\"}}]}<\/script>\n<!-- \/ Yoast SEO plugin. -->","yoast_head_json":{"title":"Advanced Funny Machines (7+) - Ciencia, Tecnolog\u00eda, Ingenier\u00eda &amp; Matem\u00e1ticas | Stem.uy","robots":{"index":"index","follow":"follow","max-snippet":"max-snippet:-1","max-image-preview":"max-image-preview:large","max-video-preview":"max-video-preview:-1"},"canonical":"https:\/\/stem.uy\/index.php\/product\/advanced-funny-machines-7\/","og_locale":"es_ES","og_type":"article","og_title":"Advanced Funny Machines (7+) - Ciencia, Tecnolog\u00eda, Ingenier\u00eda &amp; Matem\u00e1ticas | Stem.uy","og_description":"Divertidas reacciones en cadena para los j\u00f3venes dise\u00f1adores\u00a0   Art.-No. 551588  Principales caracter\u00edsticas:   3 modelos  385 piezas  Apto para ni\u00f1os a partir de 7 a\u00f1os","og_url":"https:\/\/stem.uy\/index.php\/product\/advanced-funny-machines-7\/","og_site_name":"Ciencia, Tecnolog\u00eda, Ingenier\u00eda &amp; Matem\u00e1ticas | Stem.uy","article_modified_time":"2020-05-02T15:17:57+00:00","og_image":[{"width":800,"height":600,"url":"https:\/\/stem.uy\/wp-content\/uploads\/2020\/04\/551588_FunnyMachines_Model1.jpg","type":"image\/jpeg"}],"twitter_card":"summary_large_image","twitter_misc":{"Est. reading time":"1 minuto"},"schema":{"@context":"https:\/\/schema.org","@graph":[{"@type":"WebPage","@id":"https:\/\/stem.uy\/index.php\/product\/advanced-funny-machines-7\/","url":"https:\/\/stem.uy\/index.php\/product\/advanced-funny-machines-7\/","name":"Advanced Funny Machines (7+) - Ciencia, Tecnolog\u00eda, Ingenier\u00eda &amp; Matem\u00e1ticas | Stem.uy","isPartOf":{"@id":"https:\/\/stem.uy\/#website"},"primaryImageOfPage":{"@id":"https:\/\/stem.uy\/index.php\/product\/advanced-funny-machines-7\/#primaryimage"},"image":{"@id":"https:\/\/stem.uy\/index.php\/product\/advanced-funny-machines-7\/#primaryimage"},"thumbnailUrl":"https:\/\/stem.uy\/wp-content\/uploads\/2020\/04\/551588_FunnyMachines_Model1.jpg","datePublished":"2020-04-12T23:15:06+00:00","dateModified":"2020-05-02T15:17:57+00:00","breadcrumb":{"@id":"https:\/\/stem.uy\/index.php\/product\/advanced-funny-machines-7\/#breadcrumb"},"inLanguage":"es-UY","potentialAction":[{"@type":"ReadAction","target":["https:\/\/stem.uy\/index.php\/product\/advanced-funny-machines-7\/"]}]},{"@type":"ImageObject","inLanguage":"es-UY","@id":"https:\/\/stem.uy\/index.php\/product\/advanced-funny-machines-7\/#primaryimage","url":"https:\/\/stem.uy\/wp-content\/uploads\/2020\/04\/551588_FunnyMachines_Model1.jpg","contentUrl":"https:\/\/stem.uy\/wp-content\/uploads\/2020\/04\/551588_FunnyMachines_Model1.jpg","width":800,"height":600},{"@type":"BreadcrumbList","@id":"https:\/\/stem.uy\/index.php\/product\/advanced-funny-machines-7\/#breadcrumb","itemListElement":[{"@type":"ListItem","position":1,"name":"Home","item":"https:\/\/stem.uy\/"},{"@type":"ListItem","position":2,"name":"Inicio","item":"https:\/\/stem.uy\/"},{"@type":"ListItem","position":3,"name":"Advanced Funny Machines (7+)"}]},{"@type":"WebSite","@id":"https:\/\/stem.uy\/#website","url":"https:\/\/stem.uy\/","name":"Ciencia, Tecnolog\u00eda, Ingenier\u00eda &amp; Matem\u00e1ticas | Stem.uy","description":"","publisher":{"@id":"https:\/\/stem.uy\/#organization"},"potentialAction":[{"@type":"SearchAction","target":{"@type":"EntryPoint","urlTemplate":"https:\/\/stem.uy\/?s={search_term_string}"},"query-input":{"@type":"PropertyValueSpecification","valueRequired":true,"valueName":"search_term_string"}}],"inLanguage":"es-UY"},{"@type":"Organization","@id":"https:\/\/stem.uy\/#organization","name":"Ciencia, Tecnolog\u00eda, Ingenier\u00eda &amp; Matem\u00e1ticas | Stem.uy","url":"https:\/\/stem.uy\/","logo":{"@type":"ImageObject","inLanguage":"es-UY","@id":"https:\/\/stem.uy\/#\/schema\/logo\/image\/","url":"https:\/\/stem.uy\/wp-content\/uploads\/2019\/12\/stem-logo.png","contentUrl":"https:\/\/stem.uy\/wp-content\/uploads\/2019\/12\/stem-logo.png","width":320,"height":201,"caption":"Ciencia, Tecnolog\u00eda, Ingenier\u00eda &amp; Matem\u00e1ticas | Stem.uy"},"image":{"@id":"https:\/\/stem.uy\/#\/schema\/logo\/image\/"}}]}},"jetpack_sharing_enabled":true,"_links":{"self":[{"href":"https:\/\/stem.uy\/index.php\/wp-json\/wp\/v2\/product\/1784","targetHints":{"allow":["GET"]}}],"collection":[{"href":"https:\/\/stem.uy\/index.php\/wp-json\/wp\/v2\/product"}],"about":[{"href":"https:\/\/stem.uy\/index.php\/wp-json\/wp\/v2\/types\/product"}],"replies":[{"embeddable":true,"href":"https:\/\/stem.uy\/index.php\/wp-json\/wp\/v2\/comments?post=1784"}],"wp:featuredmedia":[{"embeddable":true,"href":"https:\/\/stem.uy\/index.php\/wp-json\/wp\/v2\/media\/1793"}],"wp:attachment":[{"href":"https:\/\/stem.uy\/index.php\/wp-json\/wp\/v2\/media?parent=1784"}],"wp:term":[{"taxonomy":"product_cat","embeddable":true,"href":"https:\/\/stem.uy\/index.php\/wp-json\/wp\/v2\/product_cat?post=1784"},{"taxonomy":"product_tag","embeddable":true,"href":"https:\/\/stem.uy\/index.php\/wp-json\/wp\/v2\/product_tag?post=1784"}],"curies":[{"name":"wp","href":"https:\/\/api.w.org\/{rel}","templated":true}]}}