{"id":258,"date":"2020-01-01T20:54:57","date_gmt":"2020-01-01T20:54:57","guid":{"rendered":"https:\/\/stem.uy\/?post_type=product&#038;p=258"},"modified":"2020-01-01T22:54:35","modified_gmt":"2020-01-01T22:54:35","slug":"junior-easy-starter-l-3","status":"publish","type":"product","link":"https:\/\/stem.uy\/index.php\/product\/junior-easy-starter-l-3\/","title":{"rendered":"JUNIOR EASY Starter L (3+)"},"content":{"rendered":"<p><strong>JUNIOR Easy Starter L <\/strong><\/p>\n<p><strong>Amplio kit de inicio con nuevos y grandes componentes <\/strong><\/p>\n<p>Art.-No. 548903<\/p>\n<p>Principales caracter\u00edsticas:<\/p>\n<ul>\n<li>6 modelos<\/li>\n<li>55 piezas<\/li>\n<li>Apto para ni\u00f1os a partir de 3 a\u00f1os<\/li>\n<\/ul>\n<p>&nbsp;<\/p>\n<p>Descripci\u00f3n de producto<\/p>\n<p>El gran kit de construcci\u00f3n para principiantes de la l\u00ednea \u00abjunior\u00bb a partir de 3 a\u00f1os, incluye una gran cantidad de modelos de camiones. Los veh\u00edculos: volqueta, cami\u00f3n cisterna, cami\u00f3n con remolque, remolque con cabrestante y creativas posibilidades de construcci\u00f3n destacan por el montaje sencillo y la posterior diversi\u00f3n mediante el juego.Con el nuevo sistema de fischertechnik, los j\u00f3venes constructores mayores de 3 a\u00f1os, pueden explorar el mundo de fischertechnik. El sencillo sistema de conexi\u00f3n hace posible un \u00e9xito inmediato para los peque\u00f1os constructores y m\u00e1s diversi\u00f3n jugando. Los nuevos elementos de construcci\u00f3n m\u00e1s grandes, junto con las instrucciones de construcci\u00f3n dirigidas a los ni\u00f1os, facilitan los primeros pasos con el sistema fischertechnik. El nuevo sistema no solo asegura la diversi\u00f3n mediante el juego en el preescolar o en la habitaci\u00f3n de los ni\u00f1os, sino tambi\u00e9n estimula las capacidades motoras de los peque\u00f1os.<\/p>\n<p>&nbsp;<\/p>\n<p>Forma\u00a0de\u00a0funcionamiento<\/p>\n<ul>\n<li>Fomento de las habilidades motoras<\/li>\n<li>Principio b\u00e1sico de intercambio de archivos adjuntos<\/li>\n<li>Subir y bajar el volquete<\/li>\n<\/ul>\n<p>&nbsp;<\/p>\n<p>&nbsp;<\/p>\n","protected":false},"excerpt":{"rendered":"<p>https:\/\/youtu.be\/bKKWhXu4CcA<\/p>\n","protected":false},"featured_media":259,"comment_status":"open","ping_status":"closed","template":"","meta":[],"product_cat":[23],"product_tag":[],"class_list":["post-258","product","type-product","status-publish","has-post-thumbnail","hentry","product_cat-junior"],"yoast_head":"<!-- This site is optimized with the Yoast SEO plugin v24.9 - https:\/\/yoast.com\/wordpress\/plugins\/seo\/ -->\n<title>JUNIOR EASY Starter L (3+) - Ciencia, Tecnolog\u00eda, Ingenier\u00eda &amp; Matem\u00e1ticas | Stem.uy<\/title>\n<meta name=\"robots\" content=\"index, follow, max-snippet:-1, max-image-preview:large, max-video-preview:-1\" \/>\n<link rel=\"canonical\" href=\"https:\/\/stem.uy\/index.php\/product\/junior-easy-starter-l-3\/\" \/>\n<meta property=\"og:locale\" content=\"es_ES\" \/>\n<meta property=\"og:type\" content=\"article\" \/>\n<meta property=\"og:title\" content=\"JUNIOR EASY Starter L (3+) - Ciencia, Tecnolog\u00eda, Ingenier\u00eda &amp; Matem\u00e1ticas | Stem.uy\" \/>\n<meta property=\"og:description\" content=\"https:\/\/youtu.be\/bKKWhXu4CcA\" \/>\n<meta property=\"og:url\" content=\"https:\/\/stem.uy\/index.php\/product\/junior-easy-starter-l-3\/\" \/>\n<meta property=\"og:site_name\" content=\"Ciencia, Tecnolog\u00eda, Ingenier\u00eda &amp; Matem\u00e1ticas | Stem.uy\" \/>\n<meta property=\"article:modified_time\" content=\"2020-01-01T22:54:35+00:00\" \/>\n<meta property=\"og:image\" content=\"https:\/\/stem.uy\/wp-content\/uploads\/2020\/01\/190702_fischertechnik_00249-1.jpg\" \/>\n\t<meta property=\"og:image:width\" content=\"800\" \/>\n\t<meta property=\"og:image:height\" content=\"600\" \/>\n\t<meta property=\"og:image:type\" content=\"image\/jpeg\" \/>\n<meta name=\"twitter:card\" content=\"summary_large_image\" \/>\n<meta name=\"twitter:label1\" content=\"Est. reading time\" \/>\n\t<meta name=\"twitter:data1\" content=\"1 minuto\" \/>\n<script type=\"application\/ld+json\" class=\"yoast-schema-graph\">{\"@context\":\"https:\/\/schema.org\",\"@graph\":[{\"@type\":\"WebPage\",\"@id\":\"https:\/\/stem.uy\/index.php\/product\/junior-easy-starter-l-3\/\",\"url\":\"https:\/\/stem.uy\/index.php\/product\/junior-easy-starter-l-3\/\",\"name\":\"JUNIOR EASY Starter L (3+) - Ciencia, Tecnolog\u00eda, Ingenier\u00eda &amp; Matem\u00e1ticas | Stem.uy\",\"isPartOf\":{\"@id\":\"https:\/\/stem.uy\/#website\"},\"primaryImageOfPage\":{\"@id\":\"https:\/\/stem.uy\/index.php\/product\/junior-easy-starter-l-3\/#primaryimage\"},\"image\":{\"@id\":\"https:\/\/stem.uy\/index.php\/product\/junior-easy-starter-l-3\/#primaryimage\"},\"thumbnailUrl\":\"https:\/\/stem.uy\/wp-content\/uploads\/2020\/01\/190702_fischertechnik_00249-1.jpg\",\"datePublished\":\"2020-01-01T20:54:57+00:00\",\"dateModified\":\"2020-01-01T22:54:35+00:00\",\"breadcrumb\":{\"@id\":\"https:\/\/stem.uy\/index.php\/product\/junior-easy-starter-l-3\/#breadcrumb\"},\"inLanguage\":\"es-UY\",\"potentialAction\":[{\"@type\":\"ReadAction\",\"target\":[\"https:\/\/stem.uy\/index.php\/product\/junior-easy-starter-l-3\/\"]}]},{\"@type\":\"ImageObject\",\"inLanguage\":\"es-UY\",\"@id\":\"https:\/\/stem.uy\/index.php\/product\/junior-easy-starter-l-3\/#primaryimage\",\"url\":\"https:\/\/stem.uy\/wp-content\/uploads\/2020\/01\/190702_fischertechnik_00249-1.jpg\",\"contentUrl\":\"https:\/\/stem.uy\/wp-content\/uploads\/2020\/01\/190702_fischertechnik_00249-1.jpg\",\"width\":800,\"height\":600,\"caption\":\"fischer \/ fischertechnik \/ Motive KITA \/ 2019 , 02.07.19 in Waldachtal. Foto: Jakob Studnar\"},{\"@type\":\"BreadcrumbList\",\"@id\":\"https:\/\/stem.uy\/index.php\/product\/junior-easy-starter-l-3\/#breadcrumb\",\"itemListElement\":[{\"@type\":\"ListItem\",\"position\":1,\"name\":\"Home\",\"item\":\"https:\/\/stem.uy\/\"},{\"@type\":\"ListItem\",\"position\":2,\"name\":\"Inicio\",\"item\":\"https:\/\/stem.uy\/\"},{\"@type\":\"ListItem\",\"position\":3,\"name\":\"JUNIOR EASY Starter L (3+)\"}]},{\"@type\":\"WebSite\",\"@id\":\"https:\/\/stem.uy\/#website\",\"url\":\"https:\/\/stem.uy\/\",\"name\":\"Ciencia, Tecnolog\u00eda, Ingenier\u00eda &amp; Matem\u00e1ticas | Stem.uy\",\"description\":\"\",\"publisher\":{\"@id\":\"https:\/\/stem.uy\/#organization\"},\"potentialAction\":[{\"@type\":\"SearchAction\",\"target\":{\"@type\":\"EntryPoint\",\"urlTemplate\":\"https:\/\/stem.uy\/?s={search_term_string}\"},\"query-input\":{\"@type\":\"PropertyValueSpecification\",\"valueRequired\":true,\"valueName\":\"search_term_string\"}}],\"inLanguage\":\"es-UY\"},{\"@type\":\"Organization\",\"@id\":\"https:\/\/stem.uy\/#organization\",\"name\":\"Ciencia, Tecnolog\u00eda, Ingenier\u00eda &amp; Matem\u00e1ticas | Stem.uy\",\"url\":\"https:\/\/stem.uy\/\",\"logo\":{\"@type\":\"ImageObject\",\"inLanguage\":\"es-UY\",\"@id\":\"https:\/\/stem.uy\/#\/schema\/logo\/image\/\",\"url\":\"https:\/\/stem.uy\/wp-content\/uploads\/2019\/12\/stem-logo.png\",\"contentUrl\":\"https:\/\/stem.uy\/wp-content\/uploads\/2019\/12\/stem-logo.png\",\"width\":320,\"height\":201,\"caption\":\"Ciencia, Tecnolog\u00eda, Ingenier\u00eda &amp; Matem\u00e1ticas | Stem.uy\"},\"image\":{\"@id\":\"https:\/\/stem.uy\/#\/schema\/logo\/image\/\"}}]}<\/script>\n<!-- \/ Yoast SEO plugin. -->","yoast_head_json":{"title":"JUNIOR EASY Starter L (3+) - Ciencia, Tecnolog\u00eda, Ingenier\u00eda &amp; Matem\u00e1ticas | Stem.uy","robots":{"index":"index","follow":"follow","max-snippet":"max-snippet:-1","max-image-preview":"max-image-preview:large","max-video-preview":"max-video-preview:-1"},"canonical":"https:\/\/stem.uy\/index.php\/product\/junior-easy-starter-l-3\/","og_locale":"es_ES","og_type":"article","og_title":"JUNIOR EASY Starter L (3+) - Ciencia, Tecnolog\u00eda, Ingenier\u00eda &amp; Matem\u00e1ticas | Stem.uy","og_description":"https:\/\/youtu.be\/bKKWhXu4CcA","og_url":"https:\/\/stem.uy\/index.php\/product\/junior-easy-starter-l-3\/","og_site_name":"Ciencia, Tecnolog\u00eda, Ingenier\u00eda &amp; Matem\u00e1ticas | Stem.uy","article_modified_time":"2020-01-01T22:54:35+00:00","og_image":[{"width":800,"height":600,"url":"https:\/\/stem.uy\/wp-content\/uploads\/2020\/01\/190702_fischertechnik_00249-1.jpg","type":"image\/jpeg"}],"twitter_card":"summary_large_image","twitter_misc":{"Est. reading time":"1 minuto"},"schema":{"@context":"https:\/\/schema.org","@graph":[{"@type":"WebPage","@id":"https:\/\/stem.uy\/index.php\/product\/junior-easy-starter-l-3\/","url":"https:\/\/stem.uy\/index.php\/product\/junior-easy-starter-l-3\/","name":"JUNIOR EASY Starter L (3+) - Ciencia, Tecnolog\u00eda, Ingenier\u00eda &amp; Matem\u00e1ticas | Stem.uy","isPartOf":{"@id":"https:\/\/stem.uy\/#website"},"primaryImageOfPage":{"@id":"https:\/\/stem.uy\/index.php\/product\/junior-easy-starter-l-3\/#primaryimage"},"image":{"@id":"https:\/\/stem.uy\/index.php\/product\/junior-easy-starter-l-3\/#primaryimage"},"thumbnailUrl":"https:\/\/stem.uy\/wp-content\/uploads\/2020\/01\/190702_fischertechnik_00249-1.jpg","datePublished":"2020-01-01T20:54:57+00:00","dateModified":"2020-01-01T22:54:35+00:00","breadcrumb":{"@id":"https:\/\/stem.uy\/index.php\/product\/junior-easy-starter-l-3\/#breadcrumb"},"inLanguage":"es-UY","potentialAction":[{"@type":"ReadAction","target":["https:\/\/stem.uy\/index.php\/product\/junior-easy-starter-l-3\/"]}]},{"@type":"ImageObject","inLanguage":"es-UY","@id":"https:\/\/stem.uy\/index.php\/product\/junior-easy-starter-l-3\/#primaryimage","url":"https:\/\/stem.uy\/wp-content\/uploads\/2020\/01\/190702_fischertechnik_00249-1.jpg","contentUrl":"https:\/\/stem.uy\/wp-content\/uploads\/2020\/01\/190702_fischertechnik_00249-1.jpg","width":800,"height":600,"caption":"fischer \/ fischertechnik \/ Motive KITA \/ 2019 , 02.07.19 in Waldachtal. Foto: Jakob Studnar"},{"@type":"BreadcrumbList","@id":"https:\/\/stem.uy\/index.php\/product\/junior-easy-starter-l-3\/#breadcrumb","itemListElement":[{"@type":"ListItem","position":1,"name":"Home","item":"https:\/\/stem.uy\/"},{"@type":"ListItem","position":2,"name":"Inicio","item":"https:\/\/stem.uy\/"},{"@type":"ListItem","position":3,"name":"JUNIOR EASY Starter L (3+)"}]},{"@type":"WebSite","@id":"https:\/\/stem.uy\/#website","url":"https:\/\/stem.uy\/","name":"Ciencia, Tecnolog\u00eda, Ingenier\u00eda &amp; Matem\u00e1ticas | Stem.uy","description":"","publisher":{"@id":"https:\/\/stem.uy\/#organization"},"potentialAction":[{"@type":"SearchAction","target":{"@type":"EntryPoint","urlTemplate":"https:\/\/stem.uy\/?s={search_term_string}"},"query-input":{"@type":"PropertyValueSpecification","valueRequired":true,"valueName":"search_term_string"}}],"inLanguage":"es-UY"},{"@type":"Organization","@id":"https:\/\/stem.uy\/#organization","name":"Ciencia, Tecnolog\u00eda, Ingenier\u00eda &amp; Matem\u00e1ticas | Stem.uy","url":"https:\/\/stem.uy\/","logo":{"@type":"ImageObject","inLanguage":"es-UY","@id":"https:\/\/stem.uy\/#\/schema\/logo\/image\/","url":"https:\/\/stem.uy\/wp-content\/uploads\/2019\/12\/stem-logo.png","contentUrl":"https:\/\/stem.uy\/wp-content\/uploads\/2019\/12\/stem-logo.png","width":320,"height":201,"caption":"Ciencia, Tecnolog\u00eda, Ingenier\u00eda &amp; Matem\u00e1ticas | Stem.uy"},"image":{"@id":"https:\/\/stem.uy\/#\/schema\/logo\/image\/"}}]}},"jetpack_sharing_enabled":true,"_links":{"self":[{"href":"https:\/\/stem.uy\/index.php\/wp-json\/wp\/v2\/product\/258","targetHints":{"allow":["GET"]}}],"collection":[{"href":"https:\/\/stem.uy\/index.php\/wp-json\/wp\/v2\/product"}],"about":[{"href":"https:\/\/stem.uy\/index.php\/wp-json\/wp\/v2\/types\/product"}],"replies":[{"embeddable":true,"href":"https:\/\/stem.uy\/index.php\/wp-json\/wp\/v2\/comments?post=258"}],"wp:featuredmedia":[{"embeddable":true,"href":"https:\/\/stem.uy\/index.php\/wp-json\/wp\/v2\/media\/259"}],"wp:attachment":[{"href":"https:\/\/stem.uy\/index.php\/wp-json\/wp\/v2\/media?parent=258"}],"wp:term":[{"taxonomy":"product_cat","embeddable":true,"href":"https:\/\/stem.uy\/index.php\/wp-json\/wp\/v2\/product_cat?post=258"},{"taxonomy":"product_tag","embeddable":true,"href":"https:\/\/stem.uy\/index.php\/wp-json\/wp\/v2\/product_tag?post=258"}],"curies":[{"name":"wp","href":"https:\/\/api.w.org\/{rel}","templated":true}]}}