{"id":262,"date":"2020-01-01T21:23:32","date_gmt":"2020-01-01T21:23:32","guid":{"rendered":"https:\/\/stem.uy\/?post_type=product&#038;p=262"},"modified":"2020-01-01T22:48:23","modified_gmt":"2020-01-01T22:48:23","slug":"junior-little-starter-5","status":"publish","type":"product","link":"https:\/\/stem.uy\/index.php\/product\/junior-little-starter-5\/","title":{"rendered":"JUNIOR LITTLE Starter (5+)"},"content":{"rendered":"<p><strong>JUNIOR Little Starter <\/strong><\/p>\n<p><strong>El kit de iniciaci\u00f3n para j\u00f3venes constructores <\/strong><\/p>\n<p>Art.-No. 511929<\/p>\n<p>Principales caracter\u00edsticas:<\/p>\n<ul>\n<li>6 modelos<\/li>\n<li>60 piezas<\/li>\n<li>Apto para ni\u00f1os a partir de 5 a\u00f1os<\/li>\n<\/ul>\n<p>&nbsp;<\/p>\n<p>Descripci\u00f3n de producto<\/p>\n<ul>\n<li>El kit de iniciaci\u00f3n para j\u00f3venes constructores mayores de 5 a\u00f1os. Con las piezas de gran tama\u00f1o, f\u00e1cilmente asibles, y las instrucciones de construcci\u00f3n, adecuadas para los m\u00e1s peque\u00f1os, es muy f\u00e1cil comenzar a construir. Este juego de construcci\u00f3n fomenta habilidades muy importantes, como la coordinaci\u00f3n entre ojos y manos y la motricidad (gruesa y fina). Hay 6 modelos de construcci\u00f3n diferentes: volquete, helic\u00f3ptero, excavadora, furgoneta&#8230;<\/li>\n<\/ul>\n<p>&nbsp;<\/p>\n<p>Forma\u00a0de\u00a0funcionamiento<\/p>\n<ul>\n<li>Fomento de las habilidades motoras<\/li>\n<li>Subir y bajar la volqueta<\/li>\n<\/ul>\n<p>Datos t\u00e9cnicos<\/p>\n<p>Dimensiones del embalaje\u00a0\u00a0 28 x 6,5 x 18\u00a0\u00a0\u00a0\u00a0\u00a0 cm<\/p>\n<p>N\u00famero de modelos\u00a0\u00a0\u00a0\u00a0\u00a0\u00a0\u00a0\u00a0\u00a0\u00a0\u00a0 6<\/p>\n<p>N\u00famero de componentes\u00a0\u00a0\u00a0 60<\/p>\n<p>Peso\u00a0\u00a0\u00a0\u00a0\u00a0\u00a0\u00a0\u00a0\u00a0\u00a0\u00a0\u00a0\u00a0\u00a0\u00a0\u00a0\u00a0\u00a0\u00a0\u00a0\u00a0\u00a0\u00a0\u00a0\u00a0\u00a0\u00a0\u00a0\u00a0\u00a0\u00a0\u00a0\u00a0\u00a0\u00a0\u00a0 353\u00a0\u00a0\u00a0\u00a0\u00a0\u00a0\u00a0\u00a0\u00a0\u00a0\u00a0\u00a0\u00a0\u00a0\u00a0\u00a0\u00a0\u00a0\u00a0\u00a0 g<\/p>\n<p>Volumen\u00a0\u00a0\u00a0\u00a0\u00a0\u00a0\u00a0\u00a0\u00a0\u00a0\u00a0\u00a0\u00a0\u00a0\u00a0\u00a0\u00a0\u00a0\u00a0\u00a0\u00a0\u00a0\u00a0\u00a0\u00a0\u00a0\u00a0\u00a0\u00a0 0,0033<\/p>\n<p>EAN-Code\u00a0\u00a0\u00a0\u00a0\u00a0\u00a0\u00a0\u00a0\u00a0\u00a0\u00a0\u00a0\u00a0\u00a0\u00a0\u00a0\u00a0\u00a0\u00a0\u00a0\u00a0\u00a0\u00a0\u00a0\u00a0 4048962111262<\/p>\n","protected":false},"excerpt":{"rendered":"<p><img loading=\"lazy\" decoding=\"async\" class=\"alignnone size-medium wp-image-265\" src=\"https:\/\/stem.uy\/wp-content\/uploads\/2020\/01\/511929_Junior_Little_Starter_Verpackung-300x231.jpg\" alt=\"\" width=\"300\" height=\"231\" srcset=\"https:\/\/stem.uy\/wp-content\/uploads\/2020\/01\/511929_Junior_Little_Starter_Verpackung-300x231.jpg 300w, https:\/\/stem.uy\/wp-content\/uploads\/2020\/01\/511929_Junior_Little_Starter_Verpackung-600x461.jpg 600w, https:\/\/stem.uy\/wp-content\/uploads\/2020\/01\/511929_Junior_Little_Starter_Verpackung-1024x787.jpg 1024w, https:\/\/stem.uy\/wp-content\/uploads\/2020\/01\/511929_Junior_Little_Starter_Verpackung-768x590.jpg 768w, https:\/\/stem.uy\/wp-content\/uploads\/2020\/01\/511929_Junior_Little_Starter_Verpackung.jpg 1362w\" sizes=\"auto, (max-width: 300px) 100vw, 300px\" \/><\/p>\n<p>El kit de iniciaci\u00f3n para j\u00f3venes constructores mayores de 5 a\u00f1os. Con las piezas de gran tama\u00f1o, f\u00e1cilmente asibles, y las instrucciones de construcci\u00f3n, adecuadas para los m\u00e1s peque\u00f1os, es muy f\u00e1cil comenzar a construir. Este juego de construcci\u00f3n fomenta habilidades muy importantes, como la coordinaci\u00f3n entre ojos y manos y la motricidad (gruesa y fina).<\/p>\n","protected":false},"featured_media":264,"comment_status":"open","ping_status":"closed","template":"","meta":[],"product_cat":[23],"product_tag":[],"class_list":["post-262","product","type-product","status-publish","has-post-thumbnail","hentry","product_cat-junior"],"yoast_head":"<!-- This site is optimized with the Yoast SEO plugin v24.9 - https:\/\/yoast.com\/wordpress\/plugins\/seo\/ -->\n<title>JUNIOR LITTLE Starter (5+) - Ciencia, Tecnolog\u00eda, Ingenier\u00eda &amp; Matem\u00e1ticas | Stem.uy<\/title>\n<meta name=\"robots\" content=\"index, follow, max-snippet:-1, max-image-preview:large, max-video-preview:-1\" \/>\n<link rel=\"canonical\" href=\"https:\/\/stem.uy\/index.php\/product\/junior-little-starter-5\/\" \/>\n<meta property=\"og:locale\" content=\"es_ES\" \/>\n<meta property=\"og:type\" content=\"article\" \/>\n<meta property=\"og:title\" content=\"JUNIOR LITTLE Starter (5+) - Ciencia, Tecnolog\u00eda, Ingenier\u00eda &amp; Matem\u00e1ticas | Stem.uy\" \/>\n<meta property=\"og:description\" content=\"El kit de iniciaci\u00f3n para j\u00f3venes constructores mayores de 5 a\u00f1os. Con las piezas de gran tama\u00f1o, f\u00e1cilmente asibles, y las instrucciones de construcci\u00f3n, adecuadas para los m\u00e1s peque\u00f1os, es muy f\u00e1cil comenzar a construir. Este juego de construcci\u00f3n fomenta habilidades muy importantes, como la coordinaci\u00f3n entre ojos y manos y la motricidad (gruesa y fina).\" \/>\n<meta property=\"og:url\" content=\"https:\/\/stem.uy\/index.php\/product\/junior-little-starter-5\/\" \/>\n<meta property=\"og:site_name\" content=\"Ciencia, Tecnolog\u00eda, Ingenier\u00eda &amp; Matem\u00e1ticas | Stem.uy\" \/>\n<meta property=\"article:modified_time\" content=\"2020-01-01T22:48:23+00:00\" \/>\n<meta property=\"og:image\" content=\"https:\/\/stem.uy\/wp-content\/uploads\/2020\/01\/511929_Junior_Little_Starter_Gabelstapler.jpg\" \/>\n\t<meta property=\"og:image:width\" content=\"800\" \/>\n\t<meta property=\"og:image:height\" content=\"600\" \/>\n\t<meta property=\"og:image:type\" content=\"image\/jpeg\" \/>\n<meta name=\"twitter:card\" content=\"summary_large_image\" \/>\n<meta name=\"twitter:label1\" content=\"Est. reading time\" \/>\n\t<meta name=\"twitter:data1\" content=\"1 minuto\" \/>\n<script type=\"application\/ld+json\" class=\"yoast-schema-graph\">{\"@context\":\"https:\/\/schema.org\",\"@graph\":[{\"@type\":\"WebPage\",\"@id\":\"https:\/\/stem.uy\/index.php\/product\/junior-little-starter-5\/\",\"url\":\"https:\/\/stem.uy\/index.php\/product\/junior-little-starter-5\/\",\"name\":\"JUNIOR LITTLE Starter (5+) - Ciencia, Tecnolog\u00eda, Ingenier\u00eda &amp; Matem\u00e1ticas | Stem.uy\",\"isPartOf\":{\"@id\":\"https:\/\/stem.uy\/#website\"},\"primaryImageOfPage\":{\"@id\":\"https:\/\/stem.uy\/index.php\/product\/junior-little-starter-5\/#primaryimage\"},\"image\":{\"@id\":\"https:\/\/stem.uy\/index.php\/product\/junior-little-starter-5\/#primaryimage\"},\"thumbnailUrl\":\"https:\/\/stem.uy\/wp-content\/uploads\/2020\/01\/511929_Junior_Little_Starter_Gabelstapler.jpg\",\"datePublished\":\"2020-01-01T21:23:32+00:00\",\"dateModified\":\"2020-01-01T22:48:23+00:00\",\"breadcrumb\":{\"@id\":\"https:\/\/stem.uy\/index.php\/product\/junior-little-starter-5\/#breadcrumb\"},\"inLanguage\":\"es-UY\",\"potentialAction\":[{\"@type\":\"ReadAction\",\"target\":[\"https:\/\/stem.uy\/index.php\/product\/junior-little-starter-5\/\"]}]},{\"@type\":\"ImageObject\",\"inLanguage\":\"es-UY\",\"@id\":\"https:\/\/stem.uy\/index.php\/product\/junior-little-starter-5\/#primaryimage\",\"url\":\"https:\/\/stem.uy\/wp-content\/uploads\/2020\/01\/511929_Junior_Little_Starter_Gabelstapler.jpg\",\"contentUrl\":\"https:\/\/stem.uy\/wp-content\/uploads\/2020\/01\/511929_Junior_Little_Starter_Gabelstapler.jpg\",\"width\":800,\"height\":600},{\"@type\":\"BreadcrumbList\",\"@id\":\"https:\/\/stem.uy\/index.php\/product\/junior-little-starter-5\/#breadcrumb\",\"itemListElement\":[{\"@type\":\"ListItem\",\"position\":1,\"name\":\"Home\",\"item\":\"https:\/\/stem.uy\/\"},{\"@type\":\"ListItem\",\"position\":2,\"name\":\"Inicio\",\"item\":\"https:\/\/stem.uy\/\"},{\"@type\":\"ListItem\",\"position\":3,\"name\":\"JUNIOR LITTLE Starter (5+)\"}]},{\"@type\":\"WebSite\",\"@id\":\"https:\/\/stem.uy\/#website\",\"url\":\"https:\/\/stem.uy\/\",\"name\":\"Ciencia, Tecnolog\u00eda, Ingenier\u00eda &amp; Matem\u00e1ticas | Stem.uy\",\"description\":\"\",\"publisher\":{\"@id\":\"https:\/\/stem.uy\/#organization\"},\"potentialAction\":[{\"@type\":\"SearchAction\",\"target\":{\"@type\":\"EntryPoint\",\"urlTemplate\":\"https:\/\/stem.uy\/?s={search_term_string}\"},\"query-input\":{\"@type\":\"PropertyValueSpecification\",\"valueRequired\":true,\"valueName\":\"search_term_string\"}}],\"inLanguage\":\"es-UY\"},{\"@type\":\"Organization\",\"@id\":\"https:\/\/stem.uy\/#organization\",\"name\":\"Ciencia, Tecnolog\u00eda, Ingenier\u00eda &amp; Matem\u00e1ticas | Stem.uy\",\"url\":\"https:\/\/stem.uy\/\",\"logo\":{\"@type\":\"ImageObject\",\"inLanguage\":\"es-UY\",\"@id\":\"https:\/\/stem.uy\/#\/schema\/logo\/image\/\",\"url\":\"https:\/\/stem.uy\/wp-content\/uploads\/2019\/12\/stem-logo.png\",\"contentUrl\":\"https:\/\/stem.uy\/wp-content\/uploads\/2019\/12\/stem-logo.png\",\"width\":320,\"height\":201,\"caption\":\"Ciencia, Tecnolog\u00eda, Ingenier\u00eda &amp; Matem\u00e1ticas | Stem.uy\"},\"image\":{\"@id\":\"https:\/\/stem.uy\/#\/schema\/logo\/image\/\"}}]}<\/script>\n<!-- \/ Yoast SEO plugin. -->","yoast_head_json":{"title":"JUNIOR LITTLE Starter (5+) - Ciencia, Tecnolog\u00eda, Ingenier\u00eda &amp; Matem\u00e1ticas | Stem.uy","robots":{"index":"index","follow":"follow","max-snippet":"max-snippet:-1","max-image-preview":"max-image-preview:large","max-video-preview":"max-video-preview:-1"},"canonical":"https:\/\/stem.uy\/index.php\/product\/junior-little-starter-5\/","og_locale":"es_ES","og_type":"article","og_title":"JUNIOR LITTLE Starter (5+) - Ciencia, Tecnolog\u00eda, Ingenier\u00eda &amp; Matem\u00e1ticas | Stem.uy","og_description":"El kit de iniciaci\u00f3n para j\u00f3venes constructores mayores de 5 a\u00f1os. Con las piezas de gran tama\u00f1o, f\u00e1cilmente asibles, y las instrucciones de construcci\u00f3n, adecuadas para los m\u00e1s peque\u00f1os, es muy f\u00e1cil comenzar a construir. Este juego de construcci\u00f3n fomenta habilidades muy importantes, como la coordinaci\u00f3n entre ojos y manos y la motricidad (gruesa y fina).","og_url":"https:\/\/stem.uy\/index.php\/product\/junior-little-starter-5\/","og_site_name":"Ciencia, Tecnolog\u00eda, Ingenier\u00eda &amp; Matem\u00e1ticas | Stem.uy","article_modified_time":"2020-01-01T22:48:23+00:00","og_image":[{"width":800,"height":600,"url":"https:\/\/stem.uy\/wp-content\/uploads\/2020\/01\/511929_Junior_Little_Starter_Gabelstapler.jpg","type":"image\/jpeg"}],"twitter_card":"summary_large_image","twitter_misc":{"Est. reading time":"1 minuto"},"schema":{"@context":"https:\/\/schema.org","@graph":[{"@type":"WebPage","@id":"https:\/\/stem.uy\/index.php\/product\/junior-little-starter-5\/","url":"https:\/\/stem.uy\/index.php\/product\/junior-little-starter-5\/","name":"JUNIOR LITTLE Starter (5+) - Ciencia, Tecnolog\u00eda, Ingenier\u00eda &amp; Matem\u00e1ticas | Stem.uy","isPartOf":{"@id":"https:\/\/stem.uy\/#website"},"primaryImageOfPage":{"@id":"https:\/\/stem.uy\/index.php\/product\/junior-little-starter-5\/#primaryimage"},"image":{"@id":"https:\/\/stem.uy\/index.php\/product\/junior-little-starter-5\/#primaryimage"},"thumbnailUrl":"https:\/\/stem.uy\/wp-content\/uploads\/2020\/01\/511929_Junior_Little_Starter_Gabelstapler.jpg","datePublished":"2020-01-01T21:23:32+00:00","dateModified":"2020-01-01T22:48:23+00:00","breadcrumb":{"@id":"https:\/\/stem.uy\/index.php\/product\/junior-little-starter-5\/#breadcrumb"},"inLanguage":"es-UY","potentialAction":[{"@type":"ReadAction","target":["https:\/\/stem.uy\/index.php\/product\/junior-little-starter-5\/"]}]},{"@type":"ImageObject","inLanguage":"es-UY","@id":"https:\/\/stem.uy\/index.php\/product\/junior-little-starter-5\/#primaryimage","url":"https:\/\/stem.uy\/wp-content\/uploads\/2020\/01\/511929_Junior_Little_Starter_Gabelstapler.jpg","contentUrl":"https:\/\/stem.uy\/wp-content\/uploads\/2020\/01\/511929_Junior_Little_Starter_Gabelstapler.jpg","width":800,"height":600},{"@type":"BreadcrumbList","@id":"https:\/\/stem.uy\/index.php\/product\/junior-little-starter-5\/#breadcrumb","itemListElement":[{"@type":"ListItem","position":1,"name":"Home","item":"https:\/\/stem.uy\/"},{"@type":"ListItem","position":2,"name":"Inicio","item":"https:\/\/stem.uy\/"},{"@type":"ListItem","position":3,"name":"JUNIOR LITTLE Starter (5+)"}]},{"@type":"WebSite","@id":"https:\/\/stem.uy\/#website","url":"https:\/\/stem.uy\/","name":"Ciencia, Tecnolog\u00eda, Ingenier\u00eda &amp; Matem\u00e1ticas | Stem.uy","description":"","publisher":{"@id":"https:\/\/stem.uy\/#organization"},"potentialAction":[{"@type":"SearchAction","target":{"@type":"EntryPoint","urlTemplate":"https:\/\/stem.uy\/?s={search_term_string}"},"query-input":{"@type":"PropertyValueSpecification","valueRequired":true,"valueName":"search_term_string"}}],"inLanguage":"es-UY"},{"@type":"Organization","@id":"https:\/\/stem.uy\/#organization","name":"Ciencia, Tecnolog\u00eda, Ingenier\u00eda &amp; Matem\u00e1ticas | Stem.uy","url":"https:\/\/stem.uy\/","logo":{"@type":"ImageObject","inLanguage":"es-UY","@id":"https:\/\/stem.uy\/#\/schema\/logo\/image\/","url":"https:\/\/stem.uy\/wp-content\/uploads\/2019\/12\/stem-logo.png","contentUrl":"https:\/\/stem.uy\/wp-content\/uploads\/2019\/12\/stem-logo.png","width":320,"height":201,"caption":"Ciencia, Tecnolog\u00eda, Ingenier\u00eda &amp; Matem\u00e1ticas | Stem.uy"},"image":{"@id":"https:\/\/stem.uy\/#\/schema\/logo\/image\/"}}]}},"jetpack_sharing_enabled":true,"_links":{"self":[{"href":"https:\/\/stem.uy\/index.php\/wp-json\/wp\/v2\/product\/262","targetHints":{"allow":["GET"]}}],"collection":[{"href":"https:\/\/stem.uy\/index.php\/wp-json\/wp\/v2\/product"}],"about":[{"href":"https:\/\/stem.uy\/index.php\/wp-json\/wp\/v2\/types\/product"}],"replies":[{"embeddable":true,"href":"https:\/\/stem.uy\/index.php\/wp-json\/wp\/v2\/comments?post=262"}],"wp:featuredmedia":[{"embeddable":true,"href":"https:\/\/stem.uy\/index.php\/wp-json\/wp\/v2\/media\/264"}],"wp:attachment":[{"href":"https:\/\/stem.uy\/index.php\/wp-json\/wp\/v2\/media?parent=262"}],"wp:term":[{"taxonomy":"product_cat","embeddable":true,"href":"https:\/\/stem.uy\/index.php\/wp-json\/wp\/v2\/product_cat?post=262"},{"taxonomy":"product_tag","embeddable":true,"href":"https:\/\/stem.uy\/index.php\/wp-json\/wp\/v2\/product_tag?post=262"}],"curies":[{"name":"wp","href":"https:\/\/api.w.org\/{rel}","templated":true}]}}