{"id":266,"date":"2020-01-01T21:40:46","date_gmt":"2020-01-01T21:40:46","guid":{"rendered":"https:\/\/stem.uy\/?post_type=product&#038;p=266"},"modified":"2020-01-01T22:50:20","modified_gmt":"2020-01-01T22:50:20","slug":"junior-jumbo-starter-5","status":"publish","type":"product","link":"https:\/\/stem.uy\/index.php\/product\/junior-jumbo-starter-5\/","title":{"rendered":"JUNIOR JUMBO Starter (5+)"},"content":{"rendered":"<p><img loading=\"lazy\" decoding=\"async\" class=\"alignnone size-medium wp-image-267\" src=\"https:\/\/stem.uy\/wp-content\/uploads\/2020\/01\/511930_Jumbo_Starter_Boot-mit-Kran-300x225.jpg\" alt=\"\" width=\"300\" height=\"225\" srcset=\"https:\/\/stem.uy\/wp-content\/uploads\/2020\/01\/511930_Jumbo_Starter_Boot-mit-Kran-300x225.jpg 300w, https:\/\/stem.uy\/wp-content\/uploads\/2020\/01\/511930_Jumbo_Starter_Boot-mit-Kran-600x450.jpg 600w, https:\/\/stem.uy\/wp-content\/uploads\/2020\/01\/511930_Jumbo_Starter_Boot-mit-Kran-768x576.jpg 768w, https:\/\/stem.uy\/wp-content\/uploads\/2020\/01\/511930_Jumbo_Starter_Boot-mit-Kran.jpg 800w\" sizes=\"auto, (max-width: 300px) 100vw, 300px\" \/><\/p>\n<p><strong>JUNIOR Jumbo Starter <\/strong><\/p>\n<p><strong>Muchos modelos diferentes para j\u00f3venes constructores de fischertechnik <\/strong><\/p>\n<p>Art.-No. 511930<\/p>\n<p>Principales caracter\u00edsticas:<\/p>\n<ul>\n<li>16 modelos<\/li>\n<li>135 piezas<\/li>\n<li>Apto para ni\u00f1os a partir de 5 a\u00f1os<\/li>\n<\/ul>\n<p>Descripci\u00f3n de producto<\/p>\n<p>Remolque de plataforma baja con gr\u00faa, avi\u00f3n, tractor&#8230; Son muchos los modelos diferentes que invitan a construir y jugar. Con las piezas de gran tama\u00f1o, f\u00e1cilmente asibles, y las instrucciones de construcci\u00f3n, adecuadas para los m\u00e1s peque\u00f1os, es muy f\u00e1cil comenzar a construir.<\/p>\n<p>Este juego de construcci\u00f3n fomenta habilidades muy importantes, como la coordinaci\u00f3n entre ojos y manos y la motricidad (gruesa y fina).<\/p>\n<p>Se pueden construir al mismo tiempo varios modelos. Para ni\u00f1os mayores de 5 a\u00f1os.<\/p>\n<ul>\n<li>Fomento de las habilidades motoras<\/li>\n<li>Cabrestante funcional<\/li>\n<li>Subir y bajar la volqueta<\/li>\n<\/ul>\n<p>Datos t\u00e9cnicos<\/p>\n<p>Dimensiones del embalaje\u00a0\u00a0 46,5 x 8 x 32\u00a0\u00a0\u00a0\u00a0\u00a0 cm<\/p>\n<p>N\u00famero de modelos\u00a0\u00a0\u00a0\u00a0\u00a0\u00a0\u00a0\u00a0\u00a0\u00a0\u00a0 16<\/p>\n<p>N\u00famero de componentes\u00a0\u00a0\u00a0 135<\/p>\n<p>Peso\u00a0\u00a0\u00a0\u00a0\u00a0\u00a0\u00a0\u00a0\u00a0\u00a0\u00a0\u00a0\u00a0\u00a0\u00a0\u00a0\u00a0\u00a0\u00a0\u00a0\u00a0\u00a0\u00a0\u00a0\u00a0\u00a0\u00a0\u00a0\u00a0\u00a0\u00a0\u00a0\u00a0\u00a0\u00a0\u00a0 1200\u00a0\u00a0\u00a0\u00a0\u00a0\u00a0\u00a0\u00a0\u00a0\u00a0\u00a0\u00a0\u00a0\u00a0\u00a0\u00a0\u00a0\u00a0 g<\/p>\n<p>Volumen\u00a0\u00a0\u00a0\u00a0\u00a0\u00a0\u00a0\u00a0\u00a0\u00a0\u00a0\u00a0\u00a0\u00a0\u00a0\u00a0\u00a0\u00a0\u00a0\u00a0\u00a0\u00a0\u00a0\u00a0\u00a0\u00a0\u00a0\u00a0\u00a0 0,0119<\/p>\n<p>EAN-Code\u00a0\u00a0\u00a0\u00a0\u00a0\u00a0\u00a0\u00a0\u00a0\u00a0\u00a0\u00a0\u00a0\u00a0\u00a0\u00a0\u00a0\u00a0\u00a0\u00a0\u00a0\u00a0\u00a0\u00a0\u00a0 4048962111279<\/p>\n","protected":false},"excerpt":{"rendered":"<p>https:\/\/dai.ly\/x6ddxiu<\/p>\n<p>&nbsp;<\/p>\n","protected":false},"featured_media":270,"comment_status":"open","ping_status":"closed","template":"","meta":[],"product_cat":[23],"product_tag":[],"class_list":["post-266","product","type-product","status-publish","has-post-thumbnail","hentry","product_cat-junior"],"yoast_head":"<!-- This site is optimized with the Yoast SEO plugin v24.9 - https:\/\/yoast.com\/wordpress\/plugins\/seo\/ -->\n<title>JUNIOR JUMBO Starter (5+) - Ciencia, Tecnolog\u00eda, Ingenier\u00eda &amp; Matem\u00e1ticas | Stem.uy<\/title>\n<meta name=\"robots\" content=\"index, follow, max-snippet:-1, max-image-preview:large, max-video-preview:-1\" \/>\n<link rel=\"canonical\" href=\"https:\/\/stem.uy\/index.php\/product\/junior-jumbo-starter-5\/\" \/>\n<meta property=\"og:locale\" content=\"es_ES\" \/>\n<meta property=\"og:type\" content=\"article\" \/>\n<meta property=\"og:title\" content=\"JUNIOR JUMBO Starter (5+) - Ciencia, Tecnolog\u00eda, Ingenier\u00eda &amp; Matem\u00e1ticas | Stem.uy\" \/>\n<meta property=\"og:description\" content=\"https:\/\/dai.ly\/x6ddxiu  &nbsp;\" \/>\n<meta property=\"og:url\" content=\"https:\/\/stem.uy\/index.php\/product\/junior-jumbo-starter-5\/\" \/>\n<meta property=\"og:site_name\" content=\"Ciencia, Tecnolog\u00eda, Ingenier\u00eda &amp; Matem\u00e1ticas | Stem.uy\" \/>\n<meta property=\"article:modified_time\" content=\"2020-01-01T22:50:20+00:00\" \/>\n<meta property=\"og:image\" content=\"https:\/\/stem.uy\/wp-content\/uploads\/2020\/01\/511930_Jumbo_Starter_LKW-und-Kran.jpg\" \/>\n\t<meta property=\"og:image:width\" content=\"600\" \/>\n\t<meta property=\"og:image:height\" content=\"800\" \/>\n\t<meta property=\"og:image:type\" content=\"image\/jpeg\" \/>\n<meta name=\"twitter:card\" content=\"summary_large_image\" \/>\n<meta name=\"twitter:label1\" content=\"Est. reading time\" \/>\n\t<meta name=\"twitter:data1\" content=\"1 minuto\" \/>\n<script type=\"application\/ld+json\" class=\"yoast-schema-graph\">{\"@context\":\"https:\/\/schema.org\",\"@graph\":[{\"@type\":\"WebPage\",\"@id\":\"https:\/\/stem.uy\/index.php\/product\/junior-jumbo-starter-5\/\",\"url\":\"https:\/\/stem.uy\/index.php\/product\/junior-jumbo-starter-5\/\",\"name\":\"JUNIOR JUMBO Starter (5+) - Ciencia, Tecnolog\u00eda, Ingenier\u00eda &amp; Matem\u00e1ticas | Stem.uy\",\"isPartOf\":{\"@id\":\"https:\/\/stem.uy\/#website\"},\"primaryImageOfPage\":{\"@id\":\"https:\/\/stem.uy\/index.php\/product\/junior-jumbo-starter-5\/#primaryimage\"},\"image\":{\"@id\":\"https:\/\/stem.uy\/index.php\/product\/junior-jumbo-starter-5\/#primaryimage\"},\"thumbnailUrl\":\"https:\/\/stem.uy\/wp-content\/uploads\/2020\/01\/511930_Jumbo_Starter_LKW-und-Kran.jpg\",\"datePublished\":\"2020-01-01T21:40:46+00:00\",\"dateModified\":\"2020-01-01T22:50:20+00:00\",\"breadcrumb\":{\"@id\":\"https:\/\/stem.uy\/index.php\/product\/junior-jumbo-starter-5\/#breadcrumb\"},\"inLanguage\":\"es-UY\",\"potentialAction\":[{\"@type\":\"ReadAction\",\"target\":[\"https:\/\/stem.uy\/index.php\/product\/junior-jumbo-starter-5\/\"]}]},{\"@type\":\"ImageObject\",\"inLanguage\":\"es-UY\",\"@id\":\"https:\/\/stem.uy\/index.php\/product\/junior-jumbo-starter-5\/#primaryimage\",\"url\":\"https:\/\/stem.uy\/wp-content\/uploads\/2020\/01\/511930_Jumbo_Starter_LKW-und-Kran.jpg\",\"contentUrl\":\"https:\/\/stem.uy\/wp-content\/uploads\/2020\/01\/511930_Jumbo_Starter_LKW-und-Kran.jpg\",\"width\":600,\"height\":800},{\"@type\":\"BreadcrumbList\",\"@id\":\"https:\/\/stem.uy\/index.php\/product\/junior-jumbo-starter-5\/#breadcrumb\",\"itemListElement\":[{\"@type\":\"ListItem\",\"position\":1,\"name\":\"Home\",\"item\":\"https:\/\/stem.uy\/\"},{\"@type\":\"ListItem\",\"position\":2,\"name\":\"Inicio\",\"item\":\"https:\/\/stem.uy\/\"},{\"@type\":\"ListItem\",\"position\":3,\"name\":\"JUNIOR JUMBO Starter (5+)\"}]},{\"@type\":\"WebSite\",\"@id\":\"https:\/\/stem.uy\/#website\",\"url\":\"https:\/\/stem.uy\/\",\"name\":\"Ciencia, Tecnolog\u00eda, Ingenier\u00eda &amp; Matem\u00e1ticas | Stem.uy\",\"description\":\"\",\"publisher\":{\"@id\":\"https:\/\/stem.uy\/#organization\"},\"potentialAction\":[{\"@type\":\"SearchAction\",\"target\":{\"@type\":\"EntryPoint\",\"urlTemplate\":\"https:\/\/stem.uy\/?s={search_term_string}\"},\"query-input\":{\"@type\":\"PropertyValueSpecification\",\"valueRequired\":true,\"valueName\":\"search_term_string\"}}],\"inLanguage\":\"es-UY\"},{\"@type\":\"Organization\",\"@id\":\"https:\/\/stem.uy\/#organization\",\"name\":\"Ciencia, Tecnolog\u00eda, Ingenier\u00eda &amp; Matem\u00e1ticas | Stem.uy\",\"url\":\"https:\/\/stem.uy\/\",\"logo\":{\"@type\":\"ImageObject\",\"inLanguage\":\"es-UY\",\"@id\":\"https:\/\/stem.uy\/#\/schema\/logo\/image\/\",\"url\":\"https:\/\/stem.uy\/wp-content\/uploads\/2019\/12\/stem-logo.png\",\"contentUrl\":\"https:\/\/stem.uy\/wp-content\/uploads\/2019\/12\/stem-logo.png\",\"width\":320,\"height\":201,\"caption\":\"Ciencia, Tecnolog\u00eda, Ingenier\u00eda &amp; Matem\u00e1ticas | Stem.uy\"},\"image\":{\"@id\":\"https:\/\/stem.uy\/#\/schema\/logo\/image\/\"}}]}<\/script>\n<!-- \/ Yoast SEO plugin. -->","yoast_head_json":{"title":"JUNIOR JUMBO Starter (5+) - Ciencia, Tecnolog\u00eda, Ingenier\u00eda &amp; Matem\u00e1ticas | Stem.uy","robots":{"index":"index","follow":"follow","max-snippet":"max-snippet:-1","max-image-preview":"max-image-preview:large","max-video-preview":"max-video-preview:-1"},"canonical":"https:\/\/stem.uy\/index.php\/product\/junior-jumbo-starter-5\/","og_locale":"es_ES","og_type":"article","og_title":"JUNIOR JUMBO Starter (5+) - Ciencia, Tecnolog\u00eda, Ingenier\u00eda &amp; Matem\u00e1ticas | Stem.uy","og_description":"https:\/\/dai.ly\/x6ddxiu  &nbsp;","og_url":"https:\/\/stem.uy\/index.php\/product\/junior-jumbo-starter-5\/","og_site_name":"Ciencia, Tecnolog\u00eda, Ingenier\u00eda &amp; Matem\u00e1ticas | Stem.uy","article_modified_time":"2020-01-01T22:50:20+00:00","og_image":[{"width":600,"height":800,"url":"https:\/\/stem.uy\/wp-content\/uploads\/2020\/01\/511930_Jumbo_Starter_LKW-und-Kran.jpg","type":"image\/jpeg"}],"twitter_card":"summary_large_image","twitter_misc":{"Est. reading time":"1 minuto"},"schema":{"@context":"https:\/\/schema.org","@graph":[{"@type":"WebPage","@id":"https:\/\/stem.uy\/index.php\/product\/junior-jumbo-starter-5\/","url":"https:\/\/stem.uy\/index.php\/product\/junior-jumbo-starter-5\/","name":"JUNIOR JUMBO Starter (5+) - Ciencia, Tecnolog\u00eda, Ingenier\u00eda &amp; Matem\u00e1ticas | Stem.uy","isPartOf":{"@id":"https:\/\/stem.uy\/#website"},"primaryImageOfPage":{"@id":"https:\/\/stem.uy\/index.php\/product\/junior-jumbo-starter-5\/#primaryimage"},"image":{"@id":"https:\/\/stem.uy\/index.php\/product\/junior-jumbo-starter-5\/#primaryimage"},"thumbnailUrl":"https:\/\/stem.uy\/wp-content\/uploads\/2020\/01\/511930_Jumbo_Starter_LKW-und-Kran.jpg","datePublished":"2020-01-01T21:40:46+00:00","dateModified":"2020-01-01T22:50:20+00:00","breadcrumb":{"@id":"https:\/\/stem.uy\/index.php\/product\/junior-jumbo-starter-5\/#breadcrumb"},"inLanguage":"es-UY","potentialAction":[{"@type":"ReadAction","target":["https:\/\/stem.uy\/index.php\/product\/junior-jumbo-starter-5\/"]}]},{"@type":"ImageObject","inLanguage":"es-UY","@id":"https:\/\/stem.uy\/index.php\/product\/junior-jumbo-starter-5\/#primaryimage","url":"https:\/\/stem.uy\/wp-content\/uploads\/2020\/01\/511930_Jumbo_Starter_LKW-und-Kran.jpg","contentUrl":"https:\/\/stem.uy\/wp-content\/uploads\/2020\/01\/511930_Jumbo_Starter_LKW-und-Kran.jpg","width":600,"height":800},{"@type":"BreadcrumbList","@id":"https:\/\/stem.uy\/index.php\/product\/junior-jumbo-starter-5\/#breadcrumb","itemListElement":[{"@type":"ListItem","position":1,"name":"Home","item":"https:\/\/stem.uy\/"},{"@type":"ListItem","position":2,"name":"Inicio","item":"https:\/\/stem.uy\/"},{"@type":"ListItem","position":3,"name":"JUNIOR JUMBO Starter (5+)"}]},{"@type":"WebSite","@id":"https:\/\/stem.uy\/#website","url":"https:\/\/stem.uy\/","name":"Ciencia, Tecnolog\u00eda, Ingenier\u00eda &amp; Matem\u00e1ticas | Stem.uy","description":"","publisher":{"@id":"https:\/\/stem.uy\/#organization"},"potentialAction":[{"@type":"SearchAction","target":{"@type":"EntryPoint","urlTemplate":"https:\/\/stem.uy\/?s={search_term_string}"},"query-input":{"@type":"PropertyValueSpecification","valueRequired":true,"valueName":"search_term_string"}}],"inLanguage":"es-UY"},{"@type":"Organization","@id":"https:\/\/stem.uy\/#organization","name":"Ciencia, Tecnolog\u00eda, Ingenier\u00eda &amp; Matem\u00e1ticas | Stem.uy","url":"https:\/\/stem.uy\/","logo":{"@type":"ImageObject","inLanguage":"es-UY","@id":"https:\/\/stem.uy\/#\/schema\/logo\/image\/","url":"https:\/\/stem.uy\/wp-content\/uploads\/2019\/12\/stem-logo.png","contentUrl":"https:\/\/stem.uy\/wp-content\/uploads\/2019\/12\/stem-logo.png","width":320,"height":201,"caption":"Ciencia, Tecnolog\u00eda, Ingenier\u00eda &amp; Matem\u00e1ticas | Stem.uy"},"image":{"@id":"https:\/\/stem.uy\/#\/schema\/logo\/image\/"}}]}},"jetpack_sharing_enabled":true,"_links":{"self":[{"href":"https:\/\/stem.uy\/index.php\/wp-json\/wp\/v2\/product\/266","targetHints":{"allow":["GET"]}}],"collection":[{"href":"https:\/\/stem.uy\/index.php\/wp-json\/wp\/v2\/product"}],"about":[{"href":"https:\/\/stem.uy\/index.php\/wp-json\/wp\/v2\/types\/product"}],"replies":[{"embeddable":true,"href":"https:\/\/stem.uy\/index.php\/wp-json\/wp\/v2\/comments?post=266"}],"wp:featuredmedia":[{"embeddable":true,"href":"https:\/\/stem.uy\/index.php\/wp-json\/wp\/v2\/media\/270"}],"wp:attachment":[{"href":"https:\/\/stem.uy\/index.php\/wp-json\/wp\/v2\/media?parent=266"}],"wp:term":[{"taxonomy":"product_cat","embeddable":true,"href":"https:\/\/stem.uy\/index.php\/wp-json\/wp\/v2\/product_cat?post=266"},{"taxonomy":"product_tag","embeddable":true,"href":"https:\/\/stem.uy\/index.php\/wp-json\/wp\/v2\/product_tag?post=266"}],"curies":[{"name":"wp","href":"https:\/\/api.w.org\/{rel}","templated":true}]}}