{"id":358,"date":"2020-01-02T00:59:49","date_gmt":"2020-01-02T00:59:49","guid":{"rendered":"https:\/\/stem.uy\/?post_type=product&#038;p=358"},"modified":"2020-01-12T05:56:20","modified_gmt":"2020-01-12T05:56:20","slug":"robotics-sensor-station-iot-set","status":"publish","type":"product","link":"https:\/\/stem.uy\/index.php\/product\/robotics-sensor-station-iot-set\/","title":{"rendered":"Robotics Sensor Station IoT Set"},"content":{"rendered":"<p><strong>Estaci\u00f3n Rob\u00f3tica con Sensores IoT (con TXT)<\/strong><\/p>\n<p><strong>\u00a0<\/strong><\/p>\n<p><strong>\u00a0<\/strong><\/p>\n<p><strong>\u00a1Una introducci\u00f3n profesional al registro de datos! <\/strong>La Estaci\u00f3n Rob\u00f3tica viene con una c\u00e1mara, un nuevo sensor ambiental y otros sensores para medir de la temperatura del aire, la humedad, la presi\u00f3n del aire, la calidad del aire, el volumen y el brillo.<\/p>\n<p>&nbsp;<\/p>\n<p>Los modelos se pueden programar y controlar con el software de programaci\u00f3n gr\u00e1fica <strong>ROBO Pro<\/strong> y la <a href=\"http:\/\/www.ro-botica.com\/Producto\/Controladora-Fischertechnik-ROBOTICS-TXT\/\"><strong>controladora de fichertechnik TXT <\/strong><\/a>(incluida)<strong>.\u00a0<\/strong>Adem\u00e1s, el modelo se puede conectar a una <strong>red WiFi<\/strong>, de modo que la <strong>c\u00e1mara<\/strong>tambi\u00e9n se pueda controlar a distancia. El controlador TXT se puede conectar a un servidor en la<strong>\u00a0nube<\/strong>, donde los datos de los sensores se guardan y se pueden consultar m\u00e1s tarde.<\/p>\n<p>Otros modelos y aplicaciones que el alumno puede dise\u00f1ar y luego controlar son:<\/p>\n<ul>\n<li><strong>bar\u00f3metro<\/strong> (mide la presi\u00f3n de aire)<\/li>\n<li><strong>monitor h\u00famedo<\/strong> (mide la humedad y la temperatura del aire)<\/li>\n<li><strong>sensor de bienestar ambiental<\/strong> (mide la calidad del aire, temperatura, humedad) con pantalla LED<\/li>\n<li><strong>sensor de ruido<\/strong> (mide el volumen)<\/li>\n<li>y <strong>monitor de escarcha<\/strong> (prueba la temperatura contra el punto de congelaci\u00f3n)<\/li>\n<\/ul>\n<p>&nbsp;<\/p>\n<p>&nbsp;<\/p>\n<p>El innovador material did\u00e1ctico de<strong>\u00a0fischertechnik<\/strong> transmite conocimientos t\u00e9cnicos y les da una idea real. La gu\u00eda did\u00e1ctica adjunta, con material did\u00e1ctico y de lecciones, ofrece informaci\u00f3n de antecedentes,proyectos y consejos para el programador. Tambi\u00e9n contar\u00e1s con el <strong>portal eLearning<\/strong> : <a href=\"http:\/\/www.fischertechnik-elearning.com\/\">www.fischertechnik-elearning.com<\/a><\/p>\n<p><strong>Objetivos de Aprendizaje:<\/strong><\/p>\n<ul>\n<li>Instrumentaci\u00f3n y control<\/li>\n<li>Programaci\u00f3n<\/li>\n<li>Interacci\u00f3n entre hardware y software<\/li>\n<li>Uso de actuadores y sensores<\/li>\n<li>Comprender los puntos focales que miden, controlan, regulan y programan<\/li>\n<li>Experimente la interacci\u00f3n entre el controlador TXT de alta tecnolog\u00eda y el software ROBO Pro<\/li>\n<li>Comprenda c\u00f3mo funcionan la c\u00e1mara USB, diferentes actuadores y muchos sensores<\/li>\n<li>Profundizar y practicar proyectos y trabajos grupales<\/li>\n<\/ul>\n<p><strong>Contenido:<\/strong><\/p>\n<ul>\n<li>sensor ambiental<\/li>\n<li><a href=\"https:\/\/www.ro-botica.com\/Producto\/Controladora-Fischertechnik-ROBOTICS-TXT\/\">controladora Fischertechnik TXT<\/a><\/li>\n<li>150 piezas aprox.<\/li>\n<li>sensor de brillo<\/li>\n<li>C\u00e1mara USB (1 MP)<\/li>\n<li>2x motor del codificador<\/li>\n<li>2x pulsador<\/li>\n<li>LEDs<\/li>\n<\/ul>\n<p><strong>Otros datos:<\/strong><\/p>\n<ul>\n<li>Medidas: <strong>44&#215;31,5&#215;15 cm<\/strong><\/li>\n<li>Modelos:<strong>\u00a06<\/strong><\/li>\n<li>Peso:<strong>\u00a02,100 kg<\/strong><\/li>\n<\/ul>\n<p>&nbsp;<\/p>\n","protected":false},"excerpt":{"rendered":"<p>https:\/\/youtu.be\/clPDj2Pi2ms<\/p>\n","protected":false},"featured_media":359,"comment_status":"open","ping_status":"closed","template":"","meta":[],"product_cat":[22],"product_tag":[39,48,31,42,30,41,38,33,49,36,43,32,53,51,35,50,45,28,40,44,37,52,29,47],"class_list":["post-358","product","type-product","status-publish","has-post-thumbnail","hentry","product_cat-special-stem-sets","product_tag-actuadores","product_tag-arduino","product_tag-bachillerato","product_tag-ceibal","product_tag-competicion","product_tag-diagramas","product_tag-encoders","product_tag-fischertechnik","product_tag-ftduino","product_tag-germany","product_tag-ibirapita","product_tag-ingenieria","product_tag-iot","product_tag-lego","product_tag-meccano","product_tag-microbit","product_tag-primaria","product_tag-robotica","product_tag-scratch","product_tag-secundaria","product_tag-sensores","product_tag-simulacion","product_tag-stem","product_tag-tecnica"],"yoast_head":"<!-- This site is optimized with the Yoast SEO plugin v24.9 - https:\/\/yoast.com\/wordpress\/plugins\/seo\/ -->\n<title>Robotics Sensor Station IoT Set - Ciencia, Tecnolog\u00eda, Ingenier\u00eda &amp; Matem\u00e1ticas | Stem.uy<\/title>\n<meta name=\"robots\" content=\"index, follow, max-snippet:-1, max-image-preview:large, max-video-preview:-1\" \/>\n<link rel=\"canonical\" href=\"https:\/\/stem.uy\/index.php\/product\/robotics-sensor-station-iot-set\/\" \/>\n<meta property=\"og:locale\" content=\"es_ES\" \/>\n<meta property=\"og:type\" content=\"article\" \/>\n<meta property=\"og:title\" content=\"Robotics Sensor Station IoT Set - Ciencia, Tecnolog\u00eda, Ingenier\u00eda &amp; Matem\u00e1ticas | Stem.uy\" \/>\n<meta property=\"og:description\" content=\"https:\/\/youtu.be\/clPDj2Pi2ms\" \/>\n<meta property=\"og:url\" content=\"https:\/\/stem.uy\/index.php\/product\/robotics-sensor-station-iot-set\/\" \/>\n<meta property=\"og:site_name\" content=\"Ciencia, Tecnolog\u00eda, Ingenier\u00eda &amp; Matem\u00e1ticas | Stem.uy\" \/>\n<meta property=\"article:modified_time\" content=\"2020-01-12T05:56:20+00:00\" \/>\n<meta property=\"og:image\" content=\"https:\/\/stem.uy\/wp-content\/uploads\/2020\/01\/544624-Titelmodell_SmartHome.jpg\" \/>\n\t<meta property=\"og:image:width\" content=\"800\" \/>\n\t<meta property=\"og:image:height\" content=\"616\" \/>\n\t<meta property=\"og:image:type\" content=\"image\/jpeg\" \/>\n<meta name=\"twitter:card\" content=\"summary_large_image\" \/>\n<meta name=\"twitter:label1\" content=\"Est. reading time\" \/>\n\t<meta name=\"twitter:data1\" content=\"2 minutos\" \/>\n<script type=\"application\/ld+json\" class=\"yoast-schema-graph\">{\"@context\":\"https:\/\/schema.org\",\"@graph\":[{\"@type\":\"WebPage\",\"@id\":\"https:\/\/stem.uy\/index.php\/product\/robotics-sensor-station-iot-set\/\",\"url\":\"https:\/\/stem.uy\/index.php\/product\/robotics-sensor-station-iot-set\/\",\"name\":\"Robotics Sensor Station IoT Set - Ciencia, Tecnolog\u00eda, Ingenier\u00eda &amp; Matem\u00e1ticas | Stem.uy\",\"isPartOf\":{\"@id\":\"https:\/\/stem.uy\/#website\"},\"primaryImageOfPage\":{\"@id\":\"https:\/\/stem.uy\/index.php\/product\/robotics-sensor-station-iot-set\/#primaryimage\"},\"image\":{\"@id\":\"https:\/\/stem.uy\/index.php\/product\/robotics-sensor-station-iot-set\/#primaryimage\"},\"thumbnailUrl\":\"https:\/\/stem.uy\/wp-content\/uploads\/2020\/01\/544624-Titelmodell_SmartHome.jpg\",\"datePublished\":\"2020-01-02T00:59:49+00:00\",\"dateModified\":\"2020-01-12T05:56:20+00:00\",\"breadcrumb\":{\"@id\":\"https:\/\/stem.uy\/index.php\/product\/robotics-sensor-station-iot-set\/#breadcrumb\"},\"inLanguage\":\"es-UY\",\"potentialAction\":[{\"@type\":\"ReadAction\",\"target\":[\"https:\/\/stem.uy\/index.php\/product\/robotics-sensor-station-iot-set\/\"]}]},{\"@type\":\"ImageObject\",\"inLanguage\":\"es-UY\",\"@id\":\"https:\/\/stem.uy\/index.php\/product\/robotics-sensor-station-iot-set\/#primaryimage\",\"url\":\"https:\/\/stem.uy\/wp-content\/uploads\/2020\/01\/544624-Titelmodell_SmartHome.jpg\",\"contentUrl\":\"https:\/\/stem.uy\/wp-content\/uploads\/2020\/01\/544624-Titelmodell_SmartHome.jpg\",\"width\":800,\"height\":616},{\"@type\":\"BreadcrumbList\",\"@id\":\"https:\/\/stem.uy\/index.php\/product\/robotics-sensor-station-iot-set\/#breadcrumb\",\"itemListElement\":[{\"@type\":\"ListItem\",\"position\":1,\"name\":\"Home\",\"item\":\"https:\/\/stem.uy\/\"},{\"@type\":\"ListItem\",\"position\":2,\"name\":\"Inicio\",\"item\":\"https:\/\/stem.uy\/\"},{\"@type\":\"ListItem\",\"position\":3,\"name\":\"Robotics Sensor Station IoT Set\"}]},{\"@type\":\"WebSite\",\"@id\":\"https:\/\/stem.uy\/#website\",\"url\":\"https:\/\/stem.uy\/\",\"name\":\"Ciencia, Tecnolog\u00eda, Ingenier\u00eda &amp; Matem\u00e1ticas | Stem.uy\",\"description\":\"\",\"publisher\":{\"@id\":\"https:\/\/stem.uy\/#organization\"},\"potentialAction\":[{\"@type\":\"SearchAction\",\"target\":{\"@type\":\"EntryPoint\",\"urlTemplate\":\"https:\/\/stem.uy\/?s={search_term_string}\"},\"query-input\":{\"@type\":\"PropertyValueSpecification\",\"valueRequired\":true,\"valueName\":\"search_term_string\"}}],\"inLanguage\":\"es-UY\"},{\"@type\":\"Organization\",\"@id\":\"https:\/\/stem.uy\/#organization\",\"name\":\"Ciencia, Tecnolog\u00eda, Ingenier\u00eda &amp; Matem\u00e1ticas | Stem.uy\",\"url\":\"https:\/\/stem.uy\/\",\"logo\":{\"@type\":\"ImageObject\",\"inLanguage\":\"es-UY\",\"@id\":\"https:\/\/stem.uy\/#\/schema\/logo\/image\/\",\"url\":\"https:\/\/stem.uy\/wp-content\/uploads\/2019\/12\/stem-logo.png\",\"contentUrl\":\"https:\/\/stem.uy\/wp-content\/uploads\/2019\/12\/stem-logo.png\",\"width\":320,\"height\":201,\"caption\":\"Ciencia, Tecnolog\u00eda, Ingenier\u00eda &amp; Matem\u00e1ticas | Stem.uy\"},\"image\":{\"@id\":\"https:\/\/stem.uy\/#\/schema\/logo\/image\/\"}}]}<\/script>\n<!-- \/ Yoast SEO plugin. -->","yoast_head_json":{"title":"Robotics Sensor Station IoT Set - Ciencia, Tecnolog\u00eda, Ingenier\u00eda &amp; Matem\u00e1ticas | Stem.uy","robots":{"index":"index","follow":"follow","max-snippet":"max-snippet:-1","max-image-preview":"max-image-preview:large","max-video-preview":"max-video-preview:-1"},"canonical":"https:\/\/stem.uy\/index.php\/product\/robotics-sensor-station-iot-set\/","og_locale":"es_ES","og_type":"article","og_title":"Robotics Sensor Station IoT Set - Ciencia, Tecnolog\u00eda, Ingenier\u00eda &amp; Matem\u00e1ticas | Stem.uy","og_description":"https:\/\/youtu.be\/clPDj2Pi2ms","og_url":"https:\/\/stem.uy\/index.php\/product\/robotics-sensor-station-iot-set\/","og_site_name":"Ciencia, Tecnolog\u00eda, Ingenier\u00eda &amp; Matem\u00e1ticas | Stem.uy","article_modified_time":"2020-01-12T05:56:20+00:00","og_image":[{"width":800,"height":616,"url":"https:\/\/stem.uy\/wp-content\/uploads\/2020\/01\/544624-Titelmodell_SmartHome.jpg","type":"image\/jpeg"}],"twitter_card":"summary_large_image","twitter_misc":{"Est. reading time":"2 minutos"},"schema":{"@context":"https:\/\/schema.org","@graph":[{"@type":"WebPage","@id":"https:\/\/stem.uy\/index.php\/product\/robotics-sensor-station-iot-set\/","url":"https:\/\/stem.uy\/index.php\/product\/robotics-sensor-station-iot-set\/","name":"Robotics Sensor Station IoT Set - Ciencia, Tecnolog\u00eda, Ingenier\u00eda &amp; Matem\u00e1ticas | Stem.uy","isPartOf":{"@id":"https:\/\/stem.uy\/#website"},"primaryImageOfPage":{"@id":"https:\/\/stem.uy\/index.php\/product\/robotics-sensor-station-iot-set\/#primaryimage"},"image":{"@id":"https:\/\/stem.uy\/index.php\/product\/robotics-sensor-station-iot-set\/#primaryimage"},"thumbnailUrl":"https:\/\/stem.uy\/wp-content\/uploads\/2020\/01\/544624-Titelmodell_SmartHome.jpg","datePublished":"2020-01-02T00:59:49+00:00","dateModified":"2020-01-12T05:56:20+00:00","breadcrumb":{"@id":"https:\/\/stem.uy\/index.php\/product\/robotics-sensor-station-iot-set\/#breadcrumb"},"inLanguage":"es-UY","potentialAction":[{"@type":"ReadAction","target":["https:\/\/stem.uy\/index.php\/product\/robotics-sensor-station-iot-set\/"]}]},{"@type":"ImageObject","inLanguage":"es-UY","@id":"https:\/\/stem.uy\/index.php\/product\/robotics-sensor-station-iot-set\/#primaryimage","url":"https:\/\/stem.uy\/wp-content\/uploads\/2020\/01\/544624-Titelmodell_SmartHome.jpg","contentUrl":"https:\/\/stem.uy\/wp-content\/uploads\/2020\/01\/544624-Titelmodell_SmartHome.jpg","width":800,"height":616},{"@type":"BreadcrumbList","@id":"https:\/\/stem.uy\/index.php\/product\/robotics-sensor-station-iot-set\/#breadcrumb","itemListElement":[{"@type":"ListItem","position":1,"name":"Home","item":"https:\/\/stem.uy\/"},{"@type":"ListItem","position":2,"name":"Inicio","item":"https:\/\/stem.uy\/"},{"@type":"ListItem","position":3,"name":"Robotics Sensor Station IoT Set"}]},{"@type":"WebSite","@id":"https:\/\/stem.uy\/#website","url":"https:\/\/stem.uy\/","name":"Ciencia, Tecnolog\u00eda, Ingenier\u00eda &amp; Matem\u00e1ticas | Stem.uy","description":"","publisher":{"@id":"https:\/\/stem.uy\/#organization"},"potentialAction":[{"@type":"SearchAction","target":{"@type":"EntryPoint","urlTemplate":"https:\/\/stem.uy\/?s={search_term_string}"},"query-input":{"@type":"PropertyValueSpecification","valueRequired":true,"valueName":"search_term_string"}}],"inLanguage":"es-UY"},{"@type":"Organization","@id":"https:\/\/stem.uy\/#organization","name":"Ciencia, Tecnolog\u00eda, Ingenier\u00eda &amp; Matem\u00e1ticas | Stem.uy","url":"https:\/\/stem.uy\/","logo":{"@type":"ImageObject","inLanguage":"es-UY","@id":"https:\/\/stem.uy\/#\/schema\/logo\/image\/","url":"https:\/\/stem.uy\/wp-content\/uploads\/2019\/12\/stem-logo.png","contentUrl":"https:\/\/stem.uy\/wp-content\/uploads\/2019\/12\/stem-logo.png","width":320,"height":201,"caption":"Ciencia, Tecnolog\u00eda, Ingenier\u00eda &amp; Matem\u00e1ticas | Stem.uy"},"image":{"@id":"https:\/\/stem.uy\/#\/schema\/logo\/image\/"}}]}},"jetpack_sharing_enabled":true,"_links":{"self":[{"href":"https:\/\/stem.uy\/index.php\/wp-json\/wp\/v2\/product\/358","targetHints":{"allow":["GET"]}}],"collection":[{"href":"https:\/\/stem.uy\/index.php\/wp-json\/wp\/v2\/product"}],"about":[{"href":"https:\/\/stem.uy\/index.php\/wp-json\/wp\/v2\/types\/product"}],"replies":[{"embeddable":true,"href":"https:\/\/stem.uy\/index.php\/wp-json\/wp\/v2\/comments?post=358"}],"wp:featuredmedia":[{"embeddable":true,"href":"https:\/\/stem.uy\/index.php\/wp-json\/wp\/v2\/media\/359"}],"wp:attachment":[{"href":"https:\/\/stem.uy\/index.php\/wp-json\/wp\/v2\/media?parent=358"}],"wp:term":[{"taxonomy":"product_cat","embeddable":true,"href":"https:\/\/stem.uy\/index.php\/wp-json\/wp\/v2\/product_cat?post=358"},{"taxonomy":"product_tag","embeddable":true,"href":"https:\/\/stem.uy\/index.php\/wp-json\/wp\/v2\/product_tag?post=358"}],"curies":[{"name":"wp","href":"https:\/\/api.w.org\/{rel}","templated":true}]}}