{"id":374,"date":"2020-01-02T03:08:46","date_gmt":"2020-01-02T03:08:46","guid":{"rendered":"https:\/\/stem.uy\/?post_type=product&#038;p=374"},"modified":"2024-07-31T10:10:34","modified_gmt":"2024-07-31T13:10:34","slug":"manipulador-de-aspiracion-al-vacio-9v","status":"publish","type":"product","link":"https:\/\/stem.uy\/index.php\/product\/manipulador-de-aspiracion-al-vacio-9v\/","title":{"rendered":"Manipulador de aspiraci\u00f3n al vac\u00edo 9V"},"content":{"rendered":"<p><strong>Manipulador de aspiraci\u00f3n al vac\u00edo 9V &#8211; Education <\/strong><\/p>\n<p><strong>Modelo de formaci\u00f3n y simulaci\u00f3n ya construido <\/strong><\/p>\n<p>Art.-No. 536625_sim<\/p>\n<p><a href=\"https:\/\/www.fischertechnik.de\/de-de\/service\/elearning\/simulieren\/vakuum-sauggreifer-9v\">Acerca del eLearning<\/a><\/p>\n<p>Ventajas:<\/p>\n<ul>\n<li>Modelo ideal de ense\u00f1anza, simulaci\u00f3n y demostraci\u00f3n para formaci\u00f3n y perfeccionamiento y automatizaci\u00f3n industrial<\/li>\n<li>Modelo de ejercicio estable, ya construido<\/li>\n<li>Montado sobre una placa de madera resistente, embalaje del modelo en cart\u00f3n resistente<\/li>\n<li>Disponible en tensi\u00f3n est\u00e1ndar de 9 V, as\u00ed como en el est\u00e1ndar de la industria mundial de 24 V<\/li>\n<li>ATENCI\u00d3N: Para el funcionamiento, se requiere una fuente de alimentaci\u00f3n, n.\u00ba de pieza 505287 (9 V \/ 220 V) o 122952 (9 V \/ 120 V)<\/li>\n<\/ul>\n<p>Descripci\u00f3n de producto<\/p>\n<p>El robot de 3 ejes con ventosa de agarre posiciona piezas de trabajo de forma r\u00e1pida y precisa en espacios tridimensionales. Rango de trabajo: eje X 270\u00b0, eje Y (adelante\/atr\u00e1s) 140 mm, eje Z (arriba\/abajo) 120 mm.<\/p>\n<p><strong>Un material did\u00e1ctico adicional:<\/strong><\/p>\n<p>El material did\u00e1ctico innovador de fischertechnik le ayuda a transmitir los conocimientos t\u00e9cnicos de forma pr\u00e1ctica y acercar los saberes a sus alumnos, estudiantes o aprendices. El cuaderno did\u00e1ctico adjunto con material did\u00e1ctico y de ense\u00f1anza ofrece modelos y tareas para la preparaci\u00f3n r\u00e1pida de lecciones y contiene problemas y su soluci\u00f3n, folletos y plantillas de copia.Los materiales para la clase pueden consultarse y descargarse de forma gratuita en el portal de eLearning.<\/p>\n<p><strong>Incluido en el modelo de ejercicio:<\/strong><\/p>\n<ul>\n<li>ROBOTICS TXT Controller<\/li>\n<li>Software de control ROBO Pro<\/li>\n<li>3 motores de codificador (motor de corriente continua con codificador magn\u00e9tico)<\/li>\n<li>3 pulsadores (interruptores finales)<\/li>\n<li>Ventosa de vac\u00edo<\/li>\n<li>Compresor<\/li>\n<li>V\u00e1lvula magn\u00e9tica<\/li>\n<\/ul>\n<p>Datos t\u00e9cnicos<\/p>\n<p>Dimensiones del embalaje\u00a0\u00a0\u00a0\u00a0\u00a0\u00a0 22,2 x 48,2 x 38,2cm<\/p>\n<p>Peso\u00a0\u00a0\u00a0\u00a0\u00a0\u00a0\u00a0\u00a0\u00a0\u00a0\u00a0\u00a0\u00a0\u00a0\u00a0\u00a0\u00a0\u00a0\u00a0\u00a0\u00a0\u00a0\u00a0\u00a0\u00a0\u00a0\u00a0\u00a0\u00a0\u00a0\u00a0\u00a0\u00a0\u00a0\u00a0\u00a0\u00a0\u00a0\u00a0\u00a0 3300g<\/p>\n<p>Requisitos del sistema para el software Windows 7, 8 o 10<\/p>\n<p>Fuente de alimentaci\u00f3n (bater\u00eda)<\/p>\n<p>Fuente de alimentaci\u00f3n n.\u00ba de art. 505287 (9 V\/220 V) o 122952 (9 V\/120 V)<\/p>\n<p>EAN-Code\u00a0\u00a0\u00a0\u00a0\u00a0\u00a0\u00a0\u00a0\u00a0\u00a0\u00a0\u00a0\u00a0\u00a0\u00a0\u00a0\u00a0\u00a0\u00a0\u00a0\u00a0\u00a0\u00a0\u00a0\u00a0\u00a0\u00a0\u00a0\u00a0 4048962250329<\/p>\n<p>&nbsp;<\/p>\n","protected":false},"excerpt":{"rendered":"<p>https:\/\/youtu.be\/z_WVxdKNU1g<\/p>\n","protected":false},"featured_media":375,"comment_status":"open","ping_status":"closed","template":"","meta":[],"product_cat":[26],"product_tag":[],"class_list":["post-374","product","type-product","status-publish","has-post-thumbnail","hentry","product_cat-training-models-9v"],"yoast_head":"<!-- This site is optimized with the Yoast SEO plugin v24.9 - https:\/\/yoast.com\/wordpress\/plugins\/seo\/ -->\n<title>Manipulador de aspiraci\u00f3n al vac\u00edo 9V - Ciencia, Tecnolog\u00eda, Ingenier\u00eda &amp; Matem\u00e1ticas | Stem.uy<\/title>\n<meta name=\"robots\" content=\"index, follow, max-snippet:-1, max-image-preview:large, max-video-preview:-1\" \/>\n<link rel=\"canonical\" href=\"https:\/\/stem.uy\/index.php\/product\/manipulador-de-aspiracion-al-vacio-9v\/\" \/>\n<meta property=\"og:locale\" content=\"es_ES\" \/>\n<meta property=\"og:type\" content=\"article\" \/>\n<meta property=\"og:title\" content=\"Manipulador de aspiraci\u00f3n al vac\u00edo 9V - Ciencia, Tecnolog\u00eda, Ingenier\u00eda &amp; Matem\u00e1ticas | Stem.uy\" \/>\n<meta property=\"og:description\" content=\"https:\/\/youtu.be\/z_WVxdKNU1g\" \/>\n<meta property=\"og:url\" content=\"https:\/\/stem.uy\/index.php\/product\/manipulador-de-aspiracion-al-vacio-9v\/\" \/>\n<meta property=\"og:site_name\" content=\"Ciencia, Tecnolog\u00eda, Ingenier\u00eda &amp; Matem\u00e1ticas | Stem.uy\" \/>\n<meta property=\"article:modified_time\" content=\"2024-07-31T13:10:34+00:00\" \/>\n<meta property=\"og:image\" content=\"https:\/\/stem.uy\/wp-content\/uploads\/2020\/01\/536625-Vakuum-Sauggreifer-9V.jpg\" \/>\n\t<meta property=\"og:image:width\" content=\"800\" \/>\n\t<meta property=\"og:image:height\" content=\"600\" \/>\n\t<meta property=\"og:image:type\" content=\"image\/jpeg\" \/>\n<meta name=\"twitter:card\" content=\"summary_large_image\" \/>\n<meta name=\"twitter:label1\" content=\"Est. reading time\" \/>\n\t<meta name=\"twitter:data1\" content=\"2 minutos\" \/>\n<script type=\"application\/ld+json\" class=\"yoast-schema-graph\">{\"@context\":\"https:\/\/schema.org\",\"@graph\":[{\"@type\":\"WebPage\",\"@id\":\"https:\/\/stem.uy\/index.php\/product\/manipulador-de-aspiracion-al-vacio-9v\/\",\"url\":\"https:\/\/stem.uy\/index.php\/product\/manipulador-de-aspiracion-al-vacio-9v\/\",\"name\":\"Manipulador de aspiraci\u00f3n al vac\u00edo 9V - Ciencia, Tecnolog\u00eda, Ingenier\u00eda &amp; Matem\u00e1ticas | Stem.uy\",\"isPartOf\":{\"@id\":\"https:\/\/stem.uy\/#website\"},\"primaryImageOfPage\":{\"@id\":\"https:\/\/stem.uy\/index.php\/product\/manipulador-de-aspiracion-al-vacio-9v\/#primaryimage\"},\"image\":{\"@id\":\"https:\/\/stem.uy\/index.php\/product\/manipulador-de-aspiracion-al-vacio-9v\/#primaryimage\"},\"thumbnailUrl\":\"https:\/\/stem.uy\/wp-content\/uploads\/2020\/01\/536625-Vakuum-Sauggreifer-9V.jpg\",\"datePublished\":\"2020-01-02T03:08:46+00:00\",\"dateModified\":\"2024-07-31T13:10:34+00:00\",\"breadcrumb\":{\"@id\":\"https:\/\/stem.uy\/index.php\/product\/manipulador-de-aspiracion-al-vacio-9v\/#breadcrumb\"},\"inLanguage\":\"es-UY\",\"potentialAction\":[{\"@type\":\"ReadAction\",\"target\":[\"https:\/\/stem.uy\/index.php\/product\/manipulador-de-aspiracion-al-vacio-9v\/\"]}]},{\"@type\":\"ImageObject\",\"inLanguage\":\"es-UY\",\"@id\":\"https:\/\/stem.uy\/index.php\/product\/manipulador-de-aspiracion-al-vacio-9v\/#primaryimage\",\"url\":\"https:\/\/stem.uy\/wp-content\/uploads\/2020\/01\/536625-Vakuum-Sauggreifer-9V.jpg\",\"contentUrl\":\"https:\/\/stem.uy\/wp-content\/uploads\/2020\/01\/536625-Vakuum-Sauggreifer-9V.jpg\",\"width\":800,\"height\":600},{\"@type\":\"BreadcrumbList\",\"@id\":\"https:\/\/stem.uy\/index.php\/product\/manipulador-de-aspiracion-al-vacio-9v\/#breadcrumb\",\"itemListElement\":[{\"@type\":\"ListItem\",\"position\":1,\"name\":\"Home\",\"item\":\"https:\/\/stem.uy\/\"},{\"@type\":\"ListItem\",\"position\":2,\"name\":\"Inicio\",\"item\":\"https:\/\/stem.uy\/\"},{\"@type\":\"ListItem\",\"position\":3,\"name\":\"Manipulador de aspiraci\u00f3n al vac\u00edo 9V\"}]},{\"@type\":\"WebSite\",\"@id\":\"https:\/\/stem.uy\/#website\",\"url\":\"https:\/\/stem.uy\/\",\"name\":\"Ciencia, Tecnolog\u00eda, Ingenier\u00eda &amp; Matem\u00e1ticas | Stem.uy\",\"description\":\"\",\"publisher\":{\"@id\":\"https:\/\/stem.uy\/#organization\"},\"potentialAction\":[{\"@type\":\"SearchAction\",\"target\":{\"@type\":\"EntryPoint\",\"urlTemplate\":\"https:\/\/stem.uy\/?s={search_term_string}\"},\"query-input\":{\"@type\":\"PropertyValueSpecification\",\"valueRequired\":true,\"valueName\":\"search_term_string\"}}],\"inLanguage\":\"es-UY\"},{\"@type\":\"Organization\",\"@id\":\"https:\/\/stem.uy\/#organization\",\"name\":\"Ciencia, Tecnolog\u00eda, Ingenier\u00eda &amp; Matem\u00e1ticas | Stem.uy\",\"url\":\"https:\/\/stem.uy\/\",\"logo\":{\"@type\":\"ImageObject\",\"inLanguage\":\"es-UY\",\"@id\":\"https:\/\/stem.uy\/#\/schema\/logo\/image\/\",\"url\":\"https:\/\/stem.uy\/wp-content\/uploads\/2019\/12\/stem-logo.png\",\"contentUrl\":\"https:\/\/stem.uy\/wp-content\/uploads\/2019\/12\/stem-logo.png\",\"width\":320,\"height\":201,\"caption\":\"Ciencia, Tecnolog\u00eda, Ingenier\u00eda &amp; Matem\u00e1ticas | Stem.uy\"},\"image\":{\"@id\":\"https:\/\/stem.uy\/#\/schema\/logo\/image\/\"}}]}<\/script>\n<!-- \/ Yoast SEO plugin. -->","yoast_head_json":{"title":"Manipulador de aspiraci\u00f3n al vac\u00edo 9V - Ciencia, Tecnolog\u00eda, Ingenier\u00eda &amp; Matem\u00e1ticas | Stem.uy","robots":{"index":"index","follow":"follow","max-snippet":"max-snippet:-1","max-image-preview":"max-image-preview:large","max-video-preview":"max-video-preview:-1"},"canonical":"https:\/\/stem.uy\/index.php\/product\/manipulador-de-aspiracion-al-vacio-9v\/","og_locale":"es_ES","og_type":"article","og_title":"Manipulador de aspiraci\u00f3n al vac\u00edo 9V - Ciencia, Tecnolog\u00eda, Ingenier\u00eda &amp; Matem\u00e1ticas | Stem.uy","og_description":"https:\/\/youtu.be\/z_WVxdKNU1g","og_url":"https:\/\/stem.uy\/index.php\/product\/manipulador-de-aspiracion-al-vacio-9v\/","og_site_name":"Ciencia, Tecnolog\u00eda, Ingenier\u00eda &amp; Matem\u00e1ticas | Stem.uy","article_modified_time":"2024-07-31T13:10:34+00:00","og_image":[{"width":800,"height":600,"url":"https:\/\/stem.uy\/wp-content\/uploads\/2020\/01\/536625-Vakuum-Sauggreifer-9V.jpg","type":"image\/jpeg"}],"twitter_card":"summary_large_image","twitter_misc":{"Est. reading time":"2 minutos"},"schema":{"@context":"https:\/\/schema.org","@graph":[{"@type":"WebPage","@id":"https:\/\/stem.uy\/index.php\/product\/manipulador-de-aspiracion-al-vacio-9v\/","url":"https:\/\/stem.uy\/index.php\/product\/manipulador-de-aspiracion-al-vacio-9v\/","name":"Manipulador de aspiraci\u00f3n al vac\u00edo 9V - Ciencia, Tecnolog\u00eda, Ingenier\u00eda &amp; Matem\u00e1ticas | Stem.uy","isPartOf":{"@id":"https:\/\/stem.uy\/#website"},"primaryImageOfPage":{"@id":"https:\/\/stem.uy\/index.php\/product\/manipulador-de-aspiracion-al-vacio-9v\/#primaryimage"},"image":{"@id":"https:\/\/stem.uy\/index.php\/product\/manipulador-de-aspiracion-al-vacio-9v\/#primaryimage"},"thumbnailUrl":"https:\/\/stem.uy\/wp-content\/uploads\/2020\/01\/536625-Vakuum-Sauggreifer-9V.jpg","datePublished":"2020-01-02T03:08:46+00:00","dateModified":"2024-07-31T13:10:34+00:00","breadcrumb":{"@id":"https:\/\/stem.uy\/index.php\/product\/manipulador-de-aspiracion-al-vacio-9v\/#breadcrumb"},"inLanguage":"es-UY","potentialAction":[{"@type":"ReadAction","target":["https:\/\/stem.uy\/index.php\/product\/manipulador-de-aspiracion-al-vacio-9v\/"]}]},{"@type":"ImageObject","inLanguage":"es-UY","@id":"https:\/\/stem.uy\/index.php\/product\/manipulador-de-aspiracion-al-vacio-9v\/#primaryimage","url":"https:\/\/stem.uy\/wp-content\/uploads\/2020\/01\/536625-Vakuum-Sauggreifer-9V.jpg","contentUrl":"https:\/\/stem.uy\/wp-content\/uploads\/2020\/01\/536625-Vakuum-Sauggreifer-9V.jpg","width":800,"height":600},{"@type":"BreadcrumbList","@id":"https:\/\/stem.uy\/index.php\/product\/manipulador-de-aspiracion-al-vacio-9v\/#breadcrumb","itemListElement":[{"@type":"ListItem","position":1,"name":"Home","item":"https:\/\/stem.uy\/"},{"@type":"ListItem","position":2,"name":"Inicio","item":"https:\/\/stem.uy\/"},{"@type":"ListItem","position":3,"name":"Manipulador de aspiraci\u00f3n al vac\u00edo 9V"}]},{"@type":"WebSite","@id":"https:\/\/stem.uy\/#website","url":"https:\/\/stem.uy\/","name":"Ciencia, Tecnolog\u00eda, Ingenier\u00eda &amp; Matem\u00e1ticas | Stem.uy","description":"","publisher":{"@id":"https:\/\/stem.uy\/#organization"},"potentialAction":[{"@type":"SearchAction","target":{"@type":"EntryPoint","urlTemplate":"https:\/\/stem.uy\/?s={search_term_string}"},"query-input":{"@type":"PropertyValueSpecification","valueRequired":true,"valueName":"search_term_string"}}],"inLanguage":"es-UY"},{"@type":"Organization","@id":"https:\/\/stem.uy\/#organization","name":"Ciencia, Tecnolog\u00eda, Ingenier\u00eda &amp; Matem\u00e1ticas | Stem.uy","url":"https:\/\/stem.uy\/","logo":{"@type":"ImageObject","inLanguage":"es-UY","@id":"https:\/\/stem.uy\/#\/schema\/logo\/image\/","url":"https:\/\/stem.uy\/wp-content\/uploads\/2019\/12\/stem-logo.png","contentUrl":"https:\/\/stem.uy\/wp-content\/uploads\/2019\/12\/stem-logo.png","width":320,"height":201,"caption":"Ciencia, Tecnolog\u00eda, Ingenier\u00eda &amp; Matem\u00e1ticas | Stem.uy"},"image":{"@id":"https:\/\/stem.uy\/#\/schema\/logo\/image\/"}}]}},"jetpack_sharing_enabled":true,"_links":{"self":[{"href":"https:\/\/stem.uy\/index.php\/wp-json\/wp\/v2\/product\/374","targetHints":{"allow":["GET"]}}],"collection":[{"href":"https:\/\/stem.uy\/index.php\/wp-json\/wp\/v2\/product"}],"about":[{"href":"https:\/\/stem.uy\/index.php\/wp-json\/wp\/v2\/types\/product"}],"replies":[{"embeddable":true,"href":"https:\/\/stem.uy\/index.php\/wp-json\/wp\/v2\/comments?post=374"}],"wp:featuredmedia":[{"embeddable":true,"href":"https:\/\/stem.uy\/index.php\/wp-json\/wp\/v2\/media\/375"}],"wp:attachment":[{"href":"https:\/\/stem.uy\/index.php\/wp-json\/wp\/v2\/media?parent=374"}],"wp:term":[{"taxonomy":"product_cat","embeddable":true,"href":"https:\/\/stem.uy\/index.php\/wp-json\/wp\/v2\/product_cat?post=374"},{"taxonomy":"product_tag","embeddable":true,"href":"https:\/\/stem.uy\/index.php\/wp-json\/wp\/v2\/product_tag?post=374"}],"curies":[{"name":"wp","href":"https:\/\/api.w.org\/{rel}","templated":true}]}}