{"id":377,"date":"2020-01-02T03:32:28","date_gmt":"2020-01-02T03:32:28","guid":{"rendered":"https:\/\/stem.uy\/?post_type=product&#038;p=377"},"modified":"2021-08-24T18:13:09","modified_gmt":"2021-08-24T21:13:09","slug":"starter-set-for-microbit","status":"publish","type":"product","link":"https:\/\/stem.uy\/index.php\/product\/starter-set-for-microbit\/","title":{"rendered":"Starter Set for Micro:Bit"},"content":{"rendered":"<p><strong>Starter Set for Micro bit<\/strong><\/p>\n<p>&nbsp;<\/p>\n<p><strong>Starter Set for micro:bit<\/strong><\/p>\n<p>Principales caracter\u00edsticas:<\/p>\n<ul>\n<li>3 modelos<\/li>\n<li>90 piezas<\/li>\n<li><strong>NO INCLUIDO :\u00a0<\/strong><a href=\"http:\/\/www.ro-botica.com\/Producto\/BBC-micro_bit-Starter-Kit\/\">micro:bit board, software y power supply<\/a><\/li>\n<\/ul>\n<p><strong>Descripci\u00f3n de producto:<\/strong><\/p>\n<p>Con el nuevo kit de iniciaci\u00f3n para micro:bit de fischertechnik, se transmite de forma sencilla a los estudiantes a partir de primaria, los principios de la programaci\u00f3n con la microcomputadora micro:bit. En este set completo, encontrar\u00e1s piezas para la construcci\u00f3n de<strong>\u00a03 modelos estacionarios<\/strong> y adem\u00e1s el nuevo<strong>\u00a0adaptador micro:bit IO F5 de fischertechnik.<\/strong><\/p>\n<p><strong>Esta placa del adaptador tiene 8 salidas y 6 entradas.<\/strong> De esta forma, los modelos visuales f\u00e1ciles y comprensibles (sem\u00e1foro para peatones, secador de manos, armarios), provistos de actuadores y sensores, pueden ser controlados mediante la placa micro:bit.<\/p>\n<p>El cuaderno did\u00e1ctico, como un material de ense\u00f1anza y para las clases, ofrece ayuda para la puesta en funcionamiento de los modelos, convence con sus diversas tareas y est\u00e1 disponible para su consulta en el portal \u00abeLearning\u00bb, desde donde se podr\u00e1 descargar gratis.<\/p>\n<p>&nbsp;<\/p>\n<p>El adaptador fischertechnik para micro:bit<strong>\u00a0tiene 8 salidas y 6 entradas\u00a0<\/strong>para controlar los 3 modelos:<\/p>\n<ul>\n<li>sem\u00e1foro para peatones<\/li>\n<li>paso a nivel<\/li>\n<li>secador de manos<\/li>\n<\/ul>\n<p><strong>El Education Set incluye lo siguiente:<\/strong><\/p>\n<ul>\n<li>placa del adaptador micro:bit iO F5<\/li>\n<li>motor XS<\/li>\n<li>2 barreras de luz LED<\/li>\n<li>fototransistor<\/li>\n<li>2 interruptores<\/li>\n<\/ul>\n<p><strong>Datos t\u00e9cnicos:<\/strong><\/p>\n<ul>\n<li>Dimensiones del embalaje: 440x315x80 \u00a0cm<\/li>\n<li>N\u00famero de modelos: \u00a03<\/li>\n<\/ul>\n<p>&nbsp;<\/p>\n","protected":false},"excerpt":{"rendered":"<p>https:\/\/www.youtube.com\/playlist?list=PLxJrdsNnQiPfrRou0JBT4ENlxeFQ-doQ7<\/p>\n","protected":false},"featured_media":378,"comment_status":"open","ping_status":"closed","template":"","meta":[],"product_cat":[27],"product_tag":[39,48,31,42,30,41,38,46,33,49,36,43,32,51,35,50,45,28,40,44,37,29,47],"class_list":["post-377","product","type-product","status-publish","has-post-thumbnail","hentry","product_cat-robotics-kits","product_tag-actuadores","product_tag-arduino","product_tag-bachillerato","product_tag-ceibal","product_tag-competicion","product_tag-diagramas","product_tag-encoders","product_tag-ensenanza","product_tag-fischertechnik","product_tag-ftduino","product_tag-germany","product_tag-ibirapita","product_tag-ingenieria","product_tag-lego","product_tag-meccano","product_tag-microbit","product_tag-primaria","product_tag-robotica","product_tag-scratch","product_tag-secundaria","product_tag-sensores","product_tag-stem","product_tag-tecnica"],"yoast_head":"<!-- This site is optimized with the Yoast SEO plugin v24.9 - https:\/\/yoast.com\/wordpress\/plugins\/seo\/ -->\n<title>Starter Set for Micro:Bit - Ciencia, Tecnolog\u00eda, Ingenier\u00eda &amp; Matem\u00e1ticas | Stem.uy<\/title>\n<meta name=\"robots\" content=\"index, follow, max-snippet:-1, max-image-preview:large, max-video-preview:-1\" \/>\n<link rel=\"canonical\" href=\"https:\/\/stem.uy\/index.php\/product\/starter-set-for-microbit\/\" \/>\n<meta property=\"og:locale\" content=\"es_ES\" \/>\n<meta property=\"og:type\" content=\"article\" \/>\n<meta property=\"og:title\" content=\"Starter Set for Micro:Bit - Ciencia, Tecnolog\u00eda, Ingenier\u00eda &amp; Matem\u00e1ticas | Stem.uy\" \/>\n<meta property=\"og:description\" content=\"https:\/\/www.youtube.com\/playlist?list=PLxJrdsNnQiPfrRou0JBT4ENlxeFQ-doQ7\" \/>\n<meta property=\"og:url\" content=\"https:\/\/stem.uy\/index.php\/product\/starter-set-for-microbit\/\" \/>\n<meta property=\"og:site_name\" content=\"Ciencia, Tecnolog\u00eda, Ingenier\u00eda &amp; Matem\u00e1ticas | Stem.uy\" \/>\n<meta property=\"article:modified_time\" content=\"2021-08-24T21:13:09+00:00\" \/>\n<meta property=\"og:image\" content=\"https:\/\/stem.uy\/wp-content\/uploads\/2020\/01\/barrier-2_orig.jpg\" \/>\n\t<meta property=\"og:image:width\" content=\"800\" \/>\n\t<meta property=\"og:image:height\" content=\"533\" \/>\n\t<meta property=\"og:image:type\" content=\"image\/jpeg\" \/>\n<meta name=\"twitter:card\" content=\"summary_large_image\" \/>\n<meta name=\"twitter:label1\" content=\"Est. reading time\" \/>\n\t<meta name=\"twitter:data1\" content=\"1 minuto\" \/>\n<script type=\"application\/ld+json\" class=\"yoast-schema-graph\">{\"@context\":\"https:\/\/schema.org\",\"@graph\":[{\"@type\":\"WebPage\",\"@id\":\"https:\/\/stem.uy\/index.php\/product\/starter-set-for-microbit\/\",\"url\":\"https:\/\/stem.uy\/index.php\/product\/starter-set-for-microbit\/\",\"name\":\"Starter Set for Micro:Bit - Ciencia, Tecnolog\u00eda, Ingenier\u00eda &amp; Matem\u00e1ticas | Stem.uy\",\"isPartOf\":{\"@id\":\"https:\/\/stem.uy\/#website\"},\"primaryImageOfPage\":{\"@id\":\"https:\/\/stem.uy\/index.php\/product\/starter-set-for-microbit\/#primaryimage\"},\"image\":{\"@id\":\"https:\/\/stem.uy\/index.php\/product\/starter-set-for-microbit\/#primaryimage\"},\"thumbnailUrl\":\"https:\/\/stem.uy\/wp-content\/uploads\/2020\/01\/barrier-2_orig.jpg\",\"datePublished\":\"2020-01-02T03:32:28+00:00\",\"dateModified\":\"2021-08-24T21:13:09+00:00\",\"breadcrumb\":{\"@id\":\"https:\/\/stem.uy\/index.php\/product\/starter-set-for-microbit\/#breadcrumb\"},\"inLanguage\":\"es-UY\",\"potentialAction\":[{\"@type\":\"ReadAction\",\"target\":[\"https:\/\/stem.uy\/index.php\/product\/starter-set-for-microbit\/\"]}]},{\"@type\":\"ImageObject\",\"inLanguage\":\"es-UY\",\"@id\":\"https:\/\/stem.uy\/index.php\/product\/starter-set-for-microbit\/#primaryimage\",\"url\":\"https:\/\/stem.uy\/wp-content\/uploads\/2020\/01\/barrier-2_orig.jpg\",\"contentUrl\":\"https:\/\/stem.uy\/wp-content\/uploads\/2020\/01\/barrier-2_orig.jpg\",\"width\":800,\"height\":533},{\"@type\":\"BreadcrumbList\",\"@id\":\"https:\/\/stem.uy\/index.php\/product\/starter-set-for-microbit\/#breadcrumb\",\"itemListElement\":[{\"@type\":\"ListItem\",\"position\":1,\"name\":\"Home\",\"item\":\"https:\/\/stem.uy\/\"},{\"@type\":\"ListItem\",\"position\":2,\"name\":\"Inicio\",\"item\":\"https:\/\/stem.uy\/\"},{\"@type\":\"ListItem\",\"position\":3,\"name\":\"Starter Set for Micro:Bit\"}]},{\"@type\":\"WebSite\",\"@id\":\"https:\/\/stem.uy\/#website\",\"url\":\"https:\/\/stem.uy\/\",\"name\":\"Ciencia, Tecnolog\u00eda, Ingenier\u00eda &amp; Matem\u00e1ticas | Stem.uy\",\"description\":\"\",\"publisher\":{\"@id\":\"https:\/\/stem.uy\/#organization\"},\"potentialAction\":[{\"@type\":\"SearchAction\",\"target\":{\"@type\":\"EntryPoint\",\"urlTemplate\":\"https:\/\/stem.uy\/?s={search_term_string}\"},\"query-input\":{\"@type\":\"PropertyValueSpecification\",\"valueRequired\":true,\"valueName\":\"search_term_string\"}}],\"inLanguage\":\"es-UY\"},{\"@type\":\"Organization\",\"@id\":\"https:\/\/stem.uy\/#organization\",\"name\":\"Ciencia, Tecnolog\u00eda, Ingenier\u00eda &amp; Matem\u00e1ticas | Stem.uy\",\"url\":\"https:\/\/stem.uy\/\",\"logo\":{\"@type\":\"ImageObject\",\"inLanguage\":\"es-UY\",\"@id\":\"https:\/\/stem.uy\/#\/schema\/logo\/image\/\",\"url\":\"https:\/\/stem.uy\/wp-content\/uploads\/2019\/12\/stem-logo.png\",\"contentUrl\":\"https:\/\/stem.uy\/wp-content\/uploads\/2019\/12\/stem-logo.png\",\"width\":320,\"height\":201,\"caption\":\"Ciencia, Tecnolog\u00eda, Ingenier\u00eda &amp; Matem\u00e1ticas | Stem.uy\"},\"image\":{\"@id\":\"https:\/\/stem.uy\/#\/schema\/logo\/image\/\"}}]}<\/script>\n<!-- \/ Yoast SEO plugin. -->","yoast_head_json":{"title":"Starter Set for Micro:Bit - Ciencia, Tecnolog\u00eda, Ingenier\u00eda &amp; Matem\u00e1ticas | Stem.uy","robots":{"index":"index","follow":"follow","max-snippet":"max-snippet:-1","max-image-preview":"max-image-preview:large","max-video-preview":"max-video-preview:-1"},"canonical":"https:\/\/stem.uy\/index.php\/product\/starter-set-for-microbit\/","og_locale":"es_ES","og_type":"article","og_title":"Starter Set for Micro:Bit - Ciencia, Tecnolog\u00eda, Ingenier\u00eda &amp; Matem\u00e1ticas | Stem.uy","og_description":"https:\/\/www.youtube.com\/playlist?list=PLxJrdsNnQiPfrRou0JBT4ENlxeFQ-doQ7","og_url":"https:\/\/stem.uy\/index.php\/product\/starter-set-for-microbit\/","og_site_name":"Ciencia, Tecnolog\u00eda, Ingenier\u00eda &amp; Matem\u00e1ticas | Stem.uy","article_modified_time":"2021-08-24T21:13:09+00:00","og_image":[{"width":800,"height":533,"url":"https:\/\/stem.uy\/wp-content\/uploads\/2020\/01\/barrier-2_orig.jpg","type":"image\/jpeg"}],"twitter_card":"summary_large_image","twitter_misc":{"Est. reading time":"1 minuto"},"schema":{"@context":"https:\/\/schema.org","@graph":[{"@type":"WebPage","@id":"https:\/\/stem.uy\/index.php\/product\/starter-set-for-microbit\/","url":"https:\/\/stem.uy\/index.php\/product\/starter-set-for-microbit\/","name":"Starter Set for Micro:Bit - Ciencia, Tecnolog\u00eda, Ingenier\u00eda &amp; Matem\u00e1ticas | Stem.uy","isPartOf":{"@id":"https:\/\/stem.uy\/#website"},"primaryImageOfPage":{"@id":"https:\/\/stem.uy\/index.php\/product\/starter-set-for-microbit\/#primaryimage"},"image":{"@id":"https:\/\/stem.uy\/index.php\/product\/starter-set-for-microbit\/#primaryimage"},"thumbnailUrl":"https:\/\/stem.uy\/wp-content\/uploads\/2020\/01\/barrier-2_orig.jpg","datePublished":"2020-01-02T03:32:28+00:00","dateModified":"2021-08-24T21:13:09+00:00","breadcrumb":{"@id":"https:\/\/stem.uy\/index.php\/product\/starter-set-for-microbit\/#breadcrumb"},"inLanguage":"es-UY","potentialAction":[{"@type":"ReadAction","target":["https:\/\/stem.uy\/index.php\/product\/starter-set-for-microbit\/"]}]},{"@type":"ImageObject","inLanguage":"es-UY","@id":"https:\/\/stem.uy\/index.php\/product\/starter-set-for-microbit\/#primaryimage","url":"https:\/\/stem.uy\/wp-content\/uploads\/2020\/01\/barrier-2_orig.jpg","contentUrl":"https:\/\/stem.uy\/wp-content\/uploads\/2020\/01\/barrier-2_orig.jpg","width":800,"height":533},{"@type":"BreadcrumbList","@id":"https:\/\/stem.uy\/index.php\/product\/starter-set-for-microbit\/#breadcrumb","itemListElement":[{"@type":"ListItem","position":1,"name":"Home","item":"https:\/\/stem.uy\/"},{"@type":"ListItem","position":2,"name":"Inicio","item":"https:\/\/stem.uy\/"},{"@type":"ListItem","position":3,"name":"Starter Set for Micro:Bit"}]},{"@type":"WebSite","@id":"https:\/\/stem.uy\/#website","url":"https:\/\/stem.uy\/","name":"Ciencia, Tecnolog\u00eda, Ingenier\u00eda &amp; Matem\u00e1ticas | Stem.uy","description":"","publisher":{"@id":"https:\/\/stem.uy\/#organization"},"potentialAction":[{"@type":"SearchAction","target":{"@type":"EntryPoint","urlTemplate":"https:\/\/stem.uy\/?s={search_term_string}"},"query-input":{"@type":"PropertyValueSpecification","valueRequired":true,"valueName":"search_term_string"}}],"inLanguage":"es-UY"},{"@type":"Organization","@id":"https:\/\/stem.uy\/#organization","name":"Ciencia, Tecnolog\u00eda, Ingenier\u00eda &amp; Matem\u00e1ticas | Stem.uy","url":"https:\/\/stem.uy\/","logo":{"@type":"ImageObject","inLanguage":"es-UY","@id":"https:\/\/stem.uy\/#\/schema\/logo\/image\/","url":"https:\/\/stem.uy\/wp-content\/uploads\/2019\/12\/stem-logo.png","contentUrl":"https:\/\/stem.uy\/wp-content\/uploads\/2019\/12\/stem-logo.png","width":320,"height":201,"caption":"Ciencia, Tecnolog\u00eda, Ingenier\u00eda &amp; Matem\u00e1ticas | Stem.uy"},"image":{"@id":"https:\/\/stem.uy\/#\/schema\/logo\/image\/"}}]}},"jetpack_sharing_enabled":true,"_links":{"self":[{"href":"https:\/\/stem.uy\/index.php\/wp-json\/wp\/v2\/product\/377","targetHints":{"allow":["GET"]}}],"collection":[{"href":"https:\/\/stem.uy\/index.php\/wp-json\/wp\/v2\/product"}],"about":[{"href":"https:\/\/stem.uy\/index.php\/wp-json\/wp\/v2\/types\/product"}],"replies":[{"embeddable":true,"href":"https:\/\/stem.uy\/index.php\/wp-json\/wp\/v2\/comments?post=377"}],"wp:featuredmedia":[{"embeddable":true,"href":"https:\/\/stem.uy\/index.php\/wp-json\/wp\/v2\/media\/378"}],"wp:attachment":[{"href":"https:\/\/stem.uy\/index.php\/wp-json\/wp\/v2\/media?parent=377"}],"wp:term":[{"taxonomy":"product_cat","embeddable":true,"href":"https:\/\/stem.uy\/index.php\/wp-json\/wp\/v2\/product_cat?post=377"},{"taxonomy":"product_tag","embeddable":true,"href":"https:\/\/stem.uy\/index.php\/wp-json\/wp\/v2\/product_tag?post=377"}],"curies":[{"name":"wp","href":"https:\/\/api.w.org\/{rel}","templated":true}]}}