{"id":529,"date":"2020-01-12T04:19:52","date_gmt":"2020-01-12T04:19:52","guid":{"rendered":"https:\/\/stem.uy\/?post_type=product&#038;p=529"},"modified":"2024-06-27T16:09:26","modified_gmt":"2024-06-27T19:09:26","slug":"physics-i-2-0","status":"publish","type":"product","link":"https:\/\/stem.uy\/index.php\/product\/physics-i-2-0\/","title":{"rendered":"Physics I (2.0)"},"content":{"rendered":"<p><strong>F\u00edsica I 2.0 <\/strong><\/p>\n<p><strong>\u00a1Introducci\u00f3n a la f\u00edsica! <\/strong><\/p>\n<p>Art.-No. 538424<\/p>\n<p>Principales caracter\u00edsticas:<\/p>\n<ul>\n<li>7 modelos<\/li>\n<li>780 piezas<\/li>\n<li>Educaci\u00f3n Primaria, Educaci\u00f3n Secundaria<\/li>\n<\/ul>\n<p>&nbsp;<\/p>\n<p>Descripci\u00f3n de producto<\/p>\n<p>Por medio de los modelos did\u00e1cticos experimentales de este juego de construcci\u00f3n del \u00e1mbito de la f\u00edsica se pueden explicar de manera \u00f3ptima los efectos de los fen\u00f3menos f\u00edsicos (aceleraci\u00f3n, inercia, equilibrio de fuerzas, ley de la conservaci\u00f3n de la energ\u00eda, ley fundamental de la din\u00e1mica, leyes del movimiento). Cada uno de los efectos f\u00edsicos se expone a trav\u00e9s de distintas pruebas y se ilustra para una f\u00e1cil comprensi\u00f3n. \u00a1De repente, la f\u00edsica en el aula es divertida! Physics I 2.0 se emplea tanto en clases guiadas como libres.<\/p>\n<h3>Un material did\u00e1ctico adicional:<\/h3>\n<p>El material did\u00e1ctico innovador de fischertechnik le ayuda a transmitir los conocimientos t\u00e9cnicos de forma pr\u00e1ctica y acercar los saberes a sus alumnos, estudiantes o aprendices. El cuaderno did\u00e1ctico adjunto con material did\u00e1ctico y de ense\u00f1anza ofrece modelos y tareas para la preparaci\u00f3n r\u00e1pida de lecciones y contiene problemas y su soluci\u00f3n, folletos y plantillas de copia. Los materiales para la clase pueden consultarse y descargarse de forma gratuita en el portal de eLearning.<\/p>\n<h3>Composici\u00f3n del producto:<\/h3>\n<p>Las 780 piezas de fischertechnik est\u00e1n dispuestas de manera ordenada y clara en dos compartimentos. Las piezas y las claras instrucciones de construcci\u00f3n para 7 modelos de diferentes niveles de dificultad se entregan en una caja de almacenamiento resistente.<\/p>\n<p>Ejes centrales de la clase:<\/p>\n<ul>\n<li>Fuerza centr\u00edfuga<\/li>\n<li>Gravedad<\/li>\n<li>Aceleraci\u00f3n<\/li>\n<li>Conservaci\u00f3n de la energ\u00eda<\/li>\n<li>Impulso<\/li>\n<\/ul>\n<p>&nbsp;<\/p>\n<p>Objetivos de aprendizaje m\u00e1s importantes:<\/p>\n<p>&nbsp;<\/p>\n<ul>\n<li>Descubrir la f\u00edsica jugando<\/li>\n<li>Comprender principios fundamentales, como la fuerza centr\u00edfuga, la gravedad, la aceleraci\u00f3n, la conservaci\u00f3n de la energ\u00eda y el impulso<\/li>\n<li>Descubrir fen\u00f3menos f\u00edsicos importantes, como la inercia de masas, construyendo modelos experimentales<\/li>\n<li>Explorar, experimentar y comprender jugando los numerosos aspectos de la mec\u00e1nica newtoniana<\/li>\n<li>Profundizar y practicar el trabajo por proyectos y en grupo<\/li>\n<\/ul>\n<p>&nbsp;<\/p>\n<h3>El Education Set incluye lo siguiente:<\/h3>\n<ul>\n<li>Motor XS<\/li>\n<li>4 carriles flexibles de alta velocidad<\/li>\n<li>4 curvas de 90\u00b0<\/li>\n<li>3 curvas de 180\u00b0<\/li>\n<li>8 bolas<\/li>\n<li>8 carriles flexibles 90<\/li>\n<li>17 carriles flexibles 180<\/li>\n<li>Desv\u00edo alternado<\/li>\n<li>Tolva centr\u00edfuga<\/li>\n<li>Soporte para pila de 9 V<\/li>\n<\/ul>\n","protected":false},"excerpt":{"rendered":"<p>https:\/\/youtu.be\/z0x5L_rExVw<\/p>\n<p>&nbsp;<\/p>\n","protected":false},"featured_media":530,"comment_status":"open","ping_status":"closed","template":"","meta":[],"product_cat":[21],"product_tag":[],"class_list":["post-529","product","type-product","status-publish","has-post-thumbnail","hentry","product_cat-stem-kits"],"yoast_head":"<!-- This site is optimized with the Yoast SEO plugin v24.9 - https:\/\/yoast.com\/wordpress\/plugins\/seo\/ -->\n<title>Physics I (2.0) - Ciencia, Tecnolog\u00eda, Ingenier\u00eda &amp; Matem\u00e1ticas | Stem.uy<\/title>\n<meta name=\"robots\" content=\"index, follow, max-snippet:-1, max-image-preview:large, max-video-preview:-1\" \/>\n<link rel=\"canonical\" href=\"https:\/\/stem.uy\/index.php\/product\/physics-i-2-0\/\" \/>\n<meta property=\"og:locale\" content=\"es_ES\" \/>\n<meta property=\"og:type\" content=\"article\" \/>\n<meta property=\"og:title\" content=\"Physics I (2.0) - Ciencia, Tecnolog\u00eda, Ingenier\u00eda &amp; Matem\u00e1ticas | Stem.uy\" \/>\n<meta property=\"og:description\" content=\"https:\/\/youtu.be\/z0x5L_rExVw  &nbsp;\" \/>\n<meta property=\"og:url\" content=\"https:\/\/stem.uy\/index.php\/product\/physics-i-2-0\/\" \/>\n<meta property=\"og:site_name\" content=\"Ciencia, Tecnolog\u00eda, Ingenier\u00eda &amp; Matem\u00e1ticas | Stem.uy\" \/>\n<meta property=\"article:modified_time\" content=\"2024-06-27T19:09:26+00:00\" \/>\n<meta property=\"og:image\" content=\"https:\/\/stem.uy\/wp-content\/uploads\/2020\/01\/536621_Dynamic_L2_Kugelbahn_Versuchsmodell_1.jpg\" \/>\n\t<meta property=\"og:image:width\" content=\"800\" \/>\n\t<meta property=\"og:image:height\" content=\"600\" \/>\n\t<meta property=\"og:image:type\" content=\"image\/jpeg\" \/>\n<meta name=\"twitter:card\" content=\"summary_large_image\" \/>\n<meta name=\"twitter:label1\" content=\"Est. reading time\" \/>\n\t<meta name=\"twitter:data1\" content=\"2 minutos\" \/>\n<script type=\"application\/ld+json\" class=\"yoast-schema-graph\">{\"@context\":\"https:\/\/schema.org\",\"@graph\":[{\"@type\":\"WebPage\",\"@id\":\"https:\/\/stem.uy\/index.php\/product\/physics-i-2-0\/\",\"url\":\"https:\/\/stem.uy\/index.php\/product\/physics-i-2-0\/\",\"name\":\"Physics I (2.0) - Ciencia, Tecnolog\u00eda, Ingenier\u00eda &amp; Matem\u00e1ticas | Stem.uy\",\"isPartOf\":{\"@id\":\"https:\/\/stem.uy\/#website\"},\"primaryImageOfPage\":{\"@id\":\"https:\/\/stem.uy\/index.php\/product\/physics-i-2-0\/#primaryimage\"},\"image\":{\"@id\":\"https:\/\/stem.uy\/index.php\/product\/physics-i-2-0\/#primaryimage\"},\"thumbnailUrl\":\"https:\/\/stem.uy\/wp-content\/uploads\/2020\/01\/536621_Dynamic_L2_Kugelbahn_Versuchsmodell_1.jpg\",\"datePublished\":\"2020-01-12T04:19:52+00:00\",\"dateModified\":\"2024-06-27T19:09:26+00:00\",\"breadcrumb\":{\"@id\":\"https:\/\/stem.uy\/index.php\/product\/physics-i-2-0\/#breadcrumb\"},\"inLanguage\":\"es-UY\",\"potentialAction\":[{\"@type\":\"ReadAction\",\"target\":[\"https:\/\/stem.uy\/index.php\/product\/physics-i-2-0\/\"]}]},{\"@type\":\"ImageObject\",\"inLanguage\":\"es-UY\",\"@id\":\"https:\/\/stem.uy\/index.php\/product\/physics-i-2-0\/#primaryimage\",\"url\":\"https:\/\/stem.uy\/wp-content\/uploads\/2020\/01\/536621_Dynamic_L2_Kugelbahn_Versuchsmodell_1.jpg\",\"contentUrl\":\"https:\/\/stem.uy\/wp-content\/uploads\/2020\/01\/536621_Dynamic_L2_Kugelbahn_Versuchsmodell_1.jpg\",\"width\":800,\"height\":600},{\"@type\":\"BreadcrumbList\",\"@id\":\"https:\/\/stem.uy\/index.php\/product\/physics-i-2-0\/#breadcrumb\",\"itemListElement\":[{\"@type\":\"ListItem\",\"position\":1,\"name\":\"Home\",\"item\":\"https:\/\/stem.uy\/\"},{\"@type\":\"ListItem\",\"position\":2,\"name\":\"Inicio\",\"item\":\"https:\/\/stem.uy\/\"},{\"@type\":\"ListItem\",\"position\":3,\"name\":\"Physics I (2.0)\"}]},{\"@type\":\"WebSite\",\"@id\":\"https:\/\/stem.uy\/#website\",\"url\":\"https:\/\/stem.uy\/\",\"name\":\"Ciencia, Tecnolog\u00eda, Ingenier\u00eda &amp; Matem\u00e1ticas | Stem.uy\",\"description\":\"\",\"publisher\":{\"@id\":\"https:\/\/stem.uy\/#organization\"},\"potentialAction\":[{\"@type\":\"SearchAction\",\"target\":{\"@type\":\"EntryPoint\",\"urlTemplate\":\"https:\/\/stem.uy\/?s={search_term_string}\"},\"query-input\":{\"@type\":\"PropertyValueSpecification\",\"valueRequired\":true,\"valueName\":\"search_term_string\"}}],\"inLanguage\":\"es-UY\"},{\"@type\":\"Organization\",\"@id\":\"https:\/\/stem.uy\/#organization\",\"name\":\"Ciencia, Tecnolog\u00eda, Ingenier\u00eda &amp; Matem\u00e1ticas | Stem.uy\",\"url\":\"https:\/\/stem.uy\/\",\"logo\":{\"@type\":\"ImageObject\",\"inLanguage\":\"es-UY\",\"@id\":\"https:\/\/stem.uy\/#\/schema\/logo\/image\/\",\"url\":\"https:\/\/stem.uy\/wp-content\/uploads\/2019\/12\/stem-logo.png\",\"contentUrl\":\"https:\/\/stem.uy\/wp-content\/uploads\/2019\/12\/stem-logo.png\",\"width\":320,\"height\":201,\"caption\":\"Ciencia, Tecnolog\u00eda, Ingenier\u00eda &amp; Matem\u00e1ticas | Stem.uy\"},\"image\":{\"@id\":\"https:\/\/stem.uy\/#\/schema\/logo\/image\/\"}}]}<\/script>\n<!-- \/ Yoast SEO plugin. -->","yoast_head_json":{"title":"Physics I (2.0) - Ciencia, Tecnolog\u00eda, Ingenier\u00eda &amp; Matem\u00e1ticas | Stem.uy","robots":{"index":"index","follow":"follow","max-snippet":"max-snippet:-1","max-image-preview":"max-image-preview:large","max-video-preview":"max-video-preview:-1"},"canonical":"https:\/\/stem.uy\/index.php\/product\/physics-i-2-0\/","og_locale":"es_ES","og_type":"article","og_title":"Physics I (2.0) - Ciencia, Tecnolog\u00eda, Ingenier\u00eda &amp; Matem\u00e1ticas | Stem.uy","og_description":"https:\/\/youtu.be\/z0x5L_rExVw  &nbsp;","og_url":"https:\/\/stem.uy\/index.php\/product\/physics-i-2-0\/","og_site_name":"Ciencia, Tecnolog\u00eda, Ingenier\u00eda &amp; Matem\u00e1ticas | Stem.uy","article_modified_time":"2024-06-27T19:09:26+00:00","og_image":[{"width":800,"height":600,"url":"https:\/\/stem.uy\/wp-content\/uploads\/2020\/01\/536621_Dynamic_L2_Kugelbahn_Versuchsmodell_1.jpg","type":"image\/jpeg"}],"twitter_card":"summary_large_image","twitter_misc":{"Est. reading time":"2 minutos"},"schema":{"@context":"https:\/\/schema.org","@graph":[{"@type":"WebPage","@id":"https:\/\/stem.uy\/index.php\/product\/physics-i-2-0\/","url":"https:\/\/stem.uy\/index.php\/product\/physics-i-2-0\/","name":"Physics I (2.0) - Ciencia, Tecnolog\u00eda, Ingenier\u00eda &amp; Matem\u00e1ticas | Stem.uy","isPartOf":{"@id":"https:\/\/stem.uy\/#website"},"primaryImageOfPage":{"@id":"https:\/\/stem.uy\/index.php\/product\/physics-i-2-0\/#primaryimage"},"image":{"@id":"https:\/\/stem.uy\/index.php\/product\/physics-i-2-0\/#primaryimage"},"thumbnailUrl":"https:\/\/stem.uy\/wp-content\/uploads\/2020\/01\/536621_Dynamic_L2_Kugelbahn_Versuchsmodell_1.jpg","datePublished":"2020-01-12T04:19:52+00:00","dateModified":"2024-06-27T19:09:26+00:00","breadcrumb":{"@id":"https:\/\/stem.uy\/index.php\/product\/physics-i-2-0\/#breadcrumb"},"inLanguage":"es-UY","potentialAction":[{"@type":"ReadAction","target":["https:\/\/stem.uy\/index.php\/product\/physics-i-2-0\/"]}]},{"@type":"ImageObject","inLanguage":"es-UY","@id":"https:\/\/stem.uy\/index.php\/product\/physics-i-2-0\/#primaryimage","url":"https:\/\/stem.uy\/wp-content\/uploads\/2020\/01\/536621_Dynamic_L2_Kugelbahn_Versuchsmodell_1.jpg","contentUrl":"https:\/\/stem.uy\/wp-content\/uploads\/2020\/01\/536621_Dynamic_L2_Kugelbahn_Versuchsmodell_1.jpg","width":800,"height":600},{"@type":"BreadcrumbList","@id":"https:\/\/stem.uy\/index.php\/product\/physics-i-2-0\/#breadcrumb","itemListElement":[{"@type":"ListItem","position":1,"name":"Home","item":"https:\/\/stem.uy\/"},{"@type":"ListItem","position":2,"name":"Inicio","item":"https:\/\/stem.uy\/"},{"@type":"ListItem","position":3,"name":"Physics I (2.0)"}]},{"@type":"WebSite","@id":"https:\/\/stem.uy\/#website","url":"https:\/\/stem.uy\/","name":"Ciencia, Tecnolog\u00eda, Ingenier\u00eda &amp; Matem\u00e1ticas | Stem.uy","description":"","publisher":{"@id":"https:\/\/stem.uy\/#organization"},"potentialAction":[{"@type":"SearchAction","target":{"@type":"EntryPoint","urlTemplate":"https:\/\/stem.uy\/?s={search_term_string}"},"query-input":{"@type":"PropertyValueSpecification","valueRequired":true,"valueName":"search_term_string"}}],"inLanguage":"es-UY"},{"@type":"Organization","@id":"https:\/\/stem.uy\/#organization","name":"Ciencia, Tecnolog\u00eda, Ingenier\u00eda &amp; Matem\u00e1ticas | Stem.uy","url":"https:\/\/stem.uy\/","logo":{"@type":"ImageObject","inLanguage":"es-UY","@id":"https:\/\/stem.uy\/#\/schema\/logo\/image\/","url":"https:\/\/stem.uy\/wp-content\/uploads\/2019\/12\/stem-logo.png","contentUrl":"https:\/\/stem.uy\/wp-content\/uploads\/2019\/12\/stem-logo.png","width":320,"height":201,"caption":"Ciencia, Tecnolog\u00eda, Ingenier\u00eda &amp; Matem\u00e1ticas | Stem.uy"},"image":{"@id":"https:\/\/stem.uy\/#\/schema\/logo\/image\/"}}]}},"jetpack_sharing_enabled":true,"_links":{"self":[{"href":"https:\/\/stem.uy\/index.php\/wp-json\/wp\/v2\/product\/529","targetHints":{"allow":["GET"]}}],"collection":[{"href":"https:\/\/stem.uy\/index.php\/wp-json\/wp\/v2\/product"}],"about":[{"href":"https:\/\/stem.uy\/index.php\/wp-json\/wp\/v2\/types\/product"}],"replies":[{"embeddable":true,"href":"https:\/\/stem.uy\/index.php\/wp-json\/wp\/v2\/comments?post=529"}],"wp:featuredmedia":[{"embeddable":true,"href":"https:\/\/stem.uy\/index.php\/wp-json\/wp\/v2\/media\/530"}],"wp:attachment":[{"href":"https:\/\/stem.uy\/index.php\/wp-json\/wp\/v2\/media?parent=529"}],"wp:term":[{"taxonomy":"product_cat","embeddable":true,"href":"https:\/\/stem.uy\/index.php\/wp-json\/wp\/v2\/product_cat?post=529"},{"taxonomy":"product_tag","embeddable":true,"href":"https:\/\/stem.uy\/index.php\/wp-json\/wp\/v2\/product_tag?post=529"}],"curies":[{"name":"wp","href":"https:\/\/api.w.org\/{rel}","templated":true}]}}