{"id":585,"date":"2020-01-12T05:26:33","date_gmt":"2020-01-12T05:26:33","guid":{"rendered":"https:\/\/stem.uy\/?post_type=product&#038;p=585"},"modified":"2020-04-11T22:38:43","modified_gmt":"2020-04-11T22:38:43","slug":"robotics-advanced","status":"publish","type":"product","link":"https:\/\/stem.uy\/index.php\/product\/robotics-advanced\/","title":{"rendered":"Robotics Advanced"},"content":{"rendered":"<p><strong>533018 ROBOTICA AVANZADA (Robotics Advanced)<\/strong><\/p>\n<p>Set de clase <strong>profesional y completo <\/strong>relacionado con la rob\u00f3tica para<strong> escuelas secundarias, escuelas superiores, escuelas profesionales, universidades y para la formaci\u00f3n profesional y continua<\/strong>. El set ROBOTICS con m\u00e1s de 300 componentes ofrece todo aquello exigido y requerido en el espectro de la ense\u00f1anza: desde modelos sencillos hasta complejos robots m\u00f3viles con integraci\u00f3n de c\u00e1mara.<\/p>\n<p>&nbsp;<\/p>\n<p>Incluye el potente<strong>\u00a0TXT Controller<\/strong>, el software de programaci\u00f3n <strong>ROBO Pro<\/strong> para controlar modelos de robots m\u00f3viles y fijos, la c\u00e1mara para transferir las im\u00e1genes por <strong>USB o WiFi<\/strong>, la detecci\u00f3n de colores, seguimiento de l\u00edneas y detecci\u00f3n de movimiento. <strong>Instala el software ROBO Pro del CD<\/strong> que se incluye con el m\u00f3dulo y tendr\u00e1s acceso a toda la informaci\u00f3n complementaria y a los enlaces a otros documentos, archivos de ayuda, v\u00eddeos &#8230; y adem\u00e1s tambi\u00e9n tienes ayuda en<a href=\"http:\/\/www.fischertechnik-elearning.com\">\u00a0eLearning portal<\/a><\/p>\n<p>La avanzada <strong>controladora TXT<\/strong> cuenta con diversas caracter\u00edsticas muy potentes y exclusivas:<\/p>\n<ul>\n<li>Procesador Dual ARM Cortex A8 (32bit\/600MHz) + Cortex M3,<\/li>\n<li>pantalla t\u00e1ctil a color de 2,4\u201d,<\/li>\n<li>m\u00f3dulo combinado W-LAN\/Bluetooth,<\/li>\n<li>slot de tarjetas Micro SD para ampliar la memoria,<\/li>\n<li>diodo receptor IR,<\/li>\n<li>altavoz integrado,<\/li>\n<li>4 salidas de motor,<\/li>\n<li>8 entradas y salidas digitales y anal\u00f3gicas respectivamente para sensores<\/li>\n<li>y 4 entradas de conteo r\u00e1pidas.<\/li>\n<\/ul>\n<p><strong>Objetivos de aprendizaje:<\/strong><\/p>\n<ul>\n<li>Aprender rob\u00f3tica \u00a0de manera profesional<\/li>\n<li>Entender los principios de la medici\u00f3n, control, regulaci\u00f3n y la programaci\u00f3n<\/li>\n<li>Experimentar la interacci\u00f3n de la controladora de alta tecnolog\u00eda TXT y el software ROBO Pro<\/li>\n<li>Comprender como la c\u00e1mara USB, diferentes actuadores y sensores funcionan<\/li>\n<li>Profundizar y practicar un proyecto en grupo y trabajar en equipo<\/li>\n<\/ul>\n<p>&nbsp;<\/p>\n<p><strong>Guia did\u00e1ctica:<\/strong><\/p>\n<p><strong>Incluye:<\/strong><\/p>\n<ul>\n<li><u>Controlador ROBOTICS TXT<\/u><\/li>\n<li><u>Software ROBO Pro<\/u> con material did\u00e1ctico en formato digital<\/li>\n<li>1 x C\u00e1mara USB de 1 MP<\/li>\n<li>2 x motores con codificador (encoder)<\/li>\n<li><\/li>\n<li>1 x motores XS<\/li>\n<li>2 x pulsadores<\/li>\n<li>2 x LEDs<\/li>\n<li>1 x fototransistor<\/li>\n<li>1 x NTC resistor<\/li>\n<li>310 piezas<\/li>\n<\/ul>\n<p><strong>Necesitar\u00e1s:<\/strong><\/p>\n<ul>\n<li>Fuente de alimentaci\u00f3n (recomendamos <u>ACCU SET<\/u>)<\/li>\n<\/ul>\n<p><strong>Otros datos:<\/strong><\/p>\n<ul>\n<li>Medida de la caja: <strong>44&#215;31,5&#215;15 cm<\/strong><\/li>\n<li>Modelos: <strong>14<\/strong><\/li>\n<li>Peso: <strong>3,050kg<\/strong><\/li>\n<li>Prerequisitos de software:<strong>\u00a0Windows 7,8 o 10<\/strong><\/li>\n<\/ul>\n<p><strong>Enlace a datos t\u00e9cnicos de:<\/strong><\/p>\n<ul>\n<li><a href=\"https:\/\/content.ugfischer.com\/cbfiles\/fischer\/Zulassungen\/ft\/152522-USB-Camera.pdf\">C\u00e1mara USB<\/a><\/li>\n<li><a href=\"https:\/\/content.ugfischer.com\/cbfiles\/fischer\/Zulassungen\/ft\/153422-Encodermotor9V.pdf\">Motor Encoder<\/a><\/li>\n<li><a href=\"https:\/\/content.ugfischer.com\/cbfiles\/fischer\/Zulassungen\/ft\/153422-Encodermotor9V.pdf\">Pulsador<\/a><\/li>\n<li><a href=\"https:\/\/content.ugfischer.com\/cbfiles\/fischer\/Zulassungen\/ft\/153422-Encodermotor9V.pdf\">Fototransistor<\/a><\/li>\n<li><a href=\"https:\/\/content.ugfischer.com\/cbfiles\/fischer\/Zulassungen\/ft\/36437-NTC-resistor.pdf\">Resistencia NTC<\/a><\/li>\n<\/ul>\n<p>&nbsp;<\/p>\n","protected":false},"excerpt":{"rendered":"<p>https:\/\/youtu.be\/Bwz9sDOE8J8<\/p>\n<p>https:\/\/youtu.be\/9ESg4O0-QAs<\/p>\n<p>&nbsp;<\/p>\n","protected":false},"featured_media":586,"comment_status":"open","ping_status":"closed","template":"","meta":[],"product_cat":[27],"product_tag":[39,48,31,42,30,41,38,46,33,36,43,54,32,53,51,35,50,45,28,40,44,37,52,29,47],"class_list":["post-585","product","type-product","status-publish","has-post-thumbnail","hentry","product_cat-robotics-kits","product_tag-actuadores","product_tag-arduino","product_tag-bachillerato","product_tag-ceibal","product_tag-competicion","product_tag-diagramas","product_tag-encoders","product_tag-ensenanza","product_tag-fischertechnik","product_tag-germany","product_tag-ibirapita","product_tag-industria-4-0","product_tag-ingenieria","product_tag-iot","product_tag-lego","product_tag-meccano","product_tag-microbit","product_tag-primaria","product_tag-robotica","product_tag-scratch","product_tag-secundaria","product_tag-sensores","product_tag-simulacion","product_tag-stem","product_tag-tecnica"],"yoast_head":"<!-- This site is optimized with the Yoast SEO plugin v24.9 - https:\/\/yoast.com\/wordpress\/plugins\/seo\/ -->\n<title>Robotics Advanced - Ciencia, Tecnolog\u00eda, Ingenier\u00eda &amp; Matem\u00e1ticas | Stem.uy<\/title>\n<meta name=\"robots\" content=\"index, follow, max-snippet:-1, max-image-preview:large, max-video-preview:-1\" \/>\n<link rel=\"canonical\" href=\"https:\/\/stem.uy\/index.php\/product\/robotics-advanced\/\" \/>\n<meta property=\"og:locale\" content=\"es_ES\" \/>\n<meta property=\"og:type\" content=\"article\" \/>\n<meta property=\"og:title\" content=\"Robotics Advanced - Ciencia, Tecnolog\u00eda, Ingenier\u00eda &amp; Matem\u00e1ticas | Stem.uy\" \/>\n<meta property=\"og:description\" content=\"https:\/\/youtu.be\/Bwz9sDOE8J8  https:\/\/youtu.be\/9ESg4O0-QAs  &nbsp;\" \/>\n<meta property=\"og:url\" content=\"https:\/\/stem.uy\/index.php\/product\/robotics-advanced\/\" \/>\n<meta property=\"og:site_name\" content=\"Ciencia, Tecnolog\u00eda, Ingenier\u00eda &amp; Matem\u00e1ticas | Stem.uy\" \/>\n<meta property=\"article:modified_time\" content=\"2020-04-11T22:38:43+00:00\" \/>\n<meta property=\"og:image\" content=\"https:\/\/stem.uy\/wp-content\/uploads\/2020\/01\/533018_Robotics_TXT_Advanced_Verpackung.jpg\" \/>\n\t<meta property=\"og:image:width\" content=\"800\" \/>\n\t<meta property=\"og:image:height\" content=\"600\" \/>\n\t<meta property=\"og:image:type\" content=\"image\/jpeg\" \/>\n<meta name=\"twitter:card\" content=\"summary_large_image\" \/>\n<meta name=\"twitter:label1\" content=\"Est. reading time\" \/>\n\t<meta name=\"twitter:data1\" content=\"2 minutos\" \/>\n<script type=\"application\/ld+json\" class=\"yoast-schema-graph\">{\"@context\":\"https:\/\/schema.org\",\"@graph\":[{\"@type\":\"WebPage\",\"@id\":\"https:\/\/stem.uy\/index.php\/product\/robotics-advanced\/\",\"url\":\"https:\/\/stem.uy\/index.php\/product\/robotics-advanced\/\",\"name\":\"Robotics Advanced - Ciencia, Tecnolog\u00eda, Ingenier\u00eda &amp; Matem\u00e1ticas | Stem.uy\",\"isPartOf\":{\"@id\":\"https:\/\/stem.uy\/#website\"},\"primaryImageOfPage\":{\"@id\":\"https:\/\/stem.uy\/index.php\/product\/robotics-advanced\/#primaryimage\"},\"image\":{\"@id\":\"https:\/\/stem.uy\/index.php\/product\/robotics-advanced\/#primaryimage\"},\"thumbnailUrl\":\"https:\/\/stem.uy\/wp-content\/uploads\/2020\/01\/533018_Robotics_TXT_Advanced_Verpackung.jpg\",\"datePublished\":\"2020-01-12T05:26:33+00:00\",\"dateModified\":\"2020-04-11T22:38:43+00:00\",\"breadcrumb\":{\"@id\":\"https:\/\/stem.uy\/index.php\/product\/robotics-advanced\/#breadcrumb\"},\"inLanguage\":\"es-UY\",\"potentialAction\":[{\"@type\":\"ReadAction\",\"target\":[\"https:\/\/stem.uy\/index.php\/product\/robotics-advanced\/\"]}]},{\"@type\":\"ImageObject\",\"inLanguage\":\"es-UY\",\"@id\":\"https:\/\/stem.uy\/index.php\/product\/robotics-advanced\/#primaryimage\",\"url\":\"https:\/\/stem.uy\/wp-content\/uploads\/2020\/01\/533018_Robotics_TXT_Advanced_Verpackung.jpg\",\"contentUrl\":\"https:\/\/stem.uy\/wp-content\/uploads\/2020\/01\/533018_Robotics_TXT_Advanced_Verpackung.jpg\",\"width\":800,\"height\":600},{\"@type\":\"BreadcrumbList\",\"@id\":\"https:\/\/stem.uy\/index.php\/product\/robotics-advanced\/#breadcrumb\",\"itemListElement\":[{\"@type\":\"ListItem\",\"position\":1,\"name\":\"Home\",\"item\":\"https:\/\/stem.uy\/\"},{\"@type\":\"ListItem\",\"position\":2,\"name\":\"Inicio\",\"item\":\"https:\/\/stem.uy\/\"},{\"@type\":\"ListItem\",\"position\":3,\"name\":\"Robotics Advanced\"}]},{\"@type\":\"WebSite\",\"@id\":\"https:\/\/stem.uy\/#website\",\"url\":\"https:\/\/stem.uy\/\",\"name\":\"Ciencia, Tecnolog\u00eda, Ingenier\u00eda &amp; Matem\u00e1ticas | Stem.uy\",\"description\":\"\",\"publisher\":{\"@id\":\"https:\/\/stem.uy\/#organization\"},\"potentialAction\":[{\"@type\":\"SearchAction\",\"target\":{\"@type\":\"EntryPoint\",\"urlTemplate\":\"https:\/\/stem.uy\/?s={search_term_string}\"},\"query-input\":{\"@type\":\"PropertyValueSpecification\",\"valueRequired\":true,\"valueName\":\"search_term_string\"}}],\"inLanguage\":\"es-UY\"},{\"@type\":\"Organization\",\"@id\":\"https:\/\/stem.uy\/#organization\",\"name\":\"Ciencia, Tecnolog\u00eda, Ingenier\u00eda &amp; Matem\u00e1ticas | Stem.uy\",\"url\":\"https:\/\/stem.uy\/\",\"logo\":{\"@type\":\"ImageObject\",\"inLanguage\":\"es-UY\",\"@id\":\"https:\/\/stem.uy\/#\/schema\/logo\/image\/\",\"url\":\"https:\/\/stem.uy\/wp-content\/uploads\/2019\/12\/stem-logo.png\",\"contentUrl\":\"https:\/\/stem.uy\/wp-content\/uploads\/2019\/12\/stem-logo.png\",\"width\":320,\"height\":201,\"caption\":\"Ciencia, Tecnolog\u00eda, Ingenier\u00eda &amp; Matem\u00e1ticas | Stem.uy\"},\"image\":{\"@id\":\"https:\/\/stem.uy\/#\/schema\/logo\/image\/\"}}]}<\/script>\n<!-- \/ Yoast SEO plugin. -->","yoast_head_json":{"title":"Robotics Advanced - Ciencia, Tecnolog\u00eda, Ingenier\u00eda &amp; Matem\u00e1ticas | Stem.uy","robots":{"index":"index","follow":"follow","max-snippet":"max-snippet:-1","max-image-preview":"max-image-preview:large","max-video-preview":"max-video-preview:-1"},"canonical":"https:\/\/stem.uy\/index.php\/product\/robotics-advanced\/","og_locale":"es_ES","og_type":"article","og_title":"Robotics Advanced - Ciencia, Tecnolog\u00eda, Ingenier\u00eda &amp; Matem\u00e1ticas | Stem.uy","og_description":"https:\/\/youtu.be\/Bwz9sDOE8J8  https:\/\/youtu.be\/9ESg4O0-QAs  &nbsp;","og_url":"https:\/\/stem.uy\/index.php\/product\/robotics-advanced\/","og_site_name":"Ciencia, Tecnolog\u00eda, Ingenier\u00eda &amp; Matem\u00e1ticas | Stem.uy","article_modified_time":"2020-04-11T22:38:43+00:00","og_image":[{"width":800,"height":600,"url":"https:\/\/stem.uy\/wp-content\/uploads\/2020\/01\/533018_Robotics_TXT_Advanced_Verpackung.jpg","type":"image\/jpeg"}],"twitter_card":"summary_large_image","twitter_misc":{"Est. reading time":"2 minutos"},"schema":{"@context":"https:\/\/schema.org","@graph":[{"@type":"WebPage","@id":"https:\/\/stem.uy\/index.php\/product\/robotics-advanced\/","url":"https:\/\/stem.uy\/index.php\/product\/robotics-advanced\/","name":"Robotics Advanced - Ciencia, Tecnolog\u00eda, Ingenier\u00eda &amp; Matem\u00e1ticas | Stem.uy","isPartOf":{"@id":"https:\/\/stem.uy\/#website"},"primaryImageOfPage":{"@id":"https:\/\/stem.uy\/index.php\/product\/robotics-advanced\/#primaryimage"},"image":{"@id":"https:\/\/stem.uy\/index.php\/product\/robotics-advanced\/#primaryimage"},"thumbnailUrl":"https:\/\/stem.uy\/wp-content\/uploads\/2020\/01\/533018_Robotics_TXT_Advanced_Verpackung.jpg","datePublished":"2020-01-12T05:26:33+00:00","dateModified":"2020-04-11T22:38:43+00:00","breadcrumb":{"@id":"https:\/\/stem.uy\/index.php\/product\/robotics-advanced\/#breadcrumb"},"inLanguage":"es-UY","potentialAction":[{"@type":"ReadAction","target":["https:\/\/stem.uy\/index.php\/product\/robotics-advanced\/"]}]},{"@type":"ImageObject","inLanguage":"es-UY","@id":"https:\/\/stem.uy\/index.php\/product\/robotics-advanced\/#primaryimage","url":"https:\/\/stem.uy\/wp-content\/uploads\/2020\/01\/533018_Robotics_TXT_Advanced_Verpackung.jpg","contentUrl":"https:\/\/stem.uy\/wp-content\/uploads\/2020\/01\/533018_Robotics_TXT_Advanced_Verpackung.jpg","width":800,"height":600},{"@type":"BreadcrumbList","@id":"https:\/\/stem.uy\/index.php\/product\/robotics-advanced\/#breadcrumb","itemListElement":[{"@type":"ListItem","position":1,"name":"Home","item":"https:\/\/stem.uy\/"},{"@type":"ListItem","position":2,"name":"Inicio","item":"https:\/\/stem.uy\/"},{"@type":"ListItem","position":3,"name":"Robotics Advanced"}]},{"@type":"WebSite","@id":"https:\/\/stem.uy\/#website","url":"https:\/\/stem.uy\/","name":"Ciencia, Tecnolog\u00eda, Ingenier\u00eda &amp; Matem\u00e1ticas | Stem.uy","description":"","publisher":{"@id":"https:\/\/stem.uy\/#organization"},"potentialAction":[{"@type":"SearchAction","target":{"@type":"EntryPoint","urlTemplate":"https:\/\/stem.uy\/?s={search_term_string}"},"query-input":{"@type":"PropertyValueSpecification","valueRequired":true,"valueName":"search_term_string"}}],"inLanguage":"es-UY"},{"@type":"Organization","@id":"https:\/\/stem.uy\/#organization","name":"Ciencia, Tecnolog\u00eda, Ingenier\u00eda &amp; Matem\u00e1ticas | Stem.uy","url":"https:\/\/stem.uy\/","logo":{"@type":"ImageObject","inLanguage":"es-UY","@id":"https:\/\/stem.uy\/#\/schema\/logo\/image\/","url":"https:\/\/stem.uy\/wp-content\/uploads\/2019\/12\/stem-logo.png","contentUrl":"https:\/\/stem.uy\/wp-content\/uploads\/2019\/12\/stem-logo.png","width":320,"height":201,"caption":"Ciencia, Tecnolog\u00eda, Ingenier\u00eda &amp; Matem\u00e1ticas | Stem.uy"},"image":{"@id":"https:\/\/stem.uy\/#\/schema\/logo\/image\/"}}]}},"jetpack_sharing_enabled":true,"_links":{"self":[{"href":"https:\/\/stem.uy\/index.php\/wp-json\/wp\/v2\/product\/585","targetHints":{"allow":["GET"]}}],"collection":[{"href":"https:\/\/stem.uy\/index.php\/wp-json\/wp\/v2\/product"}],"about":[{"href":"https:\/\/stem.uy\/index.php\/wp-json\/wp\/v2\/types\/product"}],"replies":[{"embeddable":true,"href":"https:\/\/stem.uy\/index.php\/wp-json\/wp\/v2\/comments?post=585"}],"wp:featuredmedia":[{"embeddable":true,"href":"https:\/\/stem.uy\/index.php\/wp-json\/wp\/v2\/media\/586"}],"wp:attachment":[{"href":"https:\/\/stem.uy\/index.php\/wp-json\/wp\/v2\/media?parent=585"}],"wp:term":[{"taxonomy":"product_cat","embeddable":true,"href":"https:\/\/stem.uy\/index.php\/wp-json\/wp\/v2\/product_cat?post=585"},{"taxonomy":"product_tag","embeddable":true,"href":"https:\/\/stem.uy\/index.php\/wp-json\/wp\/v2\/product_tag?post=585"}],"curies":[{"name":"wp","href":"https:\/\/api.w.org\/{rel}","templated":true}]}}